{"id":11,"date":"2024-08-26T13:34:44","date_gmt":"2024-08-26T11:34:44","guid":{"rendered":"http:\/\/ariva-test.io.w01f41b5.kasserver.com\/?page_id=11"},"modified":"2026-01-27T13:15:14","modified_gmt":"2026-01-27T12:15:14","slug":"webservices","status":"publish","type":"page","link":"https:\/\/ariva.ag\/sv\/webservices\/","title":{"rendered":"WEB SERVICES"},"content":{"rendered":"\n<div class=\"wp-block-media-text has-media-on-the-right is-stacked-on-mobile\" style=\"margin-bottom:75px\"><div class=\"wp-block-media-text__content\">\n<h1 class=\"wp-block-heading has-text-align-left site-headline has-h-1-font-size\" id=\"h-full-service\" style=\"padding-left:0px\">Full service<\/h1>\n\n\n\n<h2 class=\"wp-block-heading site-input has-h-2-font-size\" id=\"h-for-foretag-som-vill-integrera-finansiella-data-pa-sina-egna-webbplatser-eller-applikationer-erbjuder-vi-full-service-i-webbtjansten-med-hjalp-av-verktyg-och-mjukvarulosningar-ger-vi-den-basta-presentationen-och-analysen-av-finansiell-information\" style=\"padding-left:0px\">F\u00f6r f\u00f6retag som vill integrera finansiella data p\u00e5 sina egna webbplatser eller applikationer erbjuder vi full service i webbtj\u00e4nsten. Med hj\u00e4lp av verktyg och mjukvarul\u00f6sningar ger vi den b\u00e4sta presentationen och analysen av finansiell information.<\/h2>\n\n\n<div class=\"wp-block-buttons invert is-content-justification-center is-layout-flex wp-container-core-buttons-is-layout-b5e9308e wp-block-buttons-is-layout-flex\" style=\"margin-top:0;margin-bottom:var(--wp--preset--spacing--50)\">\n<div class=\"wp-block-button invert\"><a class=\"wp-block-button__link wp-element-button\" href=\"https:\/\/ariva.ag\/sv\/kontakt\/\">KONTAKTA OSS<\/a><\/div>\n<\/div><\/div><figure class=\"wp-block-media-text__media\"><img loading=\"lazy\" decoding=\"async\" width=\"1024\" height=\"683\" src=\"https:\/\/ariva.ag\/wp-content\/uploads\/2025\/07\/header_webservices_2025-1024x683.png\" alt=\"\" class=\"wp-image-8365 size-full\" srcset=\"https:\/\/ariva.ag\/wp-content\/uploads\/2025\/07\/header_webservices_2025-1024x683.png 1024w, https:\/\/ariva.ag\/wp-content\/uploads\/2025\/07\/header_webservices_2025-300x200.png 300w, https:\/\/ariva.ag\/wp-content\/uploads\/2025\/07\/header_webservices_2025-768x512.png 768w, https:\/\/ariva.ag\/wp-content\/uploads\/2025\/07\/header_webservices_2025-1536x1024.png 1536w, https:\/\/ariva.ag\/wp-content\/uploads\/2025\/07\/header_webservices_2025-2048x1366.png 2048w\" sizes=\"auto, (max-width: 1024px) 100vw, 1024px\" \/><\/figure><\/div>\n\n\n\n<h3 class=\"wp-block-heading has-text-align-center text-left-mobile has-foreground-color has-text-color has-link-color has-h-3-font-size wp-elements-2a5e182fb0c78fb6e7c9f86404790841\" id=\"h-redo-for-webb-och-app\">Redo f\u00f6r webb och app<\/h3>\n\n\n\n<p class=\"has-text-align-center\">V\u00e5ra l\u00f6sningar \u00e4r s\u00e4rskilt v\u00e4rdefulla f\u00f6r b\u00f6rser, finansiella tj\u00e4nsteleverant\u00f6rer, medief\u00f6retag, fintech-startups och andra organisationer som erbjuder sina kunder: <strong>Realtime finansiella data<\/strong> utan att beh\u00f6va bygga upp en komplex och kostsam datainfrastruktur. Tack vare v\u00e5r kunskap kan vi f\u00f6rverkliga kompletta webbhotell och en full service p\u00e5 webbtj\u00e4nsten.<\/p>\n\n\n\n<div style=\"height:50px\" aria-hidden=\"true\" class=\"wp-block-spacer\"><\/div>\n\n\n\n<div class=\"wp-block-columns breiter is-layout-flex wp-container-core-columns-is-layout-28f84493 wp-block-columns-is-layout-flex\">\n<div class=\"wp-block-column is-layout-flow wp-block-column-is-layout-flow\">\n<a href=\"https:\/\/ariva.ag\/se\/webservices\/widgets\" class=\"orange-hover\" style=\"display: inline-block; height: 100%\">\n<img decoding=\"async\" src=\"\/wp-content\/uploads\/2025\/04\/icon_webservice_widgets.png\" alt=\"widgets-icon\" style=\"margin: 0 auto; display: block;\">\n\n<h3 class=\"text-left-mobile\" id=\"h-widgets\" style=\"color: #3C4F64; font-weight: bold; text-align: center;\">Widgets<\/h3>\n\n<p style=\"color: #3C4F64; text-align: center\">t.ex. v&auml;rmekarta, top\/flop listor, graphene, ticker och sm&aring; s&ouml;kningar. Med eller utan KPI.<\/p>\n<\/a>\n<\/div>\n\n\n\n<div class=\"wp-block-column is-layout-flow wp-block-column-is-layout-flow\">\n<a href=\"https:\/\/ariva.ag\/se\/webservices\/tools\" class=\"orange-hover\" style=\"display: inline-block; height: 100%\">\n<img decoding=\"async\" src=\"\/wp-content\/uploads\/2025\/04\/icon_webservice_tools.png\" alt=\"tools-icon\" style=\"margin: 0 auto; display: block;\">\n\n<h3 class=\"text-left-mobile\" id=\"h-widgets\" style=\"color: #3C4F64; font-weight: bold; text-align: center;\">Verktyg<\/h3>\n\n<p style=\"color: #3C4F64; text-align: center\">t.ex. prestandakalkylator, diagramanalys, produktfinnare och simuleringsverktyg.<\/p>\n<\/a>\n<\/div>\n\n\n\n<div class=\"wp-block-column is-layout-flow wp-block-column-is-layout-flow\">\n<a href=\"https:\/\/ariva.ag\/se\/webservices\/webhosting\" class=\"orange-hover\" style=\"display: inline-block; height: 100%\">\n<img decoding=\"async\" src=\"\/wp-content\/uploads\/2025\/04\/icon_webservice_websites.png\" alt=\"webhosting-icon\" style=\"margin: 0 auto; display: block;\">\n\n<h3 class=\"text-left-mobile\" id=\"h-widgets\" style=\"color: #3C4F64; font-weight: bold; text-align: center;\">Webhosting<\/h3>\n\n<p style=\"color: #3C4F64; text-align: center\">Vi levererar mjukvarul&ouml;sningar och kompletta hostingerbjudanden f&ouml;r finanssektorn.<\/p>\n<\/a>\n<\/div>\n\n\n\n<div class=\"wp-block-column is-layout-flow wp-block-column-is-layout-flow\">\n<a href=\"https:\/\/ariva.ag\/se\/webservices\/prodo\" class=\"orange-hover\" style=\"display: inline-block; height: 100%\">\n<img decoding=\"async\" src=\"\/wp-content\/uploads\/2025\/04\/icon_webservice_prodo.png\" alt=\"prodo-icon\" style=\"margin: 0 auto; display: block;\">\n\n<h3 class=\"text-left-mobile\" id=\"h-widgets\" style=\"color: #3C4F64; font-weight: bold; text-align: center;\">Prodo<\/h3>\n\n<p style=\"color: #3C4F64; text-align: center\">V&aring;rt SaaS-verktyg visar: anv&auml;ndare: l&auml;mpliga v&auml;rdepapper i den finansiella milj&ouml;n och anpassa dem i realtid.<\/p>\n<\/a>\n<\/div>\n<\/div>\n\n\n\n<div class=\"wp-block-cover alignfull has-parallax full-width mobile-hidden\"><div class=\"wp-block-cover__image-background wp-image-3617 has-parallax\" style=\"background-position:50% 50%;background-image:url(https:\/\/ariva.ag\/wp-content\/uploads\/2025\/01\/Regulatorik_still-edited-1024x675.png)\"><\/div><span aria-hidden=\"true\" class=\"wp-block-cover__background has-background-dim\"><\/span><div class=\"wp-block-cover__inner-container is-layout-flow wp-block-cover-is-layout-flow\">\n<div class=\"wp-block-columns are-vertically-aligned-center zitat is-layout-flex wp-container-core-columns-is-layout-28f84493 wp-block-columns-is-layout-flex\">\n<div class=\"wp-block-column is-vertically-aligned-center left-text is-layout-flow wp-block-column-is-layout-flow\" style=\"flex-basis:66.66%\">\n<p>Det personliga engagemanget och kompetensen hos v\u00e5ra kontakter p\u00e5 ARIVA beror p\u00e5 h\u00f6g tillg\u00e4nglighet och tillf\u00f6rlitlighet p\u00e5 v\u00e5r webbplats samt dess kontinuerliga anpassning till f\u00f6r\u00e4ndrade anv\u00e4ndarbehov.<\/p>\n<\/div>\n\n\n\n<div class=\"wp-block-column is-vertically-aligned-center right-text is-layout-flow wp-block-column-is-layout-flow\" style=\"flex-basis:33.33%\">\n<h3 class=\"wp-block-heading has-text-align-left has-h-2-font-size\" id=\"h-christoph-schuler\" style=\"padding-bottom:var(--wp--preset--spacing--50)\">Christoph Schuler<\/h3>\n\n\n\n<p class=\"has-text-align-left\">SIX Group AG<br>Head of Construction<\/p>\n<\/div>\n<\/div>\n<\/div><\/div>\n\n\n\n<div style=\"height:50px\" aria-hidden=\"true\" class=\"wp-block-spacer\"><\/div>\n\n\n\n<div class=\"wp-block-group alignfull breiter has-global-padding is-layout-constrained wp-block-group-is-layout-constrained\">\n<div class=\"wp-block-columns is-layout-flex wp-container-core-columns-is-layout-28f84493 wp-block-columns-is-layout-flex\">\n<div class=\"wp-block-column is-layout-flow wp-block-column-is-layout-flow\">\n<h3 class=\"wp-block-heading headline-neben-bild has-h-3-font-size\" id=\"h-teknik-moter-team-spirit\"><strong>Teknik m\u00f6ter team spirit<\/strong><\/h3>\n\n\n\n<p class=\"text-left\">Oavsett verktyg, widgets, snabba eller omfattande mjukvarul\u00f6sningar \u2013 garanterar teamet att <strong>Finansiella data \u00f6vertygande<\/strong>. Med mycket erfarenhet, kompetens och en stor del av ambitionen <strong>Vi har<\/strong> Banker, b\u00f6rser, fintechs och mediehus. Vi f\u00f6ljer projekt <strong>flexibel, effektiv och alltid p\u00e5 \u00f6gonniv\u00e5<\/strong> \u2013 Eftersom varje f\u00f6retag, varje ans\u00f6kan och varje m\u00e5l \u00e4r annorlunda. <\/p>\n<\/div>\n\n\n\n<div class=\"wp-block-column is-layout-flow wp-block-column-is-layout-flow\">\n<figure class=\"wp-block-image alignright size-full\"><img loading=\"lazy\" decoding=\"async\" width=\"2500\" height=\"1667\" src=\"https:\/\/ariva.ag\/wp-content\/uploads\/2025\/07\/Webservice_terrasse.jpg\" alt=\"\" class=\"wp-image-8407\" style=\"object-fit:cover\" srcset=\"https:\/\/ariva.ag\/wp-content\/uploads\/2025\/07\/Webservice_terrasse.jpg 2500w, https:\/\/ariva.ag\/wp-content\/uploads\/2025\/07\/Webservice_terrasse-300x200.jpg 300w, https:\/\/ariva.ag\/wp-content\/uploads\/2025\/07\/Webservice_terrasse-1024x683.jpg 1024w, https:\/\/ariva.ag\/wp-content\/uploads\/2025\/07\/Webservice_terrasse-768x512.jpg 768w, https:\/\/ariva.ag\/wp-content\/uploads\/2025\/07\/Webservice_terrasse-1536x1024.jpg 1536w, https:\/\/ariva.ag\/wp-content\/uploads\/2025\/07\/Webservice_terrasse-2048x1366.jpg 2048w\" sizes=\"auto, (max-width: 2500px) 100vw, 2500px\" \/><\/figure>\n<\/div>\n<\/div>\n\n\n\n<p class=\"text-left\">Arbeta i v\u00e5rt team <strong>Utvecklare: inuti f\u00f6r front- eller backend- och produktchefer<\/strong> Hand in hand \u2013 tekniskt versed, n\u00e4ra marknaden och alltid titta p\u00e5 vad som r\u00e4knas f\u00f6r v\u00e5ra kunder: <strong>stabila system, rena data och en smidig<\/strong> Anv\u00e4ndare: Intern erfarenhet. <\/p>\n\n\n\n<p class=\"text-left\">Samarbetet med oss \u00e4r <strong>personlig, l\u00f6sningsorienterad, okomplicerad<\/strong>. Vi \u00e4r \u00f6ppna, engagerade och redo f\u00f6r nya projekt. Kanske snart med dig? <a href=\"https:\/\/ariva.ag\/kontakt\/\">H\u00e4r h\u00e4r<\/a> G\u00e5 till v\u00e5rt kontaktformul\u00e4r.<\/p>\n<\/div>\n\n\n\n<div class=\"wp-block-group breiter has-global-padding is-layout-constrained wp-block-group-is-layout-constrained\" style=\"margin-bottom:var(--wp--preset--spacing--60)\">    <div class=\"cases-preview\">\n\t\t<div class=\"container\">\n\t\t\t<div class=\"arheadgl\">\n                <h2 class=\"ariva-cases-bubble\">ARIVA CASES<\/h2>\n            <\/div>\n\t\t\t<div class=\"cases-preview-list\">\n\t\t\t\t\t\t\t\t\t\t\t\t\t\t<a class=\"case featured cat_cases cat_cases_web_services\" href=\"https:\/\/ariva.ag\/sv\/relaunch-deutsche-boerse\/\">\n\t\t\t\t\t\t\t\t\t\t\t    \t\t<img decoding=\"async\" class=\"thumbnail\" src=\"https:\/\/ariva.ag\/wp-content\/uploads\/2025\/12\/logoDeutsche_boerse.png\" alt=\"Relaunch Deutsche B\u00f6rse &#8211; das Ergebnis \u00fcberzeugt!\">\n\t\t\t\t\t\t                \t\t<span class=\"case-intro\"><p>Die Deutsche <span class=\"\" data-mobile-support=\"0\" data-gt-translate-attributes='[{\"attribute\":\"data-cmtooltip\", \"format\":\"html\"}]' tabindex=\"0\" role=\"link\">B&#xF6;rse<\/span> Group z&#xE4;hlt zu den bedeutendsten <span class=\"\" data-mobile-support=\"0\" data-gt-translate-attributes='[{\"attribute\":\"data-cmtooltip\", \"format\":\"html\"}]' tabindex=\"0\" role=\"link\">B&#xF6;rse<\/span>norganisationen weltweit und betreibt die Handelspl&#xE4;tze Deutsche <span class=\"\" data-mobile-support=\"0\" data-gt-translate-attributes='[{\"attribute\":\"data-cmtooltip\", \"format\":\"html\"}]' tabindex=\"0\" role=\"link\">B&#xF6;rse<\/span> Frankfurt und Deutsche <span class=\"\" data-mobile-support=\"0\" data-gt-translate-attributes='[{\"attribute\":\"data-cmtooltip\", \"format\":\"html\"}]' tabindex=\"0\" role=\"link\">B&#xF6;rse<\/span> Xetra f&uuml;r private und institutionelle Anleger:innen. Als zentrale <span class=\"\"  data-mobile-support=\"0\"  data-gt-translate-attributes='[{\"attribute\":\"data-cmtooltip\", \"format\":\"html\"}]' tabindex='0' role='link'>Markt<\/span>pl&auml;tze f&uuml;r <span class=\"\"  data-mobile-support=\"0\"  data-gt-translate-attributes='[{\"attribute\":\"data-cmtooltip\", \"format\":\"html\"}]' tabindex='0' role='link'>Aktie<\/span>n, Anleihen, <span class=\"\"  data-mobile-support=\"0\"  data-gt-translate-attributes='[{\"attribute\":\"data-cmtooltip\", \"format\":\"html\"}]' tabindex='0' role='link'>Fonds<\/span> und weitere Wertp<span class=\"\"  data-mobile-support=\"0\"  data-gt-translate-attributes='[{\"attribute\":\"data-cmtooltip\", \"format\":\"html\"}]' tabindex='0' role='link'>api<\/span>ere stellen die beiden verl&auml;ssliche Informationen, transparente <span class=\"\"  data-mobile-support=\"0\"  data-gt-translate-attributes='[{\"attribute\":\"data-cmtooltip\", \"format\":\"html\"}]' tabindex='0' role='link'>Markt<\/span>strukturen und modernste Technologie f&uuml;r Millionen von Nutzer:innen bereit. Kunde \/\/ Deutsche <span class=\"\" data-mobile-support=\"0\" data-gt-translate-attributes='[{\"attribute\":\"data-cmtooltip\", \"format\":\"html\"}]' tabindex=\"0\" role=\"link\">B&#xF6;rse<\/span> [&#x2026;]<\/p><\/span>\n\t\t\t\t\t<\/a>\n\t\t\t\t\t\t\t\t\t\t\t\t\t\t<a class=\"case featured cat_cases cat_cases_data cat_cases_web_services cat_e-paper-fintech\" href=\"https:\/\/ariva.ag\/sv\/case-smartbroker\/\">\n\t\t\t\t\t\t\t\t\t\t\t    \t\t<img decoding=\"async\" class=\"thumbnail\" src=\"https:\/\/ariva.ag\/wp-content\/uploads\/2025\/02\/Unknown.png\" alt=\"Case Smartbroker\">\n\t\t\t\t\t\t                \t\t<span class=\"case-intro\"><p>ARIVA = Dataleverant&#xF6;r De dataprodukter som anv&#xE4;nds finns i Implementering. ARIVA = konsult Sedan 1998 har vi hanterat finansiella data. V&#xE5;r kunskap hj&#xE4;lper till att g&#xF6;ra SMART<span class=\"\" data-mobile-support=\"0\" data-gt-translate-attributes='[{\"attribute\":\"data-cmtooltip\", \"format\":\"html\"}]' tabindex=\"0\" role=\"link\">BROKER<\/span>+ b&#xE4;ttre. ARIVA = familjemedlem Under 2019 tog Wallstreet:online AG (nu Smart<span class=\"\" data-mobile-support=\"0\" data-gt-translate-attributes='[{\"attribute\":\"data-cmtooltip\", \"format\":\"html\"}]' tabindex=\"0\" role=\"link\">broker<\/span> Holding AG) &#xF6;ver ARIVA. De AG. Kund \/\/ SMART<span class=\"\" data-mobile-support=\"0\" data-gt-translate-attributes='[{\"attribute\":\"data-cmtooltip\", \"format\":\"html\"}]' tabindex=\"0\" role=\"link\">BROKER<\/span> <span class=\"\"  data-mobile-support=\"0\"  data-gt-translate-attributes='[{\"attribute\":\"data-cmtooltip\", \"format\":\"html\"}]' tabindex='0' role='link'>Brief<\/span>ing \/\/ H&ouml;gkvalitativa finansiella data och tydliga s&ouml;kresultat [&hellip;]<\/p><\/span>\n\t\t\t\t\t<\/a>\n\t\t\t\t\t\t\t\t\t\t\t\t\t\t<a class=\"case featured cat_cases cat_cases_web_services\" href=\"https:\/\/ariva.ag\/sv\/case-adisfaction\/\">\n\t\t\t\t\t\t\t\t\t\t\t    \t\t<img decoding=\"async\" class=\"thumbnail\" src=\"https:\/\/ariva.ag\/wp-content\/uploads\/2025\/02\/adisfaction-annex.png\" alt=\"CASE Adisfaction\">\n\t\t\t\t\t\t                \t\t<span class=\"case-intro\"><p>Med prodo presenteras anv&#xE4;ndarna med ett brett spektrum av spakprodukter &#x2013; perfekt anpassade till respektive riskprofil.<\/p><\/span>\n\t\t\t\t\t<\/a>\n\t\t\t\t\t\t\t<\/div>\n\t\t<\/div>\n    <\/div>\n<\/div>\n\n\n<div class=\"wp-block-buttons call-to-action has-accent-background-color has-background is-content-justification-center is-layout-flex wp-container-core-buttons-is-layout-44da0941 wp-block-buttons-is-layout-flex\" style=\"padding-top:var(--wp--preset--spacing--70);padding-bottom:var(--wp--preset--spacing--70)\">\n<div class=\"wp-block-button has-custom-width wp-block-button__width-25 invert\"><a class=\"wp-block-button__link wp-element-button\" href=\"javascript:history.back()\">\u2190 TILLBAKA TILL \u00d6VERSIKT<\/a><\/div>\n\n\n\n<div class=\"wp-block-button has-custom-width wp-block-button__width-25 invert\"><a class=\"wp-block-button__link wp-element-button\" href=\"https:\/\/ariva.ag\/sv\/kontakt\/\">KONTAKTA OSS<\/a><\/div>\n\n\n\n<div class=\"wp-block-button has-custom-width wp-block-button__width-25 invert\"><a class=\"wp-block-button__link wp-element-button\" href=\"https:\/\/ariva.ag\/ariva-news\/\">ARIVA NEWS<\/a><\/div>\n<\/div>","protected":false},"excerpt":{"rendered":"<p>Redo f&#xF6;r webb och app V&#xE5;ra l&#xF6;sningar &#xE4;r s&#xE4;rskilt v&#xE4;rdefulla f&#xF6;r <span class=\"\" data-mobile-support=\"0\" data-gt-translate-attributes='[{\"attribute\":\"data-cmtooltip\", \"format\":\"html\"}]' tabindex=\"0\" role=\"link\"><span class=\"\" data-mobile-support=\"0\" data-gt-translate-attributes='[{\"attribute\":\"data-cmtooltip\", \"format\":\"html\"}]' tabindex=\"0\" role=\"link\">b&#xF6;rse<\/span><\/span>r, finansiella tj&#xE4;nsteleverant&#xF6;rer, medief&#xF6;retag, fintech-startups och andra organisationer som erbjuder sina kunder: Realtime finansiella data utan att beh&#xF6;va bygga upp en komplex och kostsam datainfrastruktur. Tack vare v&#xE5;r kunskap kan vi f&#xF6;rverkliga kompletta webbhotell och en full service p&#xE5; webbtj&#xE4;nsten. Widgets t.ex. v&#xE4;rmekarta, top\/flop [&#x2026;]<\/p>\n","protected":false},"author":2,"featured_media":13198,"parent":0,"menu_order":0,"comment_status":"closed","ping_status":"closed","template":"","meta":{"content-type":"","footnotes":""},"class_list":["post-11","page","type-page","status-publish","has-post-thumbnail","hentry"],"yoast_head":"<!-- This site is optimized with the Yoast SEO Premium plugin v27.2 (Yoast SEO v27.2) - https:\/\/yoast.com\/product\/yoast-seo-premium-wordpress\/ -->\n<title>Full Service im Web Service - ARIVA: Finanzdaten sind unser Business<\/title>\n<meta name=\"description\" content=\"Full Service im Web Service: \u00dcber die nahtlose Integration von APIs und wie ARIVA Deine Website mit Tools und L\u00f6sungen nach vorne bringt.\" \/>\n<meta name=\"robots\" content=\"index, follow, max-snippet:-1, max-image-preview:large, max-video-preview:-1\" \/>\n<link rel=\"canonical\" href=\"https:\/\/ariva.ag\/sv\/webservices\/\" \/>\n<meta property=\"og:locale\" content=\"sv_SE\" \/>\n<meta property=\"og:locale:alternate\" content=\"de_DE\" \/>\n<meta property=\"og:locale:alternate\" content=\"en_UK\" \/>\n<meta property=\"og:locale:alternate\" content=\"da_DK\" \/>\n<meta property=\"og:type\" content=\"article\" \/>\n<meta property=\"og:title\" content=\"WEB SERVICES\" \/>\n<meta property=\"og:description\" content=\"WEB SERVICES\" \/>\n<meta property=\"og:url\" content=\"https:\/\/ariva.ag\/sv\/webservices\/\" \/>\n<meta property=\"og:site_name\" content=\"ARIVA: Finanzdaten sind unser Business\" \/>\n<meta property=\"article:modified_time\" content=\"2026-01-27T12:15:14+00:00\" \/>\n<meta property=\"og:image\" content=\"https:\/\/ariva.ag\/wp-content\/uploads\/2026\/01\/ARIVA_Webservices_Beitrag.png\" \/>\n\t<meta property=\"og:image:width\" content=\"1200\" \/>\n\t<meta property=\"og:image:height\" content=\"630\" \/>\n\t<meta property=\"og:image:type\" content=\"image\/png\" \/>\n<meta name=\"twitter:card\" content=\"summary_large_image\" \/>\n<meta name=\"twitter:label1\" content=\"Ber\u00e4knad l\u00e4stid\" \/>\n\t<meta name=\"twitter:data1\" content=\"9 minuter\" \/>\n<script type=\"application\/ld+json\" class=\"yoast-schema-graph\">{\"@context\":\"https:\/\/schema.org\",\"@graph\":[{\"@type\":\"WebPage\",\"@id\":\"https:\/\/ariva.ag\/webservices\/\",\"url\":\"https:\/\/ariva.ag\/webservices\/\",\"name\":\"Full Service im Web Service - ARIVA: Finanzdaten sind unser Business\",\"isPartOf\":{\"@id\":\"https:\/\/ariva.ag\/#website\"},\"primaryImageOfPage\":{\"@id\":\"https:\/\/ariva.ag\/webservices\/#primaryimage\"},\"image\":{\"@id\":\"https:\/\/ariva.ag\/webservices\/#primaryimage\"},\"thumbnailUrl\":\"https:\/\/ariva.ag\/wp-content\/uploads\/2026\/01\/ARIVA_Webservices_Beitrag.png\",\"datePublished\":\"2024-08-26T11:34:44+00:00\",\"dateModified\":\"2026-01-27T12:15:14+00:00\",\"description\":\"Full Service im Web Service: \u00dcber die nahtlose Integration von APIs und wie ARIVA Deine Website mit Tools und L\u00f6sungen nach vorne bringt.\",\"breadcrumb\":{\"@id\":\"https:\/\/ariva.ag\/webservices\/#breadcrumb\"},\"inLanguage\":\"sv-SE\",\"potentialAction\":[{\"@type\":\"ReadAction\",\"target\":[\"https:\/\/ariva.ag\/webservices\/\"]}]},{\"@type\":\"ImageObject\",\"inLanguage\":\"sv-SE\",\"@id\":\"https:\/\/ariva.ag\/webservices\/#primaryimage\",\"url\":\"https:\/\/ariva.ag\/wp-content\/uploads\/2026\/01\/ARIVA_Webservices_Beitrag.png\",\"contentUrl\":\"https:\/\/ariva.ag\/wp-content\/uploads\/2026\/01\/ARIVA_Webservices_Beitrag.png\",\"width\":1200,\"height\":630},{\"@type\":\"BreadcrumbList\",\"@id\":\"https:\/\/ariva.ag\/webservices\/#breadcrumb\",\"itemListElement\":[{\"@type\":\"ListItem\",\"position\":1,\"name\":\"Startseite\",\"item\":\"https:\/\/ariva.ag\/\"},{\"@type\":\"ListItem\",\"position\":2,\"name\":\"WEB SERVICES\"}]},{\"@type\":\"WebSite\",\"@id\":\"https:\/\/ariva.ag\/#website\",\"url\":\"https:\/\/ariva.ag\/\",\"name\":\"ARIVA.AG\",\"description\":\"\",\"publisher\":{\"@id\":\"https:\/\/ariva.ag\/#organization\"},\"potentialAction\":[{\"@type\":\"SearchAction\",\"target\":{\"@type\":\"EntryPoint\",\"urlTemplate\":\"https:\/\/ariva.ag\/?s={search_term_string}\"},\"query-input\":{\"@type\":\"PropertyValueSpecification\",\"valueRequired\":true,\"valueName\":\"search_term_string\"}}],\"inLanguage\":\"sv-SE\"},{\"@type\":\"Organization\",\"@id\":\"https:\/\/ariva.ag\/#organization\",\"name\":\"ARIVA: Finanzdaten sind unser Business\",\"url\":\"https:\/\/ariva.ag\/\",\"logo\":{\"@type\":\"ImageObject\",\"inLanguage\":\"sv-SE\",\"@id\":\"https:\/\/ariva.ag\/#\/schema\/logo\/image\/\",\"url\":\"https:\/\/ariva.ag\/wp-content\/uploads\/2024\/08\/Ariva-AG-Logo.png\",\"contentUrl\":\"https:\/\/ariva.ag\/wp-content\/uploads\/2024\/08\/Ariva-AG-Logo.png\",\"width\":295,\"height\":88,\"caption\":\"ARIVA: Finanzdaten sind unser Business\"},\"image\":{\"@id\":\"https:\/\/ariva.ag\/#\/schema\/logo\/image\/\"},\"sameAs\":[\"https:\/\/de.linkedin.com\/company\/ariva-de-ag\"]}]}<\/script>\n<!-- \/ Yoast SEO Premium plugin. -->","yoast_head_json":{"title":"Full Service im Web Service - ARIVA: Finanzdaten sind unser Business","description":"Full Service im Web Service: \u00dcber die nahtlose Integration von APIs und wie ARIVA Deine Website mit Tools und L\u00f6sungen nach vorne bringt.","robots":{"index":"index","follow":"follow","max-snippet":"max-snippet:-1","max-image-preview":"max-image-preview:large","max-video-preview":"max-video-preview:-1"},"canonical":"https:\/\/ariva.ag\/sv\/webservices\/","og_locale":"sv_SE","og_type":"article","og_title":"ARIVA: Finanzdaten sind unser Business | [:de]WEB SERVICES[:en]WEB SERVICES[:da]Webtjenester[:sv]WEB SERVICES[:]","og_description":"[:de]WEB SERVICES[:en]WEB SERVICES[:da]Webtjenester[:sv]WEB SERVICES[:]","og_url":"https:\/\/ariva.ag\/sv\/webservices\/","og_site_name":"ARIVA: Finanzdaten sind unser Business","article_modified_time":"2026-01-27T12:15:14+00:00","og_image":[{"width":1200,"height":630,"url":"https:\/\/ariva.ag\/wp-content\/uploads\/2026\/01\/ARIVA_Webservices_Beitrag.png","type":"image\/png"}],"twitter_card":"summary_large_image","twitter_misc":{"Ber\u00e4knad l\u00e4stid":"9 minuter"},"schema":{"@context":"https:\/\/schema.org","@graph":[{"@type":"WebPage","@id":"https:\/\/ariva.ag\/webservices\/","url":"https:\/\/ariva.ag\/webservices\/","name":"Full Service im Web Service - ARIVA: Finanzdaten sind unser Business","isPartOf":{"@id":"https:\/\/ariva.ag\/#website"},"primaryImageOfPage":{"@id":"https:\/\/ariva.ag\/webservices\/#primaryimage"},"image":{"@id":"https:\/\/ariva.ag\/webservices\/#primaryimage"},"thumbnailUrl":"https:\/\/ariva.ag\/wp-content\/uploads\/2026\/01\/ARIVA_Webservices_Beitrag.png","datePublished":"2024-08-26T11:34:44+00:00","dateModified":"2026-01-27T12:15:14+00:00","description":"Full Service im Web Service: \u00dcber die nahtlose Integration von APIs und wie ARIVA Deine Website mit Tools und L\u00f6sungen nach vorne bringt.","breadcrumb":{"@id":"https:\/\/ariva.ag\/webservices\/#breadcrumb"},"inLanguage":"sv-SE","potentialAction":[{"@type":"ReadAction","target":["https:\/\/ariva.ag\/webservices\/"]}]},{"@type":"ImageObject","inLanguage":"sv-SE","@id":"https:\/\/ariva.ag\/webservices\/#primaryimage","url":"https:\/\/ariva.ag\/wp-content\/uploads\/2026\/01\/ARIVA_Webservices_Beitrag.png","contentUrl":"https:\/\/ariva.ag\/wp-content\/uploads\/2026\/01\/ARIVA_Webservices_Beitrag.png","width":1200,"height":630},{"@type":"BreadcrumbList","@id":"https:\/\/ariva.ag\/webservices\/#breadcrumb","itemListElement":[{"@type":"ListItem","position":1,"name":"Startseite","item":"https:\/\/ariva.ag\/"},{"@type":"ListItem","position":2,"name":"WEB SERVICES"}]},{"@type":"WebSite","@id":"https:\/\/ariva.ag\/#website","url":"https:\/\/ariva.ag\/","name":"ARIVA.AG","description":"","publisher":{"@id":"https:\/\/ariva.ag\/#organization"},"potentialAction":[{"@type":"SearchAction","target":{"@type":"EntryPoint","urlTemplate":"https:\/\/ariva.ag\/?s={search_term_string}"},"query-input":{"@type":"PropertyValueSpecification","valueRequired":true,"valueName":"search_term_string"}}],"inLanguage":"sv-SE"},{"@type":"Organization","@id":"https:\/\/ariva.ag\/#organization","name":"ARIVA: Finanzdaten sind unser Business","url":"https:\/\/ariva.ag\/","logo":{"@type":"ImageObject","inLanguage":"sv-SE","@id":"https:\/\/ariva.ag\/#\/schema\/logo\/image\/","url":"https:\/\/ariva.ag\/wp-content\/uploads\/2024\/08\/Ariva-AG-Logo.png","contentUrl":"https:\/\/ariva.ag\/wp-content\/uploads\/2024\/08\/Ariva-AG-Logo.png","width":295,"height":88,"caption":"ARIVA: Finanzdaten sind unser Business"},"image":{"@id":"https:\/\/ariva.ag\/#\/schema\/logo\/image\/"},"sameAs":["https:\/\/de.linkedin.com\/company\/ariva-de-ag"]}]}},"_links":{"self":[{"href":"https:\/\/ariva.ag\/sv\/wp-json\/wp\/v2\/pages\/11","targetHints":{"allow":["GET"]}}],"collection":[{"href":"https:\/\/ariva.ag\/sv\/wp-json\/wp\/v2\/pages"}],"about":[{"href":"https:\/\/ariva.ag\/sv\/wp-json\/wp\/v2\/types\/page"}],"author":[{"embeddable":true,"href":"https:\/\/ariva.ag\/sv\/wp-json\/wp\/v2\/users\/2"}],"replies":[{"embeddable":true,"href":"https:\/\/ariva.ag\/sv\/wp-json\/wp\/v2\/comments?post=11"}],"version-history":[{"count":318,"href":"https:\/\/ariva.ag\/sv\/wp-json\/wp\/v2\/pages\/11\/revisions"}],"predecessor-version":[{"id":11531,"href":"https:\/\/ariva.ag\/sv\/wp-json\/wp\/v2\/pages\/11\/revisions\/11531"}],"wp:featuredmedia":[{"embeddable":true,"href":"https:\/\/ariva.ag\/sv\/wp-json\/wp\/v2\/media\/13198"}],"wp:attachment":[{"href":"https:\/\/ariva.ag\/sv\/wp-json\/wp\/v2\/media?parent=11"}],"curies":[{"name":"wp","href":"https:\/\/api.w.org\/{rel}","templated":true}]}}