{"id":10076,"date":"2025-09-15T11:19:14","date_gmt":"2025-09-15T09:19:14","guid":{"rendered":"https:\/\/ariva.ag\/?page_id=10076"},"modified":"2026-02-24T11:22:14","modified_gmt":"2026-02-24T10:22:14","slug":"datenpower","status":"publish","type":"page","link":"https:\/\/ariva.ag\/sv\/datenpower\/","title":{"rendered":"Data Power"},"content":{"rendered":"\n<div class=\"wp-block-media-text has-media-on-the-right is-stacked-on-mobile\"><div class=\"wp-block-media-text__content\">\n<h1 class=\"wp-block-heading has-h-1-font-size\" id=\"h-5-steg-for-datakraft\">5 steg f\u00f6r datakraft<\/h1>\n\n\n\n<h2 class=\"wp-block-heading has-h-2-font-size\" id=\"h-hur-enkelt-du-integrerar-finansiella-data-din-webbplats-eller-applikation-vart-api-ar-perfekt-anpassat-till-de-nuvarande-kraven-i-webbvarlden\">Hur enkelt du integrerar finansiella data<br>Din webbplats eller applikation. V\u00e5rt API \u00e4r perfekt anpassat till de nuvarande kraven i webbv\u00e4rlden.<\/h2>\n\n\n<div class=\"wp-block-buttons invert is-content-justification-center is-layout-flex wp-container-core-buttons-is-layout-b5e9308e wp-block-buttons-is-layout-flex\" style=\"margin-top:0;margin-bottom:var(--wp--preset--spacing--50)\">\n<div class=\"wp-block-button invert\"><a class=\"wp-block-button__link wp-element-button\" href=\"https:\/\/ariva.ag\/sv\/kontakt\/\">KONTAKTA OSS<\/a><\/div>\n<\/div><\/div><figure class=\"wp-block-media-text__media\"><img loading=\"lazy\" decoding=\"async\" width=\"1024\" height=\"521\" src=\"https:\/\/ariva.ag\/wp-content\/uploads\/2025\/09\/Gruppe-maskieren-10@2x-1024x521.png\" alt=\"\" class=\"wp-image-10082 size-full\" srcset=\"https:\/\/ariva.ag\/wp-content\/uploads\/2025\/09\/Gruppe-maskieren-10@2x-1024x521.png 1024w, https:\/\/ariva.ag\/wp-content\/uploads\/2025\/09\/Gruppe-maskieren-10@2x-300x153.png 300w, https:\/\/ariva.ag\/wp-content\/uploads\/2025\/09\/Gruppe-maskieren-10@2x-768x391.png 768w, https:\/\/ariva.ag\/wp-content\/uploads\/2025\/09\/Gruppe-maskieren-10@2x-1536x781.png 1536w, https:\/\/ariva.ag\/wp-content\/uploads\/2025\/09\/Gruppe-maskieren-10@2x.png 1990w\" sizes=\"auto, (max-width: 1024px) 100vw, 1024px\" \/><\/figure><\/div>\n\n\n\n<h3 class=\"wp-block-heading has-text-align-center has-h-3-font-size\" id=\"h-steg-for-steg-till-det-anslutna-api\" style=\"margin-top:var(--wp--preset--spacing--50)\">Steg f\u00f6r steg till det anslutna API<\/h3>\n\n\n\n<p class=\"has-text-align-center\">Den som best\u00e4mmer sig f\u00f6r att samarbeta med oss kommer inte bara att f\u00e5 tillg\u00e5ng till utm\u00e4rkta finansiella data, utan ocks\u00e5 fullt st\u00f6d i integration \u2013 fr\u00e5n den f\u00f6rsta konversationen till den framg\u00e5ngsrika live-kretsen.<br><br>Oavsett om du \u00e4r en fintech, en bank, en b\u00f6rsportal eller ett mediehus &#8211; med ARIVA har du en partner p\u00e5 din sida som vet vad han g\u00f6r, lyssnar, t\u00e4nker och levererar.<\/p>\n\n\n\n<div style=\"height:50px\" aria-hidden=\"true\" class=\"wp-block-spacer desktop-hidden\"><\/div>\n\n\n\n<div class=\"wp-block-buttons is-content-justification-center is-layout-flex wp-container-core-buttons-is-layout-a89b3969 wp-block-buttons-is-layout-flex\">\n<div class=\"wp-block-button\"><a class=\"wp-block-button__link wp-element-button\" href=\"https:\/\/ariva.ag\/data\/\">Data erbjudandet<\/a><\/div>\n<\/div>\n\n\n\n<div class=\"wp-block-group breiter container-mobile-support has-global-padding is-layout-constrained wp-block-group-is-layout-constrained\">\n<ul class=\"wp-block-list counting-bullet-points\">\n<li>Tydliga behov &#8211; F\u00f6rst\u00e5 vad du beh\u00f6ver tillsammans<\/li>\n\n\n\n<li>Konfigurera gr\u00e4nssnitt &#8211; matcha ditt system<\/li>\n\n\n\n<li>St\u00f6d genomf\u00f6rande \u2013 integreras tillsammans<\/li>\n\n\n\n<li>F\u00f6rbered live-prestanda \u2013 smidig och effektiv<\/li>\n\n\n\n<li>Omsorg och vidareutveckling \u2013 \u00e4ven efter starten<\/li>\n<\/ul>\n<\/div>\n\n\n\n<div style=\"height:50px\" aria-hidden=\"true\" class=\"wp-block-spacer\"><\/div>\n\n\n\n<div class=\"wp-block-media-text has-media-on-the-right is-stacked-on-mobile is-image-fill-element header-override-midtext\" style=\"grid-template-columns:auto 34%\"><div class=\"wp-block-media-text__content\">\n<h3 class=\"wp-block-heading site-input has-h-3-font-size\" id=\"h-lat-oss-implementera-din-datalosning-tillsammans-sa-individuellt-som-ditt-foretag-forsta-klassens-finansiella-data-ar-viktigare-an-nagonsin-idag\">L\u00e5t oss implementera din datal\u00f6sning tillsammans s\u00e5 individuellt som ditt f\u00f6retag. F\u00f6rsta klassens finansiella data \u00e4r viktigare \u00e4n n\u00e5gonsin idag.<\/h3>\n\n\n\n<div class=\"wp-block-buttons invert is-content-justification-center is-layout-flex wp-container-core-buttons-is-layout-b5e9308e wp-block-buttons-is-layout-flex\" style=\"margin-top:0;margin-bottom:var(--wp--preset--spacing--50)\">\n<div class=\"wp-block-button invert\"><a class=\"wp-block-button__link wp-element-button\" href=\"https:\/\/ariva.ag\/kontakt\/\">JETZT ANFRAGEN<\/a><\/div>\n<\/div>\n<\/div><figure class=\"wp-block-media-text__media\"><img loading=\"lazy\" decoding=\"async\" width=\"2500\" height=\"1767\" src=\"https:\/\/ariva.ag\/wp-content\/uploads\/2025\/09\/DSC_8587_bearbeitet.jpg\" alt=\"\" class=\"wp-image-10097 size-full\" style=\"object-position:49% 0%\" srcset=\"https:\/\/ariva.ag\/wp-content\/uploads\/2025\/09\/DSC_8587_bearbeitet.jpg 2500w, https:\/\/ariva.ag\/wp-content\/uploads\/2025\/09\/DSC_8587_bearbeitet-300x212.jpg 300w, https:\/\/ariva.ag\/wp-content\/uploads\/2025\/09\/DSC_8587_bearbeitet-1024x724.jpg 1024w, https:\/\/ariva.ag\/wp-content\/uploads\/2025\/09\/DSC_8587_bearbeitet-768x543.jpg 768w, https:\/\/ariva.ag\/wp-content\/uploads\/2025\/09\/DSC_8587_bearbeitet-1536x1086.jpg 1536w, https:\/\/ariva.ag\/wp-content\/uploads\/2025\/09\/DSC_8587_bearbeitet-2048x1448.jpg 2048w\" sizes=\"auto, (max-width: 2500px) 100vw, 2500px\" \/><\/figure><\/div>\n\n\n\n<div style=\"height:50px\" aria-hidden=\"true\" class=\"wp-block-spacer mobile-hidden\"><\/div>\n\n\n\n<h4 class=\"wp-block-heading has-text-align-center has-h-2-font-size\" id=\"h-vara-widgets\"><strong>V\u00e5ra widgets<\/strong><\/h4>\n\n\n\n<p class=\"has-text-align-center\">Vill du uppgradera din finansiella plattform eller applikation? Anv\u00e4nd sedan v\u00e5ra individuellt konfigurerbara widgets f\u00f6r finansiella och b\u00f6rswebbplatser. Verktygen fungerar separat eller \u00e4r kopplade. Och det b\u00e4sta: de kan enkelt integrera och anpassa sig flexibelt till designen av din webbplats och app. <strong>Intressant?<\/strong> H\u00e4r hittar du allt om v\u00e5ra widgets eller kontakta oss via v\u00e5rt kontaktformul\u00e4r.<\/p>\n\n\n\n<div class=\"wp-block-buttons is-content-justification-center is-layout-flex wp-container-core-buttons-is-layout-8a11fa71 wp-block-buttons-is-layout-flex\" style=\"margin-top:var(--wp--preset--spacing--70);margin-bottom:var(--wp--preset--spacing--70);padding-top:var(--wp--preset--spacing--50);padding-bottom:var(--wp--preset--spacing--50)\">\n<div class=\"wp-block-button\"><a class=\"wp-block-button__link wp-element-button\" href=\"https:\/\/ariva.ag\/webservices\/widgets\/\">Till v\u00e5ra widgets<\/a><\/div>\n<\/div>\n\n\n\n<div class=\"wp-block-leadin-hubspot-form-block\"><\/div>\n\n\n\n<div class=\"wp-block-group breiter has-global-padding is-layout-constrained wp-block-group-is-layout-constrained\">    <div class=\"cases-preview\">\n\t\t<div class=\"container\">\n\t\t\t<div class=\"arheadgl\">\n                <h2 class=\"ariva-cases-bubble\">ARIVA CASES<\/h2>\n            <\/div>\n\t\t\t<div class=\"cases-preview-list\">\n\t\t\t\t\t\t\t\t\t\t\t\t\t\t<a class=\"case featured cat_cases cat_cases_web_services\" href=\"https:\/\/ariva.ag\/sv\/relaunch-deutsche-boerse\/\">\n\t\t\t\t\t\t\t\t\t\t\t    \t\t<img decoding=\"async\" class=\"thumbnail\" src=\"https:\/\/ariva.ag\/wp-content\/uploads\/2025\/12\/logoDeutsche_boerse.png\" alt=\"Relaunch Deutsche B\u00f6rse &#8211; das Ergebnis \u00fcberzeugt!\">\n\t\t\t\t\t\t                \t\t<span class=\"case-intro\"><p>Die Deutsche <span class=\"\" data-mobile-support=\"0\" data-gt-translate-attributes='[{\"attribute\":\"data-cmtooltip\", \"format\":\"html\"}]' tabindex=\"0\" role=\"link\">B&#xF6;rse<\/span> Group z&#xE4;hlt zu den bedeutendsten <span class=\"\" data-mobile-support=\"0\" data-gt-translate-attributes='[{\"attribute\":\"data-cmtooltip\", \"format\":\"html\"}]' tabindex=\"0\" role=\"link\">B&#xF6;rse<\/span>norganisationen weltweit und betreibt die Handelspl&#xE4;tze Deutsche <span class=\"\" data-mobile-support=\"0\" data-gt-translate-attributes='[{\"attribute\":\"data-cmtooltip\", \"format\":\"html\"}]' tabindex=\"0\" role=\"link\">B&#xF6;rse<\/span> Frankfurt und Deutsche <span class=\"\" data-mobile-support=\"0\" data-gt-translate-attributes='[{\"attribute\":\"data-cmtooltip\", \"format\":\"html\"}]' tabindex=\"0\" role=\"link\">B&#xF6;rse<\/span> Xetra f&uuml;r private und institutionelle Anleger:innen. Als zentrale <span class=\"\"  data-mobile-support=\"0\"  data-gt-translate-attributes='[{\"attribute\":\"data-cmtooltip\", \"format\":\"html\"}]' tabindex='0' role='link'>Markt<\/span>pl&auml;tze f&uuml;r <span class=\"\"  data-mobile-support=\"0\"  data-gt-translate-attributes='[{\"attribute\":\"data-cmtooltip\", \"format\":\"html\"}]' tabindex='0' role='link'>Aktie<\/span>n, Anleihen, <span class=\"\"  data-mobile-support=\"0\"  data-gt-translate-attributes='[{\"attribute\":\"data-cmtooltip\", \"format\":\"html\"}]' tabindex='0' role='link'>Fonds<\/span> und weitere Wertp<span class=\"\"  data-mobile-support=\"0\"  data-gt-translate-attributes='[{\"attribute\":\"data-cmtooltip\", \"format\":\"html\"}]' tabindex='0' role='link'>api<\/span>ere stellen die beiden verl&auml;ssliche Informationen, transparente <span class=\"\"  data-mobile-support=\"0\"  data-gt-translate-attributes='[{\"attribute\":\"data-cmtooltip\", \"format\":\"html\"}]' tabindex='0' role='link'>Markt<\/span>strukturen und modernste Technologie f&uuml;r Millionen von Nutzer:innen bereit. Kunde \/\/ Deutsche <span class=\"\" data-mobile-support=\"0\" data-gt-translate-attributes='[{\"attribute\":\"data-cmtooltip\", \"format\":\"html\"}]' tabindex=\"0\" role=\"link\">B&#xF6;rse<\/span> [&#x2026;]<\/p><\/span>\n\t\t\t\t\t<\/a>\n\t\t\t\t\t\t\t\t\t\t\t\t\t\t<a class=\"case featured cat_cases cat_cases_data cat_cases_web_services cat_e-paper-fintech\" href=\"https:\/\/ariva.ag\/sv\/case-smartbroker\/\">\n\t\t\t\t\t\t\t\t\t\t\t    \t\t<img decoding=\"async\" class=\"thumbnail\" src=\"https:\/\/ariva.ag\/wp-content\/uploads\/2025\/02\/Unknown.png\" alt=\"Case Smartbroker\">\n\t\t\t\t\t\t                \t\t<span class=\"case-intro\"><p>ARIVA = Dataleverant&#xF6;r De dataprodukter som anv&#xE4;nds finns i Implementering. ARIVA = konsult Sedan 1998 har vi hanterat finansiella data. V&#xE5;r kunskap hj&#xE4;lper till att g&#xF6;ra SMART<span class=\"\" data-mobile-support=\"0\" data-gt-translate-attributes='[{\"attribute\":\"data-cmtooltip\", \"format\":\"html\"}]' tabindex=\"0\" role=\"link\">BROKER<\/span>+ b&#xE4;ttre. ARIVA = familjemedlem Under 2019 tog Wallstreet:online AG (nu Smart<span class=\"\" data-mobile-support=\"0\" data-gt-translate-attributes='[{\"attribute\":\"data-cmtooltip\", \"format\":\"html\"}]' tabindex=\"0\" role=\"link\">broker<\/span> Holding AG) &#xF6;ver ARIVA. De AG. Kund \/\/ SMART<span class=\"\" data-mobile-support=\"0\" data-gt-translate-attributes='[{\"attribute\":\"data-cmtooltip\", \"format\":\"html\"}]' tabindex=\"0\" role=\"link\">BROKER<\/span> <span class=\"\"  data-mobile-support=\"0\"  data-gt-translate-attributes='[{\"attribute\":\"data-cmtooltip\", \"format\":\"html\"}]' tabindex='0' role='link'>Brief<\/span>ing \/\/ H&ouml;gkvalitativa finansiella data och tydliga s&ouml;kresultat [&hellip;]<\/p><\/span>\n\t\t\t\t\t<\/a>\n\t\t\t\t\t\t\t\t\t\t\t\t\t\t<a class=\"case featured cat_cases cat_cases_web_services\" href=\"https:\/\/ariva.ag\/sv\/case-adisfaction\/\">\n\t\t\t\t\t\t\t\t\t\t\t    \t\t<img decoding=\"async\" class=\"thumbnail\" src=\"https:\/\/ariva.ag\/wp-content\/uploads\/2025\/02\/adisfaction-annex.png\" alt=\"CASE Adisfaction\">\n\t\t\t\t\t\t                \t\t<span class=\"case-intro\"><p>Med prodo presenteras anv&#xE4;ndarna med ett brett spektrum av spakprodukter &#x2013; perfekt anpassade till respektive riskprofil.<\/p><\/span>\n\t\t\t\t\t<\/a>\n\t\t\t\t\t\t\t<\/div>\n\t\t<\/div>\n    <\/div>\n<\/div>\n\n\n\n<div style=\"height:100px\" aria-hidden=\"true\" class=\"wp-block-spacer\"><\/div>\n\n\n<div class=\"wp-block-buttons call-to-action has-accent-background-color has-background is-content-justification-center is-layout-flex wp-container-core-buttons-is-layout-44da0941 wp-block-buttons-is-layout-flex\" style=\"padding-top:var(--wp--preset--spacing--70);padding-bottom:var(--wp--preset--spacing--70)\">\n<div class=\"wp-block-button has-custom-width wp-block-button__width-25 invert\"><a class=\"wp-block-button__link wp-element-button\" href=\"javascript:history.back()\">\u2190 TILLBAKA TILL \u00d6VERSIKT<\/a><\/div>\n\n\n\n<div class=\"wp-block-button has-custom-width wp-block-button__width-25 invert\"><a class=\"wp-block-button__link wp-element-button\" href=\"https:\/\/ariva.ag\/sv\/kontakt\/\">KONTAKTA OSS<\/a><\/div>\n\n\n\n<div class=\"wp-block-button has-custom-width wp-block-button__width-25 invert\"><a class=\"wp-block-button__link wp-element-button\" href=\"https:\/\/ariva.ag\/ariva-news\/\">ARIVA NEWS<\/a><\/div>\n<\/div>","protected":false},"excerpt":{"rendered":"<p>Steg f&#xF6;r steg till det anslutna <span class=\"\" data-mobile-support=\"0\" data-gt-translate-attributes='[{\"attribute\":\"data-cmtooltip\", \"format\":\"html\"}]' tabindex=\"0\" role=\"link\"><span class=\"\"  data-mobile-support=\"0\"  data-gt-translate-attributes='[{\"attribute\":\"data-cmtooltip\", \"format\":\"html\"}]' tabindex='0' role='link'>API<\/span><\/span> Den som best&#xE4;mmer sig f&#xF6;r att samarbeta med oss kommer inte bara att f&#xE5; tillg&#xE5;ng till utm&#xE4;rkta finansiella data, utan ocks&#xE5; fullt st&#xF6;d i integration &#x2013; fr&#xE5;n den f&#xF6;rsta konversationen till den framg&#xE5;ngsrika live-kretsen. Oavsett om du &#xE4;r en fintech, en bank, en b&#xF6;rsportal eller ett mediehus &#x2013; [&#x2026;]<\/p>\n","protected":false},"author":7,"featured_media":13319,"parent":0,"menu_order":0,"comment_status":"closed","ping_status":"closed","template":"","meta":{"content-type":"","footnotes":""},"class_list":["post-10076","page","type-page","status-publish","has-post-thumbnail","hentry"],"yoast_head":"<!-- This site is optimized with the Yoast SEO Premium plugin v27.2 (Yoast SEO v27.2) - https:\/\/yoast.com\/product\/yoast-seo-premium-wordpress\/ -->\n<title>Data Power<\/title>\n<meta name=\"description\" content=\"Erlebe eine reibungslose Integration vom ersten Gespr\u00e4ch bis zur erfolgreichen Live-Schaltung mit unseren exzellenten Finanzdaten.\" \/>\n<meta name=\"robots\" content=\"index, follow, max-snippet:-1, max-image-preview:large, max-video-preview:-1\" \/>\n<link rel=\"canonical\" href=\"https:\/\/ariva.ag\/sv\/datenpower\/\" \/>\n<meta property=\"og:locale\" content=\"sv_SE\" \/>\n<meta property=\"og:locale:alternate\" content=\"de_DE\" \/>\n<meta property=\"og:locale:alternate\" content=\"en_UK\" \/>\n<meta property=\"og:locale:alternate\" content=\"da_DK\" \/>\n<meta property=\"og:type\" content=\"article\" \/>\n<meta property=\"og:title\" content=\"Data Power\" \/>\n<meta property=\"og:description\" content=\"Erfahre, wie wir vom ersten Gespr\u00e4ch bis zur erfolgreichen Live-Schaltung begleiten und Deine Datenl\u00f6sung realisieren.\" \/>\n<meta property=\"og:url\" content=\"https:\/\/ariva.ag\/sv\/datenpower\/\" \/>\n<meta property=\"og:site_name\" content=\"ARIVA: Finanzdaten sind unser Business\" \/>\n<meta property=\"article:modified_time\" content=\"2026-02-24T10:22:14+00:00\" \/>\n<meta property=\"og:image\" content=\"https:\/\/ariva.ag\/wp-content\/uploads\/2026\/02\/ARIVA_Logo-orange-1.png\" \/>\n\t<meta property=\"og:image:width\" content=\"2500\" \/>\n\t<meta property=\"og:image:height\" content=\"1313\" \/>\n\t<meta property=\"og:image:type\" content=\"image\/png\" \/>\n<meta name=\"twitter:card\" content=\"summary_large_image\" \/>\n<meta name=\"twitter:description\" content=\"Data Power\" \/>\n<meta name=\"twitter:label1\" content=\"Ber\u00e4knad l\u00e4stid\" \/>\n\t<meta name=\"twitter:data1\" content=\"7 minuter\" \/>\n<script type=\"application\/ld+json\" class=\"yoast-schema-graph\">{\"@context\":\"https:\/\/schema.org\",\"@graph\":[{\"@type\":\"WebPage\",\"@id\":\"https:\/\/ariva.ag\/datenpower\/\",\"url\":\"https:\/\/ariva.ag\/datenpower\/\",\"name\":\"Data Power\",\"isPartOf\":{\"@id\":\"https:\/\/ariva.ag\/#website\"},\"primaryImageOfPage\":{\"@id\":\"https:\/\/ariva.ag\/datenpower\/#primaryimage\"},\"image\":{\"@id\":\"https:\/\/ariva.ag\/datenpower\/#primaryimage\"},\"thumbnailUrl\":\"https:\/\/ariva.ag\/wp-content\/uploads\/2026\/02\/ARIVA_Logo-orange-1.png\",\"datePublished\":\"2025-09-15T09:19:14+00:00\",\"dateModified\":\"2026-02-24T10:22:14+00:00\",\"description\":\"Erlebe eine reibungslose Integration vom ersten Gespr\u00e4ch bis zur erfolgreichen Live-Schaltung mit unseren exzellenten Finanzdaten.\",\"breadcrumb\":{\"@id\":\"https:\/\/ariva.ag\/datenpower\/#breadcrumb\"},\"inLanguage\":\"sv-SE\",\"potentialAction\":[{\"@type\":\"ReadAction\",\"target\":[\"https:\/\/ariva.ag\/datenpower\/\"]}]},{\"@type\":\"ImageObject\",\"inLanguage\":\"sv-SE\",\"@id\":\"https:\/\/ariva.ag\/datenpower\/#primaryimage\",\"url\":\"https:\/\/ariva.ag\/wp-content\/uploads\/2026\/02\/ARIVA_Logo-orange-1.png\",\"contentUrl\":\"https:\/\/ariva.ag\/wp-content\/uploads\/2026\/02\/ARIVA_Logo-orange-1.png\",\"width\":2500,\"height\":1313},{\"@type\":\"BreadcrumbList\",\"@id\":\"https:\/\/ariva.ag\/datenpower\/#breadcrumb\",\"itemListElement\":[{\"@type\":\"ListItem\",\"position\":1,\"name\":\"Startseite\",\"item\":\"https:\/\/ariva.ag\/\"},{\"@type\":\"ListItem\",\"position\":2,\"name\":\"Datenpower\"}]},{\"@type\":\"WebSite\",\"@id\":\"https:\/\/ariva.ag\/#website\",\"url\":\"https:\/\/ariva.ag\/\",\"name\":\"ARIVA.AG\",\"description\":\"\",\"publisher\":{\"@id\":\"https:\/\/ariva.ag\/#organization\"},\"potentialAction\":[{\"@type\":\"SearchAction\",\"target\":{\"@type\":\"EntryPoint\",\"urlTemplate\":\"https:\/\/ariva.ag\/?s={search_term_string}\"},\"query-input\":{\"@type\":\"PropertyValueSpecification\",\"valueRequired\":true,\"valueName\":\"search_term_string\"}}],\"inLanguage\":\"sv-SE\"},{\"@type\":\"Organization\",\"@id\":\"https:\/\/ariva.ag\/#organization\",\"name\":\"ARIVA: Finanzdaten sind unser Business\",\"url\":\"https:\/\/ariva.ag\/\",\"logo\":{\"@type\":\"ImageObject\",\"inLanguage\":\"sv-SE\",\"@id\":\"https:\/\/ariva.ag\/#\/schema\/logo\/image\/\",\"url\":\"https:\/\/ariva.ag\/wp-content\/uploads\/2024\/08\/Ariva-AG-Logo.png\",\"contentUrl\":\"https:\/\/ariva.ag\/wp-content\/uploads\/2024\/08\/Ariva-AG-Logo.png\",\"width\":295,\"height\":88,\"caption\":\"ARIVA: Finanzdaten sind unser Business\"},\"image\":{\"@id\":\"https:\/\/ariva.ag\/#\/schema\/logo\/image\/\"},\"sameAs\":[\"https:\/\/de.linkedin.com\/company\/ariva-de-ag\"]}]}<\/script>\n<!-- \/ Yoast SEO Premium plugin. -->","yoast_head_json":{"title":"Data Power","description":"Erlebe eine reibungslose Integration vom ersten Gespr\u00e4ch bis zur erfolgreichen Live-Schaltung mit unseren exzellenten Finanzdaten.","robots":{"index":"index","follow":"follow","max-snippet":"max-snippet:-1","max-image-preview":"max-image-preview:large","max-video-preview":"max-video-preview:-1"},"canonical":"https:\/\/ariva.ag\/sv\/datenpower\/","og_locale":"sv_SE","og_type":"article","og_title":"ARIVA: Finanzdaten sind unser Business | [:de]Datenpower[:en]Data power[:da]Datastr\u00f8m[:sv]Data Power[:]","og_description":"Erfahre, wie wir vom ersten Gespr\u00e4ch bis zur erfolgreichen Live-Schaltung begleiten und Deine Datenl\u00f6sung realisieren.","og_url":"https:\/\/ariva.ag\/sv\/datenpower\/","og_site_name":"ARIVA: Finanzdaten sind unser Business","article_modified_time":"2026-02-24T10:22:14+00:00","og_image":[{"width":2500,"height":1313,"url":"https:\/\/ariva.ag\/wp-content\/uploads\/2026\/02\/ARIVA_Logo-orange-1.png","type":"image\/png"}],"twitter_card":"summary_large_image","twitter_description":"[:de]Datenpower[:en]Data power[:da]Datastr\u00f8m[:sv]Data Power[:]","twitter_misc":{"Ber\u00e4knad l\u00e4stid":"7 minuter"},"schema":{"@context":"https:\/\/schema.org","@graph":[{"@type":"WebPage","@id":"https:\/\/ariva.ag\/datenpower\/","url":"https:\/\/ariva.ag\/datenpower\/","name":"Data Power","isPartOf":{"@id":"https:\/\/ariva.ag\/#website"},"primaryImageOfPage":{"@id":"https:\/\/ariva.ag\/datenpower\/#primaryimage"},"image":{"@id":"https:\/\/ariva.ag\/datenpower\/#primaryimage"},"thumbnailUrl":"https:\/\/ariva.ag\/wp-content\/uploads\/2026\/02\/ARIVA_Logo-orange-1.png","datePublished":"2025-09-15T09:19:14+00:00","dateModified":"2026-02-24T10:22:14+00:00","description":"Erlebe eine reibungslose Integration vom ersten Gespr\u00e4ch bis zur erfolgreichen Live-Schaltung mit unseren exzellenten Finanzdaten.","breadcrumb":{"@id":"https:\/\/ariva.ag\/datenpower\/#breadcrumb"},"inLanguage":"sv-SE","potentialAction":[{"@type":"ReadAction","target":["https:\/\/ariva.ag\/datenpower\/"]}]},{"@type":"ImageObject","inLanguage":"sv-SE","@id":"https:\/\/ariva.ag\/datenpower\/#primaryimage","url":"https:\/\/ariva.ag\/wp-content\/uploads\/2026\/02\/ARIVA_Logo-orange-1.png","contentUrl":"https:\/\/ariva.ag\/wp-content\/uploads\/2026\/02\/ARIVA_Logo-orange-1.png","width":2500,"height":1313},{"@type":"BreadcrumbList","@id":"https:\/\/ariva.ag\/datenpower\/#breadcrumb","itemListElement":[{"@type":"ListItem","position":1,"name":"Startseite","item":"https:\/\/ariva.ag\/"},{"@type":"ListItem","position":2,"name":"Datenpower"}]},{"@type":"WebSite","@id":"https:\/\/ariva.ag\/#website","url":"https:\/\/ariva.ag\/","name":"ARIVA.AG","description":"","publisher":{"@id":"https:\/\/ariva.ag\/#organization"},"potentialAction":[{"@type":"SearchAction","target":{"@type":"EntryPoint","urlTemplate":"https:\/\/ariva.ag\/?s={search_term_string}"},"query-input":{"@type":"PropertyValueSpecification","valueRequired":true,"valueName":"search_term_string"}}],"inLanguage":"sv-SE"},{"@type":"Organization","@id":"https:\/\/ariva.ag\/#organization","name":"ARIVA: Finanzdaten sind unser Business","url":"https:\/\/ariva.ag\/","logo":{"@type":"ImageObject","inLanguage":"sv-SE","@id":"https:\/\/ariva.ag\/#\/schema\/logo\/image\/","url":"https:\/\/ariva.ag\/wp-content\/uploads\/2024\/08\/Ariva-AG-Logo.png","contentUrl":"https:\/\/ariva.ag\/wp-content\/uploads\/2024\/08\/Ariva-AG-Logo.png","width":295,"height":88,"caption":"ARIVA: Finanzdaten sind unser Business"},"image":{"@id":"https:\/\/ariva.ag\/#\/schema\/logo\/image\/"},"sameAs":["https:\/\/de.linkedin.com\/company\/ariva-de-ag"]}]}},"_links":{"self":[{"href":"https:\/\/ariva.ag\/sv\/wp-json\/wp\/v2\/pages\/10076","targetHints":{"allow":["GET"]}}],"collection":[{"href":"https:\/\/ariva.ag\/sv\/wp-json\/wp\/v2\/pages"}],"about":[{"href":"https:\/\/ariva.ag\/sv\/wp-json\/wp\/v2\/types\/page"}],"author":[{"embeddable":true,"href":"https:\/\/ariva.ag\/sv\/wp-json\/wp\/v2\/users\/7"}],"replies":[{"embeddable":true,"href":"https:\/\/ariva.ag\/sv\/wp-json\/wp\/v2\/comments?post=10076"}],"version-history":[{"count":71,"href":"https:\/\/ariva.ag\/sv\/wp-json\/wp\/v2\/pages\/10076\/revisions"}],"predecessor-version":[{"id":11719,"href":"https:\/\/ariva.ag\/sv\/wp-json\/wp\/v2\/pages\/10076\/revisions\/11719"}],"wp:featuredmedia":[{"embeddable":true,"href":"https:\/\/ariva.ag\/sv\/wp-json\/wp\/v2\/media\/13319"}],"wp:attachment":[{"href":"https:\/\/ariva.ag\/sv\/wp-json\/wp\/v2\/media?parent=10076"}],"curies":[{"name":"wp","href":"https:\/\/api.w.org\/{rel}","templated":true}]}}