{"id":6,"date":"2024-08-26T13:34:04","date_gmt":"2024-08-26T11:34:04","guid":{"rendered":"http:\/\/ariva-test.io.w01f41b5.kasserver.com\/?page_id=6"},"modified":"2025-12-22T12:21:03","modified_gmt":"2025-12-22T11:21:03","slug":"data-alt","status":"publish","type":"page","link":"https:\/\/ariva.ag\/en\/data-alt\/","title":{"rendered":"DATA"},"content":{"rendered":"\n<div class=\"wp-block-media-text has-media-on-the-right is-stacked-on-mobile\" style=\"margin-bottom:75px\"><div class=\"wp-block-media-text__content\">\n<h1 class=\"wp-block-heading has-text-align-left site-headline has-h-1-font-size\" id=\"h-we-live-financial-data\" style=\"padding-left:0px;line-height:1\">We live financial data<\/h1>\n\n\n\n<h2 class=\"wp-block-heading has-text-align-left site-input has-h-2-font-size\" id=\"h-as-a-leading-provider-for-the-supply-of-financial-data-we-offer-services-specifically-tailored-to-the-needs-of-financial-institutions-media-companies-professional-investors-inside-and-private-investors-it-s-called-extra-class-data-delivery\" style=\"padding-left:0px\">As a leading provider for the supply of financial data, we offer services specifically tailored to the needs of financial institutions, media companies, professional investors:inside and private investors. It&#8217;s called extra-class data delivery.<\/h2>\n\n\n<div class=\"wp-block-buttons invert is-content-justification-center is-layout-flex wp-container-core-buttons-is-layout-b5e9308e wp-block-buttons-is-layout-flex\" style=\"margin-top:0;margin-bottom:var(--wp--preset--spacing--50)\">\n<div class=\"wp-block-button invert\"><a class=\"wp-block-button__link wp-element-button\" href=\"https:\/\/ariva.ag\/en\/kontakt\/\">ENQUIRE NOW<\/a><\/div>\n<\/div><\/div><figure class=\"wp-block-media-text__media\"><img loading=\"lazy\" decoding=\"async\" width=\"1024\" height=\"683\" src=\"https:\/\/ariva.ag\/wp-content\/uploads\/2025\/07\/Header_Data_2025-1024x683.png\" alt=\"\" class=\"wp-image-8359 size-full\" srcset=\"https:\/\/ariva.ag\/wp-content\/uploads\/2025\/07\/Header_Data_2025-1024x683.png 1024w, https:\/\/ariva.ag\/wp-content\/uploads\/2025\/07\/Header_Data_2025-300x200.png 300w, https:\/\/ariva.ag\/wp-content\/uploads\/2025\/07\/Header_Data_2025-768x512.png 768w, https:\/\/ariva.ag\/wp-content\/uploads\/2025\/07\/Header_Data_2025-1536x1024.png 1536w, https:\/\/ariva.ag\/wp-content\/uploads\/2025\/07\/Header_Data_2025-2048x1366.png 2048w\" sizes=\"auto, (max-width: 1024px) 100vw, 1024px\" \/><\/figure><\/div>\n\n\n\n<h3 class=\"wp-block-heading has-text-align-center text-left-mobile has-h-3-font-size\" id=\"h-extra-class-data-connections\">Extra-class data connections<\/h3>\n\n\n\n<p class=\"has-text-align-center\">Because high-quality and precise financial information is essential for <strong>sound decision making<\/strong>. Our customers appreciate the extra-class data we provide. <br>With our comprehensive expertise in providing financial data, we guarantee that all information <strong>reliable and quickest<\/strong> available. <br><br>Our data is not only precise, but also about <strong>user-friendly interfaces\/APIs accessible<\/strong>that allow easy integration into your systems. This allows you to access the information you provide for your trading or for the <strong>Presentation on your financial website or financial portal <\/strong>necessary. These are:<\/p>\n\n\n\n<p class=\"has-text-align-center\"><br><\/p>\n\n\n\n<div class=\"wp-block-columns is-layout-flex wp-container-core-columns-is-layout-28f84493 wp-block-columns-is-layout-flex\">\n<div class=\"wp-block-column is-vertically-aligned-top fade-in-element is-layout-flow wp-block-column-is-layout-flow\">\n<figure class=\"wp-block-image aligncenter size-full ariva-icons\"><img loading=\"lazy\" decoding=\"async\" width=\"66\" height=\"65\" src=\"https:\/\/ariva.ag\/wp-content\/uploads\/2024\/12\/Gruppe-67.png\" alt=\"\" class=\"wp-image-1621\" style=\"object-fit:cover\"\/><\/figure>\n\n\n\n<h4 class=\"wp-block-heading has-text-align-center text-left-mobile has-h-2-font-size\" id=\"h-course-data\"><strong>Course data<\/strong><\/h4>\n\n\n\n<p class=\"has-text-align-center\">Extra-class data delivery: real-time courses, delayed stock exchange rates, EOD data and excellent market data in the form of trading volumes, order book data and market depth.<\/p>\n<\/div>\n\n\n\n<div class=\"wp-block-column is-vertically-aligned-top fade-in-element is-layout-flow wp-block-column-is-layout-flow\">\n<figure class=\"wp-block-image aligncenter size-full ariva-icons\"><img loading=\"lazy\" decoding=\"async\" width=\"89\" height=\"89\" src=\"https:\/\/ariva.ag\/wp-content\/uploads\/2024\/12\/Gruppe-71.png\" alt=\"\" class=\"wp-image-1623\" style=\"object-fit:cover\"\/><\/figure>\n\n\n\n<h4 class=\"wp-block-heading has-text-align-center text-left-mobile has-h-2-font-size\" id=\"h-master-files\"><strong>master files<\/strong><\/h4>\n\n\n\n<p class=\"has-text-align-center\">We prepare detailed master data for all <a href=\"https:\/\/de.wikipedia.org\/wiki\/Anlageklasse\">Asset classes<\/a> up. Our securities department ensures highest quality standards. <\/p>\n<\/div>\n\n\n\n<div class=\"wp-block-column is-vertically-aligned-top fade-in-element is-layout-flow wp-block-column-is-layout-flow\">\n<figure class=\"wp-block-image aligncenter size-full ariva-icons\"><img loading=\"lazy\" decoding=\"async\" width=\"72\" height=\"71\" src=\"https:\/\/ariva.ag\/wp-content\/uploads\/2024\/12\/Gruppe-69.png\" alt=\"\" class=\"wp-image-1622\" style=\"object-fit:cover\"\/><\/figure>\n\n\n\n<h4 class=\"wp-block-heading has-text-align-center text-left-mobile has-h-2-font-size\" id=\"h-fundamentals\"><strong>Fundamentals<\/strong><\/h4>\n\n\n\n<p class=\"has-text-align-center\">In addition to supporting the evaluation of annual reports <a href=\"https:\/\/www.boerse.de\/boersenlexikon\/Quartalsbericht#google_vignette\">Quarterly reports<\/a> and fundamental indicators the quality of this database. We call it: Extra-class data delivery.<\/p>\n<\/div>\n\n\n\n<div class=\"wp-block-column is-vertically-aligned-top fade-in-element is-layout-flow wp-block-column-is-layout-flow\">\n<figure class=\"wp-block-image aligncenter size-full ariva-icons\"><img loading=\"lazy\" decoding=\"async\" width=\"81\" height=\"65\" src=\"https:\/\/ariva.ag\/wp-content\/uploads\/2024\/12\/Gruppe-59.png\" alt=\"\" class=\"wp-image-1620\" style=\"object-fit:cover\"\/><\/figure>\n\n\n\n<h4 class=\"wp-block-heading has-text-align-center text-left-mobile has-h-2-font-size\" id=\"h-number\"><strong>Number<\/strong><\/h4>\n\n\n\n<p class=\"has-text-align-center\">We refine fundamental data and price information with many key figures, including our own market indicators such as oscillators and moving averages, thus ensuring our first-class data delivery.<\/p>\n<\/div>\n<\/div>\n\n\n\t<div class=\"ariva-boxed-teaser ariva-boxed-teaser-extrastandard\">\n\t\t\t\t\t\t\t\t<a href=\"https:\/\/ariva.ag\/en\/aktien-indizes\/\" class=\"ariva-more-inline ariva-box  \">\n\t\t\t\t<h3>Shares &#038; Indices<\/h3>\n\t\t\t\t<span class=\"ariva-excerpt\">We make real-time courses and historical data of more than 200 trading venues available. Whether DAX, Dow Jones, Nasdaq or Nikkei, we have access to a wide range of shares and indices from all over the world.<\/span>\n\t\t\t<\/a>\n\t\t\t\t\t\t\t\t<a href=\"https:\/\/ariva.ag\/en\/fonds-etfs\/\" class=\"ariva-more-inline ariva-box  \">\n\t\t\t\t<h3>Fund &#038; ETFs<\/h3>\n\t\t\t\t<span class=\"ariva-excerpt\">With more than 34,000 funds from around 437 fund companies, ARIVA covers most of the products that can be traded in Germany. In addition to actively managed products, data are available for more than 2,000 ETFs traded on German stock exchanges. Our offer includes master data, course data, key figures and detailed overviews.<\/span>\n\t\t\t<\/a>\n\t\t\t\t\t\t\t\t<a href=\"https:\/\/ariva.ag\/en\/fundamentaldaten\/\" class=\"ariva-more-inline ariva-box  \">\n\t\t\t\t<h3>Fundamentals<\/h3>\n\t\t\t\t<span class=\"ariva-excerpt\">Our database provides fundamental data, dividends and model price calculations for large companies worldwide to enable fair corporate assessment. Knowledge is power! ARIVA allows anyone interested to access well-founded data.<\/span>\n\t\t\t<\/a>\n\t\t\t\t\t\t\t\t<a href=\"https:\/\/ariva.ag\/en\/kennzahlen\/\" class=\"ariva-more-inline ariva-box  \">\n\t\t\t\t<h3>Indications &#038; key figures<\/h3>\n\t\t\t\t<span class=\"ariva-excerpt\">In the certificate area, we provide specific rating codes. We support the fundamental analysis with classic key figures such as KGV, KBV and dividend yield. In addition, there are a number of technical indicators and oscillators that provide precise signals for optimal entry and exit times.<\/span>\n\t\t\t<\/a>\n\t\t\t\t\t\t\t\t<a href=\"https:\/\/ariva.ag\/en\/rohstoffedevisenkryptowaehrungen\/\" class=\"ariva-more-inline ariva-box  \">\n\t\t\t\t<h3>Raw materials, foreign exchange, cryptocurrencies<\/h3>\n\t\t\t\t<span class=\"ariva-excerpt\">ARIVA provides price information on raw materials and foreign exchange, consolidated data feeds with currently different cryptocurrencies and price data of the current trading venues. We create our own indications of stock indices, currency pairs and raw materials regardless of stock exchange trading times without time delay.<\/span>\n\t\t\t<\/a>\n\t\t\t\t\t\t\t\t<a href=\"https:\/\/ariva.ag\/en\/zertifikate-anleihen\/\" class=\"ariva-more-inline ariva-box  \">\n\t\t\t\t<h3>Certificates &#038; Bonds<\/h3>\n\t\t\t\t<span class=\"ariva-excerpt\">ARIVA allows access to the largest derivative database in Germany. All important information on structured products traded on German stock exchanges is available. The data is ideal for websites, financial applications or back office solutions.<\/span>\n\t\t\t<\/a>\n\t\t\t<\/div>\n\n\n\n<p class=\"has-text-align-center mobile-hidden\" style=\"margin-top:var(--wp--preset--spacing--60)\">Many customers: for years, they have been relying on the precise and reliable <strong>Financial data of ARIVA<\/strong>. Our data is used in a variety of areas, from banks and stock exchanges to fintechs and private individuals. Extra-class data delivery makes this possible. Here you can find a selection of successfully implemented <strong>Cases<\/strong> from our <strong>Data area<\/strong>to give you a comprehensive insight into the <strong>Versatile and quality<\/strong> of our services. For more information and regularly updated examples, simply visit the menu item <strong>CASES<\/strong>where you get the complete overview. There are constantly new developments in our <strong>News section<\/strong>that you should not miss. Hold on! <\/p>\n\n\n\n<div class=\"wp-block-group breiter has-global-padding is-layout-constrained wp-block-group-is-layout-constrained\">    <div class=\"cases-preview\">\n\t\t<div class=\"container\">\n\t\t\t<div class=\"arheadgl\">\n                <h2 class=\"ariva-cases-bubble\">ARIVA CASES<\/h2>\n            <\/div>\n\t\t\t<div class=\"cases-preview-list\">\n\t\t\t\t\t\t\t\t\t\t\t\t\t\t<a class=\"case featured cat_allgemein cat_cases cat_cases_data\" href=\"https:\/\/ariva.ag\/en\/case-finaplus\/\">\n\t\t\t\t\t\t\t\t\t\t\t    \t\t<img decoding=\"async\" class=\"thumbnail\" src=\"https:\/\/ariva.ag\/wp-content\/uploads\/2026\/04\/logo_finaplus_transparent.png\" alt=\"Cases Finaplus\">\n\t\t\t\t\t\t                \t\t<span class=\"case-intro\"><p>Mit ihrer Wealth-as-a-Service-Plattform deckt Finaplus die gesamte Wertsch&#xF6;pfungskette im Wealth Management und Private Banking ab. Von <span class=\"\" data-mobile-support=\"0\" data-gt-translate-attributes='[{\"attribute\":\"data-cmtooltip\", \"format\":\"html\"}]' tabindex=\"0\" role=\"link\"><span class=\"\" data-mobile-support=\"0\" data-gt-translate-attributes='[{\"attribute\":\"data-cmtooltip\", \"format\":\"html\"}]' tabindex=\"0\" role=\"link\">Portfolio<\/span>management<\/span>, Reporting und Controlling &uuml;ber Back- und Middle-Office-Funktionen bis hin zu Onboarding, CRM, Compliance und Buchungsservices. Zu den Kunden z&auml;hlen Banken, Verm&ouml;gensverwalter, Family Offices und Stiftungen. <span class=\"\"  data-mobile-support=\"0\"  data-gt-translate-attributes='[{\"attribute\":\"data-cmtooltip\", \"format\":\"html\"}]' tabindex='0' role='link'>Brief<\/span>ing \/\/ Im anspruchsvollen Umfeld des Wealth Managements sind pr&auml;zise <span class=\"\"  data-mobile-support=\"0\"  data-gt-translate-attributes='[{\"attribute\":\"data-cmtooltip\", \"format\":\"html\"}]' tabindex='0' role='link'>Markt<\/span>&#8211; und Produktinformationen [&hellip;]<\/p><\/span>\n\t\t\t\t\t<\/a>\n\t\t\t\t\t\t\t\t\t\t\t\t\t\t<a class=\"case featured cat_allgemein cat_cases cat_cases_data\" href=\"https:\/\/ariva.ag\/en\/cases-nuways\/\">\n\t\t\t\t\t\t\t\t\t\t\t    \t\t<img decoding=\"async\" class=\"thumbnail\" src=\"https:\/\/ariva.ag\/wp-content\/uploads\/2025\/10\/NuWays_Logos_farbe_klein.png\" alt=\"Cases Nuways\">\n\t\t\t\t\t\t                \t\t<span class=\"case-intro\"><p>NuWays offers investor: equal access toEquity ResearchandTransactionat the same time, companies provide a platform to address new investors and to raise growth c<span class=\"\"  data-mobile-support=\"0\"  data-gt-translate-attributes='[{\"attribute\":\"data-cmtooltip\", \"format\":\"html\"}]' tabindex='0' role='link'>api<\/span>tal. The range of services ranges fromEquity Research&ndash; in the form of a research feed, stock reports and analyses &ndash; toEquity C<span class=\"\"  data-mobile-support=\"0\"  data-gt-translate-attributes='[{\"attribute\":\"data-cmtooltip\", \"format\":\"html\"}]' tabindex='0' role='link'>api<\/span>tal Markets, in which companies are supported in matters of financing and [&hellip;]<\/p><\/span>\n\t\t\t\t\t<\/a>\n\t\t\t\t\t\t\t\t\t\t\t\t\t\t<a class=\"case featured cat_cases cat_cases_data\" href=\"https:\/\/ariva.ag\/en\/helaba\/\">\n\t\t\t\t\t\t\t\t\t\t\t    \t\t<img decoding=\"async\" class=\"thumbnail\" src=\"https:\/\/ariva.ag\/wp-content\/uploads\/2025\/06\/helaba-logo-transparent.png\" alt=\"CASE\">\n\t\t\t\t\t\t                \t\t<span class=\"case-intro\"><p>Helaba (Landesbank Hessen-Th&uuml;ringen) based in Frankfurt am Main is a leading Commercial and Landesbank. As a central bank for savings banks Hessen, Thuringia, North Rhine-Westphalia and Brandenburg offers classic banking services as well as sound expertise in real estate and project financing, c<span class=\"\"  data-mobile-support=\"0\"  data-gt-translate-attributes='[{\"attribute\":\"data-cmtooltip\", \"format\":\"html\"}]' tabindex='0' role='link'>api<\/span>tal market business and asset management. Customer \/\/ Helaba (Landesbank Hessen-Th&uuml;ringen) <span class=\"\"  data-mobile-support=\"0\"  data-gt-translate-attributes='[{\"attribute\":\"data-cmtooltip\", \"format\":\"html\"}]' tabindex='0' role='link'>Brief<\/span>ing \/\/ [&hellip;]<\/p><\/span>\n\t\t\t\t\t<\/a>\n\t\t\t\t\t\t\t<\/div>\n\t\t<\/div>\n    <\/div>\n<\/div>\n\n\n\n<div style=\"height:100px\" aria-hidden=\"true\" class=\"wp-block-spacer\"><\/div>\n\n\n<div class=\"wp-block-buttons call-to-action has-accent-background-color has-background is-content-justification-center is-layout-flex wp-container-core-buttons-is-layout-44da0941 wp-block-buttons-is-layout-flex\" style=\"padding-top:var(--wp--preset--spacing--70);padding-bottom:var(--wp--preset--spacing--70)\">\n<div class=\"wp-block-button has-custom-width wp-block-button__width-25 invert\"><a class=\"wp-block-button__link wp-element-button\" href=\"javascript:history.back()\">\u2190 BACK TO OVERVIEW<\/a><\/div>\n\n\n\n<div class=\"wp-block-button has-custom-width wp-block-button__width-25 invert\"><a class=\"wp-block-button__link wp-element-button\" href=\"https:\/\/ariva.ag\/en\/kontakt\/\">ENQUIRE NOW<\/a><\/div>\n\n\n\n<div class=\"wp-block-button has-custom-width wp-block-button__width-25 invert\"><a class=\"wp-block-button__link wp-element-button\" href=\"https:\/\/ariva.ag\/ariva-news\/\">ARIVA NEWS<\/a><\/div>\n<\/div>","protected":false},"excerpt":{"rendered":"<p>Extra-class data connections Because high-quality and precise financial information is essential for sound decision making. Our customers appreciate the extra-class data we provide. With our comprehensive expertise in providing financial data, we guarantee that all information reliable and quickest available. Our data is not only precise, but also about user-friendly interfaces\/<span class=\"\" data-mobile-support=\"0\" data-gt-translate-attributes='[{\"attribute\":\"data-cmtooltip\", \"format\":\"html\"}]' tabindex=\"0\" role=\"link\"><span class=\"\"  data-mobile-support=\"0\"  data-gt-translate-attributes='[{\"attribute\":\"data-cmtooltip\", \"format\":\"html\"}]' tabindex='0' role='link'>API<\/span><\/span>s accessiblethat allow easy integration [&#x2026;]<\/p>\n","protected":false},"author":2,"featured_media":8359,"parent":0,"menu_order":0,"comment_status":"closed","ping_status":"closed","template":"","meta":{"content-type":"","footnotes":"[]"},"class_list":["post-6","page","type-page","status-publish","has-post-thumbnail","hentry"],"yoast_head":"<!-- This site is optimized with the Yoast SEO Premium plugin v27.2 (Yoast SEO v27.2) - https:\/\/yoast.com\/product\/yoast-seo-premium-wordpress\/ -->\n<title>Datenlieferung der Extraklasse! ARIVA: Finanzdaten sind unser Business<\/title>\n<meta name=\"description\" content=\"Erfahre alles \u00fcber die Datenlieferung der Extraklasse. Hohe Qualit\u00e4t und pr\u00e4zise Finanzinformationen warten auf dich.\" \/>\n<meta name=\"robots\" content=\"index, follow, max-snippet:-1, max-image-preview:large, max-video-preview:-1\" \/>\n<link rel=\"canonical\" href=\"https:\/\/ariva.ag\/en\/data-alt\/\" \/>\n<meta property=\"og:locale\" content=\"en_US\" \/>\n<meta property=\"og:locale:alternate\" content=\"de_DE\" \/>\n<meta property=\"og:locale:alternate\" content=\"da_DK\" \/>\n<meta property=\"og:locale:alternate\" content=\"sv_SE\" \/>\n<meta property=\"og:type\" content=\"article\" \/>\n<meta property=\"og:title\" content=\"DATA\" \/>\n<meta property=\"og:description\" content=\"DATA\" \/>\n<meta property=\"og:url\" content=\"https:\/\/ariva.ag\/en\/data-alt\/\" \/>\n<meta property=\"og:site_name\" content=\"ARIVA: Finanzdaten sind unser Business\" \/>\n<meta property=\"article:modified_time\" content=\"2025-12-22T11:21:03+00:00\" \/>\n<meta property=\"og:image\" content=\"https:\/\/ariva.ag\/wp-content\/uploads\/2025\/07\/Header_Data_2025-1024x683.png\" \/>\n\t<meta property=\"og:image:width\" content=\"1024\" \/>\n\t<meta property=\"og:image:height\" content=\"683\" \/>\n\t<meta property=\"og:image:type\" content=\"image\/png\" \/>\n<meta name=\"twitter:card\" content=\"summary_large_image\" \/>\n<meta name=\"twitter:label1\" content=\"Estimated reading time\" \/>\n\t<meta name=\"twitter:data1\" content=\"9 minutes\" \/>\n<script type=\"application\/ld+json\" class=\"yoast-schema-graph\">{\"@context\":\"https:\/\/schema.org\",\"@graph\":[{\"@type\":\"WebPage\",\"@id\":\"https:\/\/ariva.ag\/data-alt\/\",\"url\":\"https:\/\/ariva.ag\/data-alt\/\",\"name\":\"Datenlieferung der Extraklasse! ARIVA: Finanzdaten sind unser Business\",\"isPartOf\":{\"@id\":\"https:\/\/ariva.ag\/#website\"},\"primaryImageOfPage\":{\"@id\":\"https:\/\/ariva.ag\/data-alt\/#primaryimage\"},\"image\":{\"@id\":\"https:\/\/ariva.ag\/data-alt\/#primaryimage\"},\"thumbnailUrl\":\"https:\/\/ariva.ag\/wp-content\/uploads\/2025\/07\/Header_Data_2025.png\",\"datePublished\":\"2024-08-26T11:34:04+00:00\",\"dateModified\":\"2025-12-22T11:21:03+00:00\",\"description\":\"Erfahre alles \u00fcber die Datenlieferung der Extraklasse. Hohe Qualit\u00e4t und pr\u00e4zise Finanzinformationen warten auf dich.\",\"breadcrumb\":{\"@id\":\"https:\/\/ariva.ag\/data-alt\/#breadcrumb\"},\"inLanguage\":\"en-GB\",\"potentialAction\":[{\"@type\":\"ReadAction\",\"target\":[\"https:\/\/ariva.ag\/data-alt\/\"]}]},{\"@type\":\"ImageObject\",\"inLanguage\":\"en-GB\",\"@id\":\"https:\/\/ariva.ag\/data-alt\/#primaryimage\",\"url\":\"https:\/\/ariva.ag\/wp-content\/uploads\/2025\/07\/Header_Data_2025.png\",\"contentUrl\":\"https:\/\/ariva.ag\/wp-content\/uploads\/2025\/07\/Header_Data_2025.png\",\"width\":2500,\"height\":1667},{\"@type\":\"BreadcrumbList\",\"@id\":\"https:\/\/ariva.ag\/data-alt\/#breadcrumb\",\"itemListElement\":[{\"@type\":\"ListItem\",\"position\":1,\"name\":\"Startseite\",\"item\":\"https:\/\/ariva.ag\/\"},{\"@type\":\"ListItem\",\"position\":2,\"name\":\"DATA (ALT)\"}]},{\"@type\":\"WebSite\",\"@id\":\"https:\/\/ariva.ag\/#website\",\"url\":\"https:\/\/ariva.ag\/\",\"name\":\"ARIVA.AG\",\"description\":\"\",\"publisher\":{\"@id\":\"https:\/\/ariva.ag\/#organization\"},\"potentialAction\":[{\"@type\":\"SearchAction\",\"target\":{\"@type\":\"EntryPoint\",\"urlTemplate\":\"https:\/\/ariva.ag\/?s={search_term_string}\"},\"query-input\":{\"@type\":\"PropertyValueSpecification\",\"valueRequired\":true,\"valueName\":\"search_term_string\"}}],\"inLanguage\":\"en-GB\"},{\"@type\":\"Organization\",\"@id\":\"https:\/\/ariva.ag\/#organization\",\"name\":\"ARIVA: Finanzdaten sind unser Business\",\"url\":\"https:\/\/ariva.ag\/\",\"logo\":{\"@type\":\"ImageObject\",\"inLanguage\":\"en-GB\",\"@id\":\"https:\/\/ariva.ag\/#\/schema\/logo\/image\/\",\"url\":\"https:\/\/ariva.ag\/wp-content\/uploads\/2024\/08\/Ariva-AG-Logo.png\",\"contentUrl\":\"https:\/\/ariva.ag\/wp-content\/uploads\/2024\/08\/Ariva-AG-Logo.png\",\"width\":295,\"height\":88,\"caption\":\"ARIVA: Finanzdaten sind unser Business\"},\"image\":{\"@id\":\"https:\/\/ariva.ag\/#\/schema\/logo\/image\/\"},\"sameAs\":[\"https:\/\/de.linkedin.com\/company\/ariva-de-ag\"]}]}<\/script>\n<!-- \/ Yoast SEO Premium plugin. -->","yoast_head_json":{"title":"Datenlieferung der Extraklasse! ARIVA: Finanzdaten sind unser Business","description":"Erfahre alles \u00fcber die Datenlieferung der Extraklasse. Hohe Qualit\u00e4t und pr\u00e4zise Finanzinformationen warten auf dich.","robots":{"index":"index","follow":"follow","max-snippet":"max-snippet:-1","max-image-preview":"max-image-preview:large","max-video-preview":"max-video-preview:-1"},"canonical":"https:\/\/ariva.ag\/en\/data-alt\/","og_locale":"en_US","og_type":"article","og_title":"ARIVA: Finanzdaten sind unser Business | [:de]DATA (ALT)[:en]DATA[:da]DATA[:sv]DATA[:]","og_description":"[:de]DATA (ALT)[:en]DATA[:da]DATA[:sv]DATA[:]","og_url":"https:\/\/ariva.ag\/en\/data-alt\/","og_site_name":"ARIVA: Finanzdaten sind unser Business","article_modified_time":"2025-12-22T11:21:03+00:00","og_image":[{"width":1024,"height":683,"url":"https:\/\/ariva.ag\/wp-content\/uploads\/2025\/07\/Header_Data_2025-1024x683.png","type":"image\/png"}],"twitter_card":"summary_large_image","twitter_misc":{"Estimated reading time":"9 minutes"},"schema":{"@context":"https:\/\/schema.org","@graph":[{"@type":"WebPage","@id":"https:\/\/ariva.ag\/data-alt\/","url":"https:\/\/ariva.ag\/data-alt\/","name":"Datenlieferung der Extraklasse! ARIVA: Finanzdaten sind unser Business","isPartOf":{"@id":"https:\/\/ariva.ag\/#website"},"primaryImageOfPage":{"@id":"https:\/\/ariva.ag\/data-alt\/#primaryimage"},"image":{"@id":"https:\/\/ariva.ag\/data-alt\/#primaryimage"},"thumbnailUrl":"https:\/\/ariva.ag\/wp-content\/uploads\/2025\/07\/Header_Data_2025.png","datePublished":"2024-08-26T11:34:04+00:00","dateModified":"2025-12-22T11:21:03+00:00","description":"Erfahre alles \u00fcber die Datenlieferung der Extraklasse. Hohe Qualit\u00e4t und pr\u00e4zise Finanzinformationen warten auf dich.","breadcrumb":{"@id":"https:\/\/ariva.ag\/data-alt\/#breadcrumb"},"inLanguage":"en-GB","potentialAction":[{"@type":"ReadAction","target":["https:\/\/ariva.ag\/data-alt\/"]}]},{"@type":"ImageObject","inLanguage":"en-GB","@id":"https:\/\/ariva.ag\/data-alt\/#primaryimage","url":"https:\/\/ariva.ag\/wp-content\/uploads\/2025\/07\/Header_Data_2025.png","contentUrl":"https:\/\/ariva.ag\/wp-content\/uploads\/2025\/07\/Header_Data_2025.png","width":2500,"height":1667},{"@type":"BreadcrumbList","@id":"https:\/\/ariva.ag\/data-alt\/#breadcrumb","itemListElement":[{"@type":"ListItem","position":1,"name":"Startseite","item":"https:\/\/ariva.ag\/"},{"@type":"ListItem","position":2,"name":"DATA (ALT)"}]},{"@type":"WebSite","@id":"https:\/\/ariva.ag\/#website","url":"https:\/\/ariva.ag\/","name":"ARIVA.AG","description":"","publisher":{"@id":"https:\/\/ariva.ag\/#organization"},"potentialAction":[{"@type":"SearchAction","target":{"@type":"EntryPoint","urlTemplate":"https:\/\/ariva.ag\/?s={search_term_string}"},"query-input":{"@type":"PropertyValueSpecification","valueRequired":true,"valueName":"search_term_string"}}],"inLanguage":"en-GB"},{"@type":"Organization","@id":"https:\/\/ariva.ag\/#organization","name":"ARIVA: Finanzdaten sind unser Business","url":"https:\/\/ariva.ag\/","logo":{"@type":"ImageObject","inLanguage":"en-GB","@id":"https:\/\/ariva.ag\/#\/schema\/logo\/image\/","url":"https:\/\/ariva.ag\/wp-content\/uploads\/2024\/08\/Ariva-AG-Logo.png","contentUrl":"https:\/\/ariva.ag\/wp-content\/uploads\/2024\/08\/Ariva-AG-Logo.png","width":295,"height":88,"caption":"ARIVA: Finanzdaten sind unser Business"},"image":{"@id":"https:\/\/ariva.ag\/#\/schema\/logo\/image\/"},"sameAs":["https:\/\/de.linkedin.com\/company\/ariva-de-ag"]}]}},"_links":{"self":[{"href":"https:\/\/ariva.ag\/en\/wp-json\/wp\/v2\/pages\/6","targetHints":{"allow":["GET"]}}],"collection":[{"href":"https:\/\/ariva.ag\/en\/wp-json\/wp\/v2\/pages"}],"about":[{"href":"https:\/\/ariva.ag\/en\/wp-json\/wp\/v2\/types\/page"}],"author":[{"embeddable":true,"href":"https:\/\/ariva.ag\/en\/wp-json\/wp\/v2\/users\/2"}],"replies":[{"embeddable":true,"href":"https:\/\/ariva.ag\/en\/wp-json\/wp\/v2\/comments?post=6"}],"version-history":[{"count":196,"href":"https:\/\/ariva.ag\/en\/wp-json\/wp\/v2\/pages\/6\/revisions"}],"predecessor-version":[{"id":12949,"href":"https:\/\/ariva.ag\/en\/wp-json\/wp\/v2\/pages\/6\/revisions\/12949"}],"wp:featuredmedia":[{"embeddable":true,"href":"https:\/\/ariva.ag\/en\/wp-json\/wp\/v2\/media\/8359"}],"wp:attachment":[{"href":"https:\/\/ariva.ag\/en\/wp-json\/wp\/v2\/media?parent=6"}],"curies":[{"name":"wp","href":"https:\/\/api.w.org\/{rel}","templated":true}]}}