{"id":13950,"date":"2026-04-22T10:20:58","date_gmt":"2026-04-22T08:20:58","guid":{"rendered":"https:\/\/ariva.ag\/?page_id=13950"},"modified":"2026-04-30T12:40:44","modified_gmt":"2026-04-30T10:40:44","slug":"rohstoffe","status":"publish","type":"page","link":"https:\/\/ariva.ag\/en\/rohstoffe\/","title":{"rendered":"Rohstoffm\u00e4rkte"},"content":{"rendered":"<div class=\"wp-block-cover is-light has-custom-content-position is-position-top-left half-overlay-left full-width\" style=\"padding-top:var(--wp--preset--spacing--60);padding-right:0;padding-bottom:0;padding-left:0;min-height:571px;aspect-ratio:unset;\"><video class=\"wp-block-cover__video-background intrinsic-ignore\" autoplay muted loop playsinline src=\"https:\/\/ariva.ag\/wp-content\/uploads\/2026\/03\/AdobeStock_218939152.mov\" data-object-fit=\"cover\"><\/video><span aria-hidden=\"true\" class=\"wp-block-cover__background has-background-dim-0 has-background-dim\"><\/span><div class=\"wp-block-cover__inner-container has-global-padding is-layout-constrained wp-container-core-cover-is-layout-ccfed9aa wp-block-cover-is-layout-constrained\">\n<div class=\"wp-block-group header-link-stapel is-vertical is-layout-flex wp-container-core-group-is-layout-bc2703b5 wp-block-group-is-layout-flex\" style=\"padding-top:0;padding-right:0;padding-bottom:0;padding-left:var(--wp--preset--spacing--70)\">\n<figure class=\"wp-block-image alignleft size-full is-resized ps-0-mobile ariva-logo\"><a href=\"http:\/\/ariva.ag\"><img loading=\"lazy\" decoding=\"async\" width=\"2560\" height=\"766\" src=\"https:\/\/ariva.ag\/wp-content\/uploads\/2026\/03\/ARIVA-DE-AG-Logo-weiss_1500-1.png\" alt=\"\" class=\"wp-image-13522\" style=\"width:114px;height:auto\" srcset=\"https:\/\/ariva.ag\/wp-content\/uploads\/2026\/03\/ARIVA-DE-AG-Logo-weiss_1500-1.png 2560w, https:\/\/ariva.ag\/wp-content\/uploads\/2026\/03\/ARIVA-DE-AG-Logo-weiss_1500-1-300x90.png 300w, https:\/\/ariva.ag\/wp-content\/uploads\/2026\/03\/ARIVA-DE-AG-Logo-weiss_1500-1-1024x306.png 1024w, https:\/\/ariva.ag\/wp-content\/uploads\/2026\/03\/ARIVA-DE-AG-Logo-weiss_1500-1-768x230.png 768w, https:\/\/ariva.ag\/wp-content\/uploads\/2026\/03\/ARIVA-DE-AG-Logo-weiss_1500-1-1536x460.png 1536w, https:\/\/ariva.ag\/wp-content\/uploads\/2026\/03\/ARIVA-DE-AG-Logo-weiss_1500-1-2048x613.png 2048w\" sizes=\"auto, (max-width: 2560px) 100vw, 2560px\"\/><\/a><\/figure>\n\n\n\n<div class=\"wp-block-group links has-global-padding is-layout-constrained wp-block-group-is-layout-constrained\">\n<p class=\"has-text-align-left nowrap has-cbackground-color has-text-color has-link-color has-h-5-font-size wp-elements-0f745301b443179238163a7b9947471c\" style=\"font-style:normal;font-weight:100\"><span class=\"\"  data-mobile-support=\"0\"  data-gt-translate-attributes='[{\"attribute\":\"data-cmtooltip\", \"format\":\"html\"}]' tabindex='0' role='link'>MARKT<\/span>DATEN F&Uuml;R<br>ROHSTOFFM&#xC4;RKTE<\/p>\n<\/div>\n<\/div>\n\n\n\n<style>\n.ariva-logo > a > img {\nwidth: 190px !important;\n}\n\n.half-overlay-left {\n  position: relative;\n}\n\n.half-overlay-left::before {\n  content: \"\";\n  position: absolute;\n  top: 0;\n  left: 0;\n  width: 50%;\n  height: 100%;\n  background: rgba(0, 0, 0, 0.5);\n  z-index: 1;\n}\n\n.half-overlay-left .wp-block-cover__inner-container {\n  position: relative;\n  z-index: 2;\n}\n\n.wp-block-cover__inner-container {\nheight: 500px;\n}\n\n.header-link-stapel {\nheight: 100%;\ndisplay: flex;\nflex-direction: column;\njustify-content: space-between;\nwidth: 50%;\nmargin-left: 0 !important;\n}\n\n.nowrap {\nwhite-space: nowrap;\n}\n\n\/* Mobile: unter 800px Overlay vollfl&auml;chig *\/\n@media (max-width: 1101px) {\n.half-overlay-left figure {\ntext-align: left !important;\n}\n.half-overlay-left .links figure {\nwidth: 10% !important;\n}\n}\n\n@media (max-width: 799px) {\n  .half-overlay-left::before {\n    width: 100%;\n  }\n}\n\n@media (min-width: 800px) {\n.links {\nwidth: 50%\n}\n}\n<\/style>\n\n\n\n<div style=\"height:50px\" aria-hidden=\"true\" class=\"wp-block-spacer\"><\/div>\n<\/div><\/div><div style=\"height:50px\" aria-hidden=\"true\" class=\"wp-block-spacer\"><\/div><p class=\"has-text-align-center\">Rohstoffm&#xE4;rkte z&#xE4;hlen zu den dynamischsten und volatilsten Segmenten der globalen Finanzwelt. Preise f&#xFC;r &#xD6;l, Gold oder Energie k&#xF6;nnen sich innerhalb k&#xFC;rzester Zeit ver&#xE4;ndern und haben direkten Einfluss auf Handelsentscheidungen, Risikomanagement und strategische Planung. <\/p><p class=\"has-text-align-center\">F&uuml;r Unternehmen im Rohstoffhandel bedeutet das: Wer fundierte Entscheidungen treffen will, braucht zuverl&auml;ssige und strukturierte <span class=\"\"  data-mobile-support=\"0\"  data-gt-translate-attributes='[{\"attribute\":\"data-cmtooltip\", \"format\":\"html\"}]' tabindex='0' role='link'>Markt<\/span>daten. ARIVA liefert als f&uuml;hrender Anbieter von Finanzdaten in der DACH-Regiom neben <span class=\"\"  data-mobile-support=\"0\"  data-gt-translate-attributes='[{\"attribute\":\"data-cmtooltip\", \"format\":\"html\"}]' tabindex='0' role='link'>Markt<\/span>daten auch eigene Indikationen.<\/p><div style=\"height:50px\" aria-hidden=\"true\" class=\"wp-block-spacer\"><\/div><div class=\"wp-block-media-text has-media-on-the-right is-stacked-on-mobile is-image-fill-element\"><div class=\"wp-block-media-text__content\">\n<p class=\"has-h-3-font-size\" style=\"font-style:normal;font-weight:100\">REALTIME INDIKATIONEN<\/p>\n\n\n\n<hr class=\"wp-block-separator has-text-color has-cbackground-color has-alpha-channel-opacity has-cbackground-background-color has-background is-style-default\" style=\"margin-top:0;margin-bottom:0\">\n\n\n\n<p class=\"has-cbackground-color has-text-color has-link-color has-paragraph-font-size wp-elements-cec85e33451ea11478ba4aed56701f5b\" style=\"margin-right:0;margin-left:0\">ARIVA-Indikationen bieten Realtime-Orientierung f&#xFC;r M&#xE4;rkte und k&#xF6;nnen sowohl intern f&#xFC;r Handelszwecke als auch extern auf Webseiten eingesetzt werden. Sie decken unter anderem folgende Bereiche ab:<\/p>\n\n\n\n<div class=\"wp-block-columns is-layout-flex wp-container-core-columns-is-layout-54823d0e wp-block-columns-is-layout-flex\" style=\"margin-top:0;margin-bottom:0;padding-top:0;padding-right:0;padding-bottom:0;padding-left:0\">\n<div class=\"wp-block-column is-vertically-aligned-center is-layout-flow wp-block-column-is-layout-flow\" style=\"padding-right:0\">\n<p class=\"has-text-align-left has-cbackground-color has-text-color has-link-color has-sm-font-size wp-elements-d7de20971015b859877e18352e9f9e7a\" style=\"line-height:2.7\">Aluminium London Rolling<br>Baumwolle NYBOT Rolling<br>Benzin NYMEX Rolling<br>Blei London Rolling<br>Brent Crude Roh&#xF6;l ICE Rolling<br>Diesel ICE Rolling<br>Erdgas NYMEX Rolling<br>Goldpreis<\/p>\n<\/div>\n\n\n\n<div class=\"wp-block-column is-layout-flow wp-block-column-is-layout-flow\" style=\"padding-right:var(--wp--preset--spacing--40)\">\n<p class=\"has-text-align-left has-cbackground-color has-text-color has-link-color has-sm-font-size wp-elements-fe4cda7a336c3a3947aa63a698d1a4ba\" style=\"line-height:2.7\">Heiz&#xF6;l NYMEX<br>Kaffee NYBOT Rolling<br>Kakao NYBOT Rolling<br>Kupfer London Rolling<br>Mais CBOT Rolling<br>Nickel London Rolling<br>Orangensaft NYBOT Rolling<br>Palladium<\/p>\n<\/div>\n\n\n\n<div class=\"wp-block-column is-layout-flow wp-block-column-is-layout-flow\">\n<p class=\"has-text-align-left has-cbackground-color has-text-color has-link-color has-sm-font-size wp-elements-c18d623c4bec39603ad9e27095205315\" style=\"line-height:2.7\">Platin<br>Silber<br>Sojabohnen CBOT Rolling<br>Weizen CBOT Rolling<br>WTI Roh&#xF6;l NYMEX Rolling<br>Zink London Rolling<br>Zinn London Rolling<br>Zucker NYBOT Rolling<\/p>\n<\/div>\n<\/div>\n\n\n\n<style>\n.wp-block-separator {\nmargin-left: 0;\n}\n<\/style>\n\n\n\n<p><\/p>\n<\/div><figure class=\"wp-block-media-text__media\"><img loading=\"lazy\" decoding=\"async\" width=\"1024\" height=\"683\" src=\"https:\/\/ariva.ag\/wp-content\/uploads\/2026\/04\/DSC_9854_bearbeitet-1024x683.jpg\" alt=\"\" class=\"wp-image-13952 size-full\" style=\"object-position:50% 50%\" srcset=\"https:\/\/ariva.ag\/wp-content\/uploads\/2026\/04\/DSC_9854_bearbeitet-1024x683.jpg 1024w, https:\/\/ariva.ag\/wp-content\/uploads\/2026\/04\/DSC_9854_bearbeitet-300x200.jpg 300w, https:\/\/ariva.ag\/wp-content\/uploads\/2026\/04\/DSC_9854_bearbeitet-768x512.jpg 768w, https:\/\/ariva.ag\/wp-content\/uploads\/2026\/04\/DSC_9854_bearbeitet-1536x1024.jpg 1536w, https:\/\/ariva.ag\/wp-content\/uploads\/2026\/04\/DSC_9854_bearbeitet-2048x1366.jpg 2048w\" sizes=\"auto, (max-width: 1024px) 100vw, 1024px\"\/><\/figure><\/div><div style=\"height:50px\" aria-hidden=\"true\" class=\"wp-block-spacer\"><\/div><p class=\"has-text-align-center has-h-1-font-size\"><span class=\"\"  data-mobile-support=\"0\"  data-gt-translate-attributes='[{\"attribute\":\"data-cmtooltip\", \"format\":\"html\"}]' tabindex='0' role='link'>Markt<\/span>daten<\/p><p class=\"has-text-align-center\">Ob f&uuml;r Trading-Anwendungen, Analyse-Tools oder die Darstellung auf eigenen Plattformen. Eine stabile Datenbasis ist der Schl&uuml;ssel, um M&auml;rkte zu verstehen und Entwicklungen fr&uuml;hzeitig zu erkennen. Unsere <span class=\"\"  data-mobile-support=\"0\"  data-gt-translate-attributes='[{\"attribute\":\"data-cmtooltip\", \"format\":\"html\"}]' tabindex='0' role='link'>Markt<\/span>daten lassen sich einfach &uuml;ber unsere Finanzdaten-<span class=\"\"  data-mobile-support=\"0\"  data-gt-translate-attributes='[{\"attribute\":\"data-cmtooltip\", \"format\":\"html\"}]' tabindex='0' role='link'>API<\/span> integrieren. Zus&auml;tzlich liefern wir Daten f&uuml;r globale M&auml;rkte, W&auml;hrungen und <span class=\"\" data-mobile-support=\"0\" data-gt-translate-attributes='[{\"attribute\":\"data-cmtooltip\", \"format\":\"html\"}]' tabindex=\"0\" role=\"link\">Future<\/span>s.<\/p><figure class=\"wp-block-image aligncenter size-full\"><img loading=\"lazy\" decoding=\"async\" width=\"2560\" height=\"959\" src=\"https:\/\/ariva.ag\/wp-content\/uploads\/2026\/04\/marktdaten_3er-1-scaled.png\" alt=\"\" class=\"wp-image-14192\" style=\"aspect-ratio:16\/9;object-fit:contain\" srcset=\"https:\/\/ariva.ag\/wp-content\/uploads\/2026\/04\/marktdaten_3er-1-scaled.png 2560w, https:\/\/ariva.ag\/wp-content\/uploads\/2026\/04\/marktdaten_3er-1-300x112.png 300w, https:\/\/ariva.ag\/wp-content\/uploads\/2026\/04\/marktdaten_3er-1-1024x384.png 1024w, https:\/\/ariva.ag\/wp-content\/uploads\/2026\/04\/marktdaten_3er-1-768x288.png 768w, https:\/\/ariva.ag\/wp-content\/uploads\/2026\/04\/marktdaten_3er-1-1536x576.png 1536w, https:\/\/ariva.ag\/wp-content\/uploads\/2026\/04\/marktdaten_3er-1-2048x767.png 2048w\" sizes=\"auto, (max-width: 2560px) 100vw, 2560px\"\/><\/figure><div class=\"wp-block-cover has-parallax full-width\" style=\"padding-top:var(--wp--preset--spacing--40);padding-right:var(--wp--preset--spacing--40);padding-bottom:var(--wp--preset--spacing--40);padding-left:var(--wp--preset--spacing--40);min-height:323px;aspect-ratio:unset;\"><div class=\"wp-block-cover__image-background wp-image-13602 size-full has-parallax\" style=\"background-position:50% 50%;background-image:url(https:\/\/ariva.ag\/wp-content\/uploads\/2026\/03\/AdobeStock_451991543-scaled.jpeg)\"><\/div><span aria-hidden=\"true\" class=\"wp-block-cover__background has-background-dim\" style=\"background-color:#0d1c30\"><\/span><div class=\"wp-block-cover__inner-container has-global-padding is-layout-constrained wp-container-core-cover-is-layout-28d999f3 wp-block-cover-is-layout-constrained\">\n<div class=\"wp-block-group is-vertical is-content-justification-center is-layout-flex wp-container-core-group-is-layout-ce155fab wp-block-group-is-layout-flex\">\n<p class=\"has-h-3-font-size\" style=\"font-style:normal;font-weight:100\">INTEGRATION<\/p>\n\n\n\n<hr class=\"wp-block-separator has-text-color has-cbackground-color has-alpha-channel-opacity has-cbackground-background-color has-background is-style-default\" style=\"margin-top:0;margin-bottom:0\">\n\n\n\n<p>Finanzdaten von ARIVA lassen sich einfach integrieren. F&uuml;r einen detailiierten Blick auf unsere <span class=\"\"  data-mobile-support=\"0\"  data-gt-translate-attributes='[{\"attribute\":\"data-cmtooltip\", \"format\":\"html\"}]' tabindex='0' role='link'>API<\/span> jetzt <a href=\"https:\/\/mds.ariva-services.de\/swagger-ui\/\" type=\"link\" id=\"https:\/\/mds.ariva-services.de\/swagger-ui\/\"><mark style=\"background-color:rgba(0, 0, 0, 0)\" class=\"has-inline-color has-accent-color\">Swagger-Dokumentation<\/mark><\/a> nutzen!<\/p>\n\n\n\n<div class=\"wp-block-columns are-vertically-aligned-center is-not-stacked-on-mobile wp-container-content-9cfa9a5a is-layout-flex wp-container-core-columns-is-layout-f0342b05 wp-block-columns-is-layout-flex\" style=\"margin-top:0;margin-bottom:0\">\n<div class=\"wp-block-column is-vertically-aligned-center is-layout-flow wp-block-column-is-layout-flow\" style=\"padding-top:0;padding-right:var(--wp--preset--spacing--70);padding-bottom:0;padding-left:var(--wp--preset--spacing--70)\">\n<figure class=\"wp-block-image aligncenter size-full\"><img loading=\"lazy\" decoding=\"async\" width=\"150\" height=\"150\" src=\"https:\/\/ariva.ag\/wp-content\/uploads\/2026\/04\/icons_API-1.png\" alt=\"\" class=\"wp-image-14888\" style=\"object-fit:cover\"\/><\/figure>\n\n\n\n<p class=\"has-text-align-center text-align-center-mobile has-cbackground-color has-text-color has-link-color has-paragraph-font-size wp-elements-49f18d0a7f04e2b7730378539b7e0a67\"><span class=\"\"  data-mobile-support=\"0\"  data-gt-translate-attributes='[{\"attribute\":\"data-cmtooltip\", \"format\":\"html\"}]' tabindex='0' role='link'>API<\/span><\/p>\n<\/div>\n\n\n\n<div class=\"wp-block-column is-vertically-aligned-center is-layout-flow wp-block-column-is-layout-flow\" style=\"padding-right:var(--wp--preset--spacing--70);padding-left:var(--wp--preset--spacing--70)\">\n<figure class=\"wp-block-image aligncenter size-full\"><img loading=\"lazy\" decoding=\"async\" width=\"150\" height=\"150\" src=\"https:\/\/ariva.ag\/wp-content\/uploads\/2026\/04\/icons_datenfeed-1.png\" alt=\"\" class=\"wp-image-14889\" style=\"object-fit:cover\"\/><\/figure>\n\n\n\n<p class=\"has-text-align-center text-align-center-mobile nowrap has-cbackground-color has-text-color has-link-color has-paragraph-font-size wp-elements-89ee6c77dc7f1d954bbba1763bb03434\">Datenfeed<\/p>\n<\/div>\n<\/div>\n<\/div>\n<\/div><\/div><div class=\"wp-block-buttons call-to-action has-accent-background-color has-background is-content-justification-center is-layout-flex wp-container-core-buttons-is-layout-44da0941 wp-block-buttons-is-layout-flex\" style=\"padding-top:var(--wp--preset--spacing--70);padding-bottom:var(--wp--preset--spacing--70)\">\n<div class=\"wp-block-button has-custom-width wp-block-button__width-25 invert\"><a class=\"wp-block-button__link wp-element-button\" href=\"http:\/\/www.ariva.ag\">ARIVA STARTSEITE<\/a><\/div>\n\n\n\n<div class=\"wp-block-button has-custom-width wp-block-button__width-25 invert\"><a class=\"wp-block-button__link wp-element-button\" href=\"https:\/\/ariva.ag\/data-und-apis\/#kursdaten\">DATA &amp; <span class=\"\"  data-mobile-support=\"0\"  data-gt-translate-attributes='[{\"attribute\":\"data-cmtooltip\", \"format\":\"html\"}]' tabindex='0' role='link'>API<\/span>s<\/a><\/div>\n\n\n\n<div class=\"wp-block-button has-custom-width wp-block-button__width-25 invert\"><a class=\"wp-block-button__link wp-element-button\" href=\"https:\/\/ariva.ag\/kontakt\">KONTAKT<\/a><\/div>\n<\/div>","protected":false},"excerpt":{"rendered":"<p>Rohstoffm&#xE4;rkte z&#xE4;hlen zu den dynamischsten und volatilsten Segmenten der globalen Finanzwelt. Preise f&#xFC;r &#xD6;l, Gold oder Energie k&#xF6;nnen sich innerhalb k&#xFC;rzester Zeit ver&#xE4;ndern und haben direkten Einfluss auf Handelsentscheidungen, Risikomanagement und strategische Planung. F&#xFC;r Unternehmen im Rohstoffhandel bedeutet das: Wer fundierte Entscheidungen treffen will, braucht zuverl&#xE4;ssige und strukturierte <span class=\"\" data-mobile-support=\"0\" data-gt-translate-attributes='[{\"attribute\":\"data-cmtooltip\", \"format\":\"html\"}]' tabindex=\"0\" role=\"link\"><span class=\"\"  data-mobile-support=\"0\"  data-gt-translate-attributes='[{\"attribute\":\"data-cmtooltip\", \"format\":\"html\"}]' tabindex='0' role='link'>Markt<\/span><\/span>daten. ARIVA liefert als f&#xFC;hrender Anbieter von [&#x2026;]<\/p>\n","protected":false},"author":14,"featured_media":0,"parent":0,"menu_order":0,"comment_status":"closed","ping_status":"closed","template":"","meta":{"content-type":"","footnotes":""},"class_list":["post-13950","page","type-page","status-publish","hentry"],"yoast_head":"<!-- This site is optimized with the Yoast SEO Premium plugin v27.4 (Yoast SEO v27.4) - https:\/\/yoast.com\/product\/yoast-seo-premium-wordpress\/ -->\n<title>Rohstoffm\u00e4rkte<\/title>\n<meta name=\"description\" content=\"Rohstoffm\u00e4rkte\" \/>\n<meta name=\"robots\" content=\"index, follow, max-snippet:-1, max-image-preview:large, max-video-preview:-1\" \/>\n<link rel=\"canonical\" href=\"https:\/\/ariva.ag\/en\/rohstoffe\/\" \/>\n<meta property=\"og:locale\" content=\"en_US\" \/>\n<meta property=\"og:locale:alternate\" content=\"de_DE\" \/>\n<meta property=\"og:type\" content=\"article\" \/>\n<meta property=\"og:title\" content=\"Rohstoffm\u00e4rkte\" \/>\n<meta property=\"og:description\" content=\"Rohstoffm\u00e4rkte\" \/>\n<meta property=\"og:url\" content=\"https:\/\/ariva.ag\/en\/rohstoffe\/\" \/>\n<meta property=\"og:site_name\" content=\"ARIVA: Finanzdaten sind unser Business\" \/>\n<meta property=\"article:modified_time\" content=\"2026-04-30T10:40:44+00:00\" \/>\n<meta property=\"og:image\" content=\"https:\/\/ariva.ag\/wp-content\/uploads\/2026\/03\/ARIVA-DE-AG-Logo-weiss_1500-1.png\" \/>\n\t<meta property=\"og:image:width\" content=\"2560\" \/>\n\t<meta property=\"og:image:height\" content=\"766\" \/>\n\t<meta property=\"og:image:type\" content=\"image\/png\" \/>\n<meta name=\"twitter:card\" content=\"summary_large_image\" \/>\n<meta name=\"twitter:label1\" content=\"Estimated reading time\" \/>\n\t<meta name=\"twitter:data1\" content=\"3 minutes\" \/>\n<script type=\"application\/ld+json\" class=\"yoast-schema-graph\">{\"@context\":\"https:\\\/\\\/schema.org\",\"@graph\":[{\"@type\":\"WebPage\",\"@id\":\"https:\\\/\\\/ariva.ag\\\/rohstoffe\\\/\",\"url\":\"https:\\\/\\\/ariva.ag\\\/rohstoffe\\\/\",\"name\":\"Rohstoffm\u00e4rkte\",\"isPartOf\":{\"@id\":\"https:\\\/\\\/ariva.ag\\\/#website\"},\"primaryImageOfPage\":{\"@id\":\"https:\\\/\\\/ariva.ag\\\/rohstoffe\\\/#primaryimage\"},\"image\":{\"@id\":\"https:\\\/\\\/ariva.ag\\\/rohstoffe\\\/#primaryimage\"},\"thumbnailUrl\":\"https:\\\/\\\/ariva.ag\\\/wp-content\\\/uploads\\\/2026\\\/03\\\/ARIVA-DE-AG-Logo-weiss_1500-1.png\",\"datePublished\":\"2026-04-22T08:20:58+00:00\",\"dateModified\":\"2026-04-30T10:40:44+00:00\",\"description\":\"Rohstoffm\u00e4rkte\",\"breadcrumb\":{\"@id\":\"https:\\\/\\\/ariva.ag\\\/rohstoffe\\\/#breadcrumb\"},\"inLanguage\":\"en-GB\",\"potentialAction\":[{\"@type\":\"ReadAction\",\"target\":[\"https:\\\/\\\/ariva.ag\\\/rohstoffe\\\/\"]}]},{\"@type\":\"ImageObject\",\"inLanguage\":\"en-GB\",\"@id\":\"https:\\\/\\\/ariva.ag\\\/rohstoffe\\\/#primaryimage\",\"url\":\"https:\\\/\\\/ariva.ag\\\/wp-content\\\/uploads\\\/2026\\\/03\\\/ARIVA-DE-AG-Logo-weiss_1500-1.png\",\"contentUrl\":\"https:\\\/\\\/ariva.ag\\\/wp-content\\\/uploads\\\/2026\\\/03\\\/ARIVA-DE-AG-Logo-weiss_1500-1.png\"},{\"@type\":\"BreadcrumbList\",\"@id\":\"https:\\\/\\\/ariva.ag\\\/rohstoffe\\\/#breadcrumb\",\"itemListElement\":[{\"@type\":\"ListItem\",\"position\":1,\"name\":\"Startseite\",\"item\":\"https:\\\/\\\/ariva.ag\\\/\"},{\"@type\":\"ListItem\",\"position\":2,\"name\":\"Rohstoffm\u00e4rkte\"}]},{\"@type\":\"WebSite\",\"@id\":\"https:\\\/\\\/ariva.ag\\\/#website\",\"url\":\"https:\\\/\\\/ariva.ag\\\/\",\"name\":\"ARIVA.AG\",\"description\":\"\",\"publisher\":{\"@id\":\"https:\\\/\\\/ariva.ag\\\/#organization\"},\"potentialAction\":[{\"@type\":\"SearchAction\",\"target\":{\"@type\":\"EntryPoint\",\"urlTemplate\":\"https:\\\/\\\/ariva.ag\\\/?s={search_term_string}\"},\"query-input\":{\"@type\":\"PropertyValueSpecification\",\"valueRequired\":true,\"valueName\":\"search_term_string\"}}],\"inLanguage\":\"en-GB\"},{\"@type\":\"Organization\",\"@id\":\"https:\\\/\\\/ariva.ag\\\/#organization\",\"name\":\"ARIVA: Finanzdaten sind unser Business\",\"url\":\"https:\\\/\\\/ariva.ag\\\/\",\"logo\":{\"@type\":\"ImageObject\",\"inLanguage\":\"en-GB\",\"@id\":\"https:\\\/\\\/ariva.ag\\\/#\\\/schema\\\/logo\\\/image\\\/\",\"url\":\"https:\\\/\\\/ariva.ag\\\/wp-content\\\/uploads\\\/2024\\\/08\\\/Ariva-AG-Logo.png\",\"contentUrl\":\"https:\\\/\\\/ariva.ag\\\/wp-content\\\/uploads\\\/2024\\\/08\\\/Ariva-AG-Logo.png\",\"width\":295,\"height\":88,\"caption\":\"ARIVA: Finanzdaten sind unser Business\"},\"image\":{\"@id\":\"https:\\\/\\\/ariva.ag\\\/#\\\/schema\\\/logo\\\/image\\\/\"},\"sameAs\":[\"https:\\\/\\\/de.linkedin.com\\\/company\\\/ariva-de-ag\"]}]}<\/script>\n<!-- \/ Yoast SEO Premium plugin. -->","yoast_head_json":{"title":"Rohstoffm\u00e4rkte","description":"[:de]Rohstoffm\u00e4rkte[:en]Rohstoffm\u00e4rkte[:]","robots":{"index":"index","follow":"follow","max-snippet":"max-snippet:-1","max-image-preview":"max-image-preview:large","max-video-preview":"max-video-preview:-1"},"canonical":"https:\/\/ariva.ag\/en\/rohstoffe\/","og_locale":"en_US","og_type":"article","og_title":"ARIVA: Finanzdaten sind unser Business | [:de]Rohstoffm\u00e4rkte[:en]Rohstoffm\u00e4rkte[:]","og_description":"[:de]Rohstoffm\u00e4rkte[:en]Rohstoffm\u00e4rkte[:]","og_url":"https:\/\/ariva.ag\/en\/rohstoffe\/","og_site_name":"ARIVA: Finanzdaten sind unser Business","article_modified_time":"2026-04-30T10:40:44+00:00","og_image":[{"width":2560,"height":766,"url":"https:\/\/ariva.ag\/wp-content\/uploads\/2026\/03\/ARIVA-DE-AG-Logo-weiss_1500-1.png","type":"image\/png"}],"twitter_card":"summary_large_image","twitter_misc":{"Estimated reading time":"3 minutes"},"schema":{"@context":"https:\/\/schema.org","@graph":[{"@type":"WebPage","@id":"https:\/\/ariva.ag\/rohstoffe\/","url":"https:\/\/ariva.ag\/rohstoffe\/","name":"Rohstoffm\u00e4rkte","isPartOf":{"@id":"https:\/\/ariva.ag\/#website"},"primaryImageOfPage":{"@id":"https:\/\/ariva.ag\/rohstoffe\/#primaryimage"},"image":{"@id":"https:\/\/ariva.ag\/rohstoffe\/#primaryimage"},"thumbnailUrl":"https:\/\/ariva.ag\/wp-content\/uploads\/2026\/03\/ARIVA-DE-AG-Logo-weiss_1500-1.png","datePublished":"2026-04-22T08:20:58+00:00","dateModified":"2026-04-30T10:40:44+00:00","description":"Rohstoffm\u00e4rkte","breadcrumb":{"@id":"https:\/\/ariva.ag\/rohstoffe\/#breadcrumb"},"inLanguage":"en-GB","potentialAction":[{"@type":"ReadAction","target":["https:\/\/ariva.ag\/rohstoffe\/"]}]},{"@type":"ImageObject","inLanguage":"en-GB","@id":"https:\/\/ariva.ag\/rohstoffe\/#primaryimage","url":"https:\/\/ariva.ag\/wp-content\/uploads\/2026\/03\/ARIVA-DE-AG-Logo-weiss_1500-1.png","contentUrl":"https:\/\/ariva.ag\/wp-content\/uploads\/2026\/03\/ARIVA-DE-AG-Logo-weiss_1500-1.png"},{"@type":"BreadcrumbList","@id":"https:\/\/ariva.ag\/rohstoffe\/#breadcrumb","itemListElement":[{"@type":"ListItem","position":1,"name":"Startseite","item":"https:\/\/ariva.ag\/"},{"@type":"ListItem","position":2,"name":"Rohstoffm\u00e4rkte"}]},{"@type":"WebSite","@id":"https:\/\/ariva.ag\/#website","url":"https:\/\/ariva.ag\/","name":"ARIVA.AG","description":"","publisher":{"@id":"https:\/\/ariva.ag\/#organization"},"potentialAction":[{"@type":"SearchAction","target":{"@type":"EntryPoint","urlTemplate":"https:\/\/ariva.ag\/?s={search_term_string}"},"query-input":{"@type":"PropertyValueSpecification","valueRequired":true,"valueName":"search_term_string"}}],"inLanguage":"en-GB"},{"@type":"Organization","@id":"https:\/\/ariva.ag\/#organization","name":"ARIVA: Finanzdaten sind unser Business","url":"https:\/\/ariva.ag\/","logo":{"@type":"ImageObject","inLanguage":"en-GB","@id":"https:\/\/ariva.ag\/#\/schema\/logo\/image\/","url":"https:\/\/ariva.ag\/wp-content\/uploads\/2024\/08\/Ariva-AG-Logo.png","contentUrl":"https:\/\/ariva.ag\/wp-content\/uploads\/2024\/08\/Ariva-AG-Logo.png","width":295,"height":88,"caption":"ARIVA: Finanzdaten sind unser Business"},"image":{"@id":"https:\/\/ariva.ag\/#\/schema\/logo\/image\/"},"sameAs":["https:\/\/de.linkedin.com\/company\/ariva-de-ag"]}]}},"_links":{"self":[{"href":"https:\/\/ariva.ag\/en\/wp-json\/wp\/v2\/pages\/13950","targetHints":{"allow":["GET"]}}],"collection":[{"href":"https:\/\/ariva.ag\/en\/wp-json\/wp\/v2\/pages"}],"about":[{"href":"https:\/\/ariva.ag\/en\/wp-json\/wp\/v2\/types\/page"}],"author":[{"embeddable":true,"href":"https:\/\/ariva.ag\/en\/wp-json\/wp\/v2\/users\/14"}],"replies":[{"embeddable":true,"href":"https:\/\/ariva.ag\/en\/wp-json\/wp\/v2\/comments?post=13950"}],"version-history":[{"count":92,"href":"https:\/\/ariva.ag\/en\/wp-json\/wp\/v2\/pages\/13950\/revisions"}],"predecessor-version":[{"id":15035,"href":"https:\/\/ariva.ag\/en\/wp-json\/wp\/v2\/pages\/13950\/revisions\/15035"}],"wp:attachment":[{"href":"https:\/\/ariva.ag\/en\/wp-json\/wp\/v2\/media?parent=13950"}],"curies":[{"name":"wp","href":"https:\/\/api.w.org\/{rel}","templated":true}]}}