{"id":10076,"date":"2025-09-15T11:19:14","date_gmt":"2025-09-15T09:19:14","guid":{"rendered":"https:\/\/ariva.ag\/?page_id=10076"},"modified":"2026-02-24T11:22:14","modified_gmt":"2026-02-24T10:22:14","slug":"datenpower","status":"publish","type":"page","link":"https:\/\/ariva.ag\/en\/datenpower\/","title":{"rendered":"Data power"},"content":{"rendered":"\n<div class=\"wp-block-media-text has-media-on-the-right is-stacked-on-mobile\"><div class=\"wp-block-media-text__content\">\n<h1 class=\"wp-block-heading has-h-1-font-size\" id=\"h-5-steps-for-data-power\">5 steps for data power<\/h1>\n\n\n\n<h2 class=\"wp-block-heading has-h-2-font-size\" id=\"h-how-easy-you-integrit-financial-data-your-website-or-application-our-api-is-perfectly-adapted-to-the-current-requirements-of-the-web-world\">How easy you integrit financial data<br>Your website or application. Our API is perfectly adapted to the current requirements of the web world.<\/h2>\n\n\n<div class=\"wp-block-buttons invert is-content-justification-center is-layout-flex wp-container-core-buttons-is-layout-b5e9308e wp-block-buttons-is-layout-flex\" style=\"margin-top:0;margin-bottom:var(--wp--preset--spacing--50)\">\n<div class=\"wp-block-button invert\"><a class=\"wp-block-button__link wp-element-button\" href=\"https:\/\/ariva.ag\/en\/kontakt\/\">ENQUIRE NOW<\/a><\/div>\n<\/div><\/div><figure class=\"wp-block-media-text__media\"><img loading=\"lazy\" decoding=\"async\" width=\"1024\" height=\"521\" src=\"https:\/\/ariva.ag\/wp-content\/uploads\/2025\/09\/Gruppe-maskieren-10@2x-1024x521.png\" alt=\"\" class=\"wp-image-10082 size-full\" srcset=\"https:\/\/ariva.ag\/wp-content\/uploads\/2025\/09\/Gruppe-maskieren-10@2x-1024x521.png 1024w, https:\/\/ariva.ag\/wp-content\/uploads\/2025\/09\/Gruppe-maskieren-10@2x-300x153.png 300w, https:\/\/ariva.ag\/wp-content\/uploads\/2025\/09\/Gruppe-maskieren-10@2x-768x391.png 768w, https:\/\/ariva.ag\/wp-content\/uploads\/2025\/09\/Gruppe-maskieren-10@2x-1536x781.png 1536w, https:\/\/ariva.ag\/wp-content\/uploads\/2025\/09\/Gruppe-maskieren-10@2x.png 1990w\" sizes=\"auto, (max-width: 1024px) 100vw, 1024px\" \/><\/figure><\/div>\n\n\n\n<h3 class=\"wp-block-heading has-text-align-center has-h-3-font-size\" id=\"h-step-by-step-to-the-connected-api\" style=\"margin-top:var(--wp--preset--spacing--50)\">Step by step to the connected API<\/h3>\n\n\n\n<p class=\"has-text-align-center\">Anyone who decides to cooperate with us will not only gain access to excellent financial data, but also full support in integration \u2013 from the first conversation to the successful live circuit.<br><br>Whether you are a fintech, a bank, a stock exchange portal or a media house \u2013 with ARIVA you have a partner on your side who knows what he does, listens, thinks and delivers.<\/p>\n\n\n\n<div style=\"height:50px\" aria-hidden=\"true\" class=\"wp-block-spacer desktop-hidden\"><\/div>\n\n\n\n<div class=\"wp-block-buttons is-content-justification-center is-layout-flex wp-container-core-buttons-is-layout-a89b3969 wp-block-buttons-is-layout-flex\">\n<div class=\"wp-block-button\"><a class=\"wp-block-button__link wp-element-button\" href=\"https:\/\/ariva.ag\/data\/\">The data offer<\/a><\/div>\n<\/div>\n\n\n\n<div class=\"wp-block-group breiter container-mobile-support has-global-padding is-layout-constrained wp-block-group-is-layout-constrained\">\n<ul class=\"wp-block-list counting-bullet-points\">\n<li>Clearing needs \u2013 Understanding what you need together<\/li>\n\n\n\n<li>Configuring interface \u2013 matching your system<\/li>\n\n\n\n<li>Support implementation \u2013 integrate together<\/li>\n\n\n\n<li>Prepare live performance \u2013 smooth and efficient<\/li>\n\n\n\n<li>Care and further development \u2013 even after the start<\/li>\n<\/ul>\n<\/div>\n\n\n\n<div style=\"height:50px\" aria-hidden=\"true\" class=\"wp-block-spacer\"><\/div>\n\n\n\n<div class=\"wp-block-media-text has-media-on-the-right is-stacked-on-mobile is-image-fill-element header-override-midtext\" style=\"grid-template-columns:auto 34%\"><div class=\"wp-block-media-text__content\">\n<h3 class=\"wp-block-heading site-input has-h-3-font-size\" id=\"h-let-s-implement-your-data-solution-together-as-individually-as-your-business-first-class-financial-data-are-more-important-than-ever-today\">Let&#8217;s implement your data solution together as individually as your business. First-class financial data are more important than ever today.<\/h3>\n\n\n\n<div class=\"wp-block-buttons invert is-content-justification-center is-layout-flex wp-container-core-buttons-is-layout-b5e9308e wp-block-buttons-is-layout-flex\" style=\"margin-top:0;margin-bottom:var(--wp--preset--spacing--50)\">\n<div class=\"wp-block-button invert\"><a class=\"wp-block-button__link wp-element-button\" href=\"https:\/\/ariva.ag\/kontakt\/\">JETZT ANFRAGEN<\/a><\/div>\n<\/div>\n<\/div><figure class=\"wp-block-media-text__media\"><img loading=\"lazy\" decoding=\"async\" width=\"2500\" height=\"1767\" src=\"https:\/\/ariva.ag\/wp-content\/uploads\/2025\/09\/DSC_8587_bearbeitet.jpg\" alt=\"\" class=\"wp-image-10097 size-full\" style=\"object-position:49% 0%\" srcset=\"https:\/\/ariva.ag\/wp-content\/uploads\/2025\/09\/DSC_8587_bearbeitet.jpg 2500w, https:\/\/ariva.ag\/wp-content\/uploads\/2025\/09\/DSC_8587_bearbeitet-300x212.jpg 300w, https:\/\/ariva.ag\/wp-content\/uploads\/2025\/09\/DSC_8587_bearbeitet-1024x724.jpg 1024w, https:\/\/ariva.ag\/wp-content\/uploads\/2025\/09\/DSC_8587_bearbeitet-768x543.jpg 768w, https:\/\/ariva.ag\/wp-content\/uploads\/2025\/09\/DSC_8587_bearbeitet-1536x1086.jpg 1536w, https:\/\/ariva.ag\/wp-content\/uploads\/2025\/09\/DSC_8587_bearbeitet-2048x1448.jpg 2048w\" sizes=\"auto, (max-width: 2500px) 100vw, 2500px\" \/><\/figure><\/div>\n\n\n\n<div style=\"height:50px\" aria-hidden=\"true\" class=\"wp-block-spacer mobile-hidden\"><\/div>\n\n\n\n<h4 class=\"wp-block-heading has-text-align-center has-h-2-font-size\" id=\"h-our-widgets\"><strong>Our widgets<\/strong><\/h4>\n\n\n\n<p class=\"has-text-align-center\">You want to upgrade your financial platform or application? Then use our individually configurable widgets for financial and stock exchange websites. The tools work separately or are linked. And the best thing: they can easily integrate and adapt flexibly to the design of your website and app. <strong>Interest?<\/strong> Here you can find all about our widgets or contact us via our contact form.<\/p>\n\n\n\n<div class=\"wp-block-buttons is-content-justification-center is-layout-flex wp-container-core-buttons-is-layout-8a11fa71 wp-block-buttons-is-layout-flex\" style=\"margin-top:var(--wp--preset--spacing--70);margin-bottom:var(--wp--preset--spacing--70);padding-top:var(--wp--preset--spacing--50);padding-bottom:var(--wp--preset--spacing--50)\">\n<div class=\"wp-block-button\"><a class=\"wp-block-button__link wp-element-button\" href=\"https:\/\/ariva.ag\/webservices\/widgets\/\">To our widgets<\/a><\/div>\n<\/div>\n\n\n\n<div class=\"wp-block-leadin-hubspot-form-block\">\n\t\t\t\t\t\t<script>\n\t\t\t\t\t\t\twindow.hsFormsOnReady = window.hsFormsOnReady || [];\n\t\t\t\t\t\t\twindow.hsFormsOnReady.push(()=>{\n\t\t\t\t\t\t\t\thbspt.forms.create({\n\t\t\t\t\t\t\t\t\tportalId: 6614777,\n\t\t\t\t\t\t\t\t\tformId: \"7633ce25-93b0-4b99-a9cb-432cba6e3ac4\",\n\t\t\t\t\t\t\t\t\ttarget: \"#hbspt-form-1776444380000-0273704496\",\n\t\t\t\t\t\t\t\t\tregion: \"na1\",\n\t\t\t\t\t\t\t\t\t\n\t\t\t\t\t\t\t})});\n\t\t\t\t\t\t<\/script>\n\t\t\t\t\t\t<div class=\"hbspt-form\" id=\"hbspt-form-1776444380000-0273704496\"><\/div><\/div>\n\n\n\n<div class=\"wp-block-group breiter has-global-padding is-layout-constrained wp-block-group-is-layout-constrained\">    <div class=\"cases-preview\">\n\t\t<div class=\"container\">\n\t\t\t<div class=\"arheadgl\">\n                <h2 class=\"ariva-cases-bubble\">ARIVA CASES<\/h2>\n            <\/div>\n\t\t\t<div class=\"cases-preview-list\">\n\t\t\t\t\t\t\t\t\t\t\t\t\t\t<a class=\"case featured cat_cases cat_cases_web_services\" href=\"https:\/\/ariva.ag\/en\/relaunch-deutsche-boerse\/\">\n\t\t\t\t\t\t\t\t\t\t\t    \t\t<img decoding=\"async\" class=\"thumbnail\" src=\"https:\/\/ariva.ag\/wp-content\/uploads\/2025\/12\/logoDeutsche_boerse.png\" alt=\"Relaunch Deutsche B\u00f6rse &#8211; das Ergebnis \u00fcberzeugt!\">\n\t\t\t\t\t\t                \t\t<span class=\"case-intro\"><p>Die Deutsche <span class=\"\" data-mobile-support=\"0\" data-gt-translate-attributes='[{\"attribute\":\"data-cmtooltip\", \"format\":\"html\"}]' tabindex=\"0\" role=\"link\">B&#xF6;rse<\/span> Group z&#xE4;hlt zu den bedeutendsten <span class=\"\" data-mobile-support=\"0\" data-gt-translate-attributes='[{\"attribute\":\"data-cmtooltip\", \"format\":\"html\"}]' tabindex=\"0\" role=\"link\">B&#xF6;rse<\/span>norganisationen weltweit und betreibt die Handelspl&#xE4;tze Deutsche <span class=\"\" data-mobile-support=\"0\" data-gt-translate-attributes='[{\"attribute\":\"data-cmtooltip\", \"format\":\"html\"}]' tabindex=\"0\" role=\"link\">B&#xF6;rse<\/span> Frankfurt und Deutsche <span class=\"\" data-mobile-support=\"0\" data-gt-translate-attributes='[{\"attribute\":\"data-cmtooltip\", \"format\":\"html\"}]' tabindex=\"0\" role=\"link\">B&#xF6;rse<\/span> Xetra f&uuml;r private und institutionelle Anleger:innen. Als zentrale <span class=\"\"  data-mobile-support=\"0\"  data-gt-translate-attributes='[{\"attribute\":\"data-cmtooltip\", \"format\":\"html\"}]' tabindex='0' role='link'>Markt<\/span>pl&auml;tze f&uuml;r <span class=\"\"  data-mobile-support=\"0\"  data-gt-translate-attributes='[{\"attribute\":\"data-cmtooltip\", \"format\":\"html\"}]' tabindex='0' role='link'>Aktie<\/span>n, Anleihen, <span class=\"\"  data-mobile-support=\"0\"  data-gt-translate-attributes='[{\"attribute\":\"data-cmtooltip\", \"format\":\"html\"}]' tabindex='0' role='link'>Fonds<\/span> und weitere Wertp<span class=\"\"  data-mobile-support=\"0\"  data-gt-translate-attributes='[{\"attribute\":\"data-cmtooltip\", \"format\":\"html\"}]' tabindex='0' role='link'>api<\/span>ere stellen die beiden verl&auml;ssliche Informationen, transparente <span class=\"\"  data-mobile-support=\"0\"  data-gt-translate-attributes='[{\"attribute\":\"data-cmtooltip\", \"format\":\"html\"}]' tabindex='0' role='link'>Markt<\/span>strukturen und modernste Technologie f&uuml;r Millionen von Nutzer:innen bereit. Kunde \/\/ Deutsche <span class=\"\" data-mobile-support=\"0\" data-gt-translate-attributes='[{\"attribute\":\"data-cmtooltip\", \"format\":\"html\"}]' tabindex=\"0\" role=\"link\">B&#xF6;rse<\/span> [&#x2026;]<\/p><\/span>\n\t\t\t\t\t<\/a>\n\t\t\t\t\t\t\t\t\t\t\t\t\t\t<a class=\"case featured cat_cases cat_cases_data cat_cases_web_services cat_e-paper-fintech\" href=\"https:\/\/ariva.ag\/en\/case-smartbroker\/\">\n\t\t\t\t\t\t\t\t\t\t\t    \t\t<img decoding=\"async\" class=\"thumbnail\" src=\"https:\/\/ariva.ag\/wp-content\/uploads\/2025\/02\/Unknown.png\" alt=\"Case Smartbroker\">\n\t\t\t\t\t\t                \t\t<span class=\"case-intro\"><p>ARIVA = Data supplier The data products used can be found in Implementation. ARIVA = consultant Since 1998 we have been dealing with financial data. Our know-how helps to make the SMART<span class=\"\" data-mobile-support=\"0\" data-gt-translate-attributes='[{\"attribute\":\"data-cmtooltip\", \"format\":\"html\"}]' tabindex=\"0\" role=\"link\">BROKER<\/span>+ ever better. ARIVA = family member In 2019, the wallstreet:online AG (now Smart<span class=\"\" data-mobile-support=\"0\" data-gt-translate-attributes='[{\"attribute\":\"data-cmtooltip\", \"format\":\"html\"}]' tabindex=\"0\" role=\"link\">broker<\/span> Holding AG) took over ARIVA.DE AG. Customer \/\/ SMART<span class=\"\" data-mobile-support=\"0\" data-gt-translate-attributes='[{\"attribute\":\"data-cmtooltip\", \"format\":\"html\"}]' tabindex=\"0\" role=\"link\">BROKER<\/span> <span class=\"\"  data-mobile-support=\"0\"  data-gt-translate-attributes='[{\"attribute\":\"data-cmtooltip\", \"format\":\"html\"}]' tabindex='0' role='link'>Brief<\/span>ing [&hellip;]<\/p><\/span>\n\t\t\t\t\t<\/a>\n\t\t\t\t\t\t\t\t\t\t\t\t\t\t<a class=\"case featured cat_cases cat_cases_web_services\" href=\"https:\/\/ariva.ag\/en\/case-adisfaction\/\">\n\t\t\t\t\t\t\t\t\t\t\t    \t\t<img decoding=\"async\" class=\"thumbnail\" src=\"https:\/\/ariva.ag\/wp-content\/uploads\/2025\/02\/adisfaction-annex.png\" alt=\"CASE Adisfaction\">\n\t\t\t\t\t\t                \t\t<span class=\"case-intro\"><p>With prodo, users are presented with a wide range of lever products &#x2013; perfectly matched to the respective risk profile.<\/p><\/span>\n\t\t\t\t\t<\/a>\n\t\t\t\t\t\t\t<\/div>\n\t\t<\/div>\n    <\/div>\n<\/div>\n\n\n\n<div style=\"height:100px\" aria-hidden=\"true\" class=\"wp-block-spacer\"><\/div>\n\n\n<div class=\"wp-block-buttons call-to-action has-accent-background-color has-background is-content-justification-center is-layout-flex wp-container-core-buttons-is-layout-44da0941 wp-block-buttons-is-layout-flex\" style=\"padding-top:var(--wp--preset--spacing--70);padding-bottom:var(--wp--preset--spacing--70)\">\n<div class=\"wp-block-button has-custom-width wp-block-button__width-25 invert\"><a class=\"wp-block-button__link wp-element-button\" href=\"javascript:history.back()\">\u2190 BACK TO OVERVIEW<\/a><\/div>\n\n\n\n<div class=\"wp-block-button has-custom-width wp-block-button__width-25 invert\"><a class=\"wp-block-button__link wp-element-button\" href=\"https:\/\/ariva.ag\/en\/kontakt\/\">ENQUIRE NOW<\/a><\/div>\n\n\n\n<div class=\"wp-block-button has-custom-width wp-block-button__width-25 invert\"><a class=\"wp-block-button__link wp-element-button\" href=\"https:\/\/ariva.ag\/ariva-news\/\">ARIVA NEWS<\/a><\/div>\n<\/div>","protected":false},"excerpt":{"rendered":"<p>Step by step to the connected <span class=\"\" data-mobile-support=\"0\" data-gt-translate-attributes='[{\"attribute\":\"data-cmtooltip\", \"format\":\"html\"}]' tabindex=\"0\" role=\"link\"><span class=\"\"  data-mobile-support=\"0\"  data-gt-translate-attributes='[{\"attribute\":\"data-cmtooltip\", \"format\":\"html\"}]' tabindex='0' role='link'>API<\/span><\/span> Anyone who decides to cooperate with us will not only gain access to excellent financial data, but also full support in integration &#x2013; from the first conversation to the successful live circuit. Whether you are a fintech, a bank, a stock exchange portal or a media house &#x2013; [&#x2026;]<\/p>\n","protected":false},"author":7,"featured_media":13319,"parent":0,"menu_order":0,"comment_status":"closed","ping_status":"closed","template":"","meta":{"content-type":"","footnotes":""},"class_list":["post-10076","page","type-page","status-publish","has-post-thumbnail","hentry"],"yoast_head":"<!-- This site is optimized with the Yoast SEO Premium plugin v27.2 (Yoast SEO v27.2) - https:\/\/yoast.com\/product\/yoast-seo-premium-wordpress\/ -->\n<title>Data power<\/title>\n<meta name=\"description\" content=\"Erlebe eine reibungslose Integration vom ersten Gespr\u00e4ch bis zur erfolgreichen Live-Schaltung mit unseren exzellenten Finanzdaten.\" \/>\n<meta name=\"robots\" content=\"index, follow, max-snippet:-1, max-image-preview:large, max-video-preview:-1\" \/>\n<link rel=\"canonical\" href=\"https:\/\/ariva.ag\/en\/datenpower\/\" \/>\n<meta property=\"og:locale\" content=\"en_US\" \/>\n<meta property=\"og:locale:alternate\" content=\"de_DE\" \/>\n<meta property=\"og:locale:alternate\" content=\"da_DK\" \/>\n<meta property=\"og:locale:alternate\" content=\"sv_SE\" \/>\n<meta property=\"og:type\" content=\"article\" \/>\n<meta property=\"og:title\" content=\"Data power\" \/>\n<meta property=\"og:description\" content=\"Erfahre, wie wir vom ersten Gespr\u00e4ch bis zur erfolgreichen Live-Schaltung begleiten und Deine Datenl\u00f6sung realisieren.\" \/>\n<meta property=\"og:url\" content=\"https:\/\/ariva.ag\/en\/datenpower\/\" \/>\n<meta property=\"og:site_name\" content=\"ARIVA: Finanzdaten sind unser Business\" \/>\n<meta property=\"article:modified_time\" content=\"2026-02-24T10:22:14+00:00\" \/>\n<meta property=\"og:image\" content=\"https:\/\/ariva.ag\/wp-content\/uploads\/2026\/02\/ARIVA_Logo-orange-1.png\" \/>\n\t<meta property=\"og:image:width\" content=\"2500\" \/>\n\t<meta property=\"og:image:height\" content=\"1313\" \/>\n\t<meta property=\"og:image:type\" content=\"image\/png\" \/>\n<meta name=\"twitter:card\" content=\"summary_large_image\" \/>\n<meta name=\"twitter:description\" content=\"Data power\" \/>\n<meta name=\"twitter:label1\" content=\"Estimated reading time\" \/>\n\t<meta name=\"twitter:data1\" content=\"7 minutes\" \/>\n<script type=\"application\/ld+json\" class=\"yoast-schema-graph\">{\"@context\":\"https:\/\/schema.org\",\"@graph\":[{\"@type\":\"WebPage\",\"@id\":\"https:\/\/ariva.ag\/datenpower\/\",\"url\":\"https:\/\/ariva.ag\/datenpower\/\",\"name\":\"Data power\",\"isPartOf\":{\"@id\":\"https:\/\/ariva.ag\/#website\"},\"primaryImageOfPage\":{\"@id\":\"https:\/\/ariva.ag\/datenpower\/#primaryimage\"},\"image\":{\"@id\":\"https:\/\/ariva.ag\/datenpower\/#primaryimage\"},\"thumbnailUrl\":\"https:\/\/ariva.ag\/wp-content\/uploads\/2026\/02\/ARIVA_Logo-orange-1.png\",\"datePublished\":\"2025-09-15T09:19:14+00:00\",\"dateModified\":\"2026-02-24T10:22:14+00:00\",\"description\":\"Erlebe eine reibungslose Integration vom ersten Gespr\u00e4ch bis zur erfolgreichen Live-Schaltung mit unseren exzellenten Finanzdaten.\",\"breadcrumb\":{\"@id\":\"https:\/\/ariva.ag\/datenpower\/#breadcrumb\"},\"inLanguage\":\"en-GB\",\"potentialAction\":[{\"@type\":\"ReadAction\",\"target\":[\"https:\/\/ariva.ag\/datenpower\/\"]}]},{\"@type\":\"ImageObject\",\"inLanguage\":\"en-GB\",\"@id\":\"https:\/\/ariva.ag\/datenpower\/#primaryimage\",\"url\":\"https:\/\/ariva.ag\/wp-content\/uploads\/2026\/02\/ARIVA_Logo-orange-1.png\",\"contentUrl\":\"https:\/\/ariva.ag\/wp-content\/uploads\/2026\/02\/ARIVA_Logo-orange-1.png\",\"width\":2500,\"height\":1313},{\"@type\":\"BreadcrumbList\",\"@id\":\"https:\/\/ariva.ag\/datenpower\/#breadcrumb\",\"itemListElement\":[{\"@type\":\"ListItem\",\"position\":1,\"name\":\"Startseite\",\"item\":\"https:\/\/ariva.ag\/\"},{\"@type\":\"ListItem\",\"position\":2,\"name\":\"Datenpower\"}]},{\"@type\":\"WebSite\",\"@id\":\"https:\/\/ariva.ag\/#website\",\"url\":\"https:\/\/ariva.ag\/\",\"name\":\"ARIVA.AG\",\"description\":\"\",\"publisher\":{\"@id\":\"https:\/\/ariva.ag\/#organization\"},\"potentialAction\":[{\"@type\":\"SearchAction\",\"target\":{\"@type\":\"EntryPoint\",\"urlTemplate\":\"https:\/\/ariva.ag\/?s={search_term_string}\"},\"query-input\":{\"@type\":\"PropertyValueSpecification\",\"valueRequired\":true,\"valueName\":\"search_term_string\"}}],\"inLanguage\":\"en-GB\"},{\"@type\":\"Organization\",\"@id\":\"https:\/\/ariva.ag\/#organization\",\"name\":\"ARIVA: Finanzdaten sind unser Business\",\"url\":\"https:\/\/ariva.ag\/\",\"logo\":{\"@type\":\"ImageObject\",\"inLanguage\":\"en-GB\",\"@id\":\"https:\/\/ariva.ag\/#\/schema\/logo\/image\/\",\"url\":\"https:\/\/ariva.ag\/wp-content\/uploads\/2024\/08\/Ariva-AG-Logo.png\",\"contentUrl\":\"https:\/\/ariva.ag\/wp-content\/uploads\/2024\/08\/Ariva-AG-Logo.png\",\"width\":295,\"height\":88,\"caption\":\"ARIVA: Finanzdaten sind unser Business\"},\"image\":{\"@id\":\"https:\/\/ariva.ag\/#\/schema\/logo\/image\/\"},\"sameAs\":[\"https:\/\/de.linkedin.com\/company\/ariva-de-ag\"]}]}<\/script>\n<!-- \/ Yoast SEO Premium plugin. -->","yoast_head_json":{"title":"Data power","description":"Erlebe eine reibungslose Integration vom ersten Gespr\u00e4ch bis zur erfolgreichen Live-Schaltung mit unseren exzellenten Finanzdaten.","robots":{"index":"index","follow":"follow","max-snippet":"max-snippet:-1","max-image-preview":"max-image-preview:large","max-video-preview":"max-video-preview:-1"},"canonical":"https:\/\/ariva.ag\/en\/datenpower\/","og_locale":"en_US","og_type":"article","og_title":"ARIVA: Finanzdaten sind unser Business | [:de]Datenpower[:en]Data power[:da]Datastr\u00f8m[:sv]Data Power[:]","og_description":"Erfahre, wie wir vom ersten Gespr\u00e4ch bis zur erfolgreichen Live-Schaltung begleiten und Deine Datenl\u00f6sung realisieren.","og_url":"https:\/\/ariva.ag\/en\/datenpower\/","og_site_name":"ARIVA: Finanzdaten sind unser Business","article_modified_time":"2026-02-24T10:22:14+00:00","og_image":[{"width":2500,"height":1313,"url":"https:\/\/ariva.ag\/wp-content\/uploads\/2026\/02\/ARIVA_Logo-orange-1.png","type":"image\/png"}],"twitter_card":"summary_large_image","twitter_description":"[:de]Datenpower[:en]Data power[:da]Datastr\u00f8m[:sv]Data Power[:]","twitter_misc":{"Estimated reading time":"7 minutes"},"schema":{"@context":"https:\/\/schema.org","@graph":[{"@type":"WebPage","@id":"https:\/\/ariva.ag\/datenpower\/","url":"https:\/\/ariva.ag\/datenpower\/","name":"Data power","isPartOf":{"@id":"https:\/\/ariva.ag\/#website"},"primaryImageOfPage":{"@id":"https:\/\/ariva.ag\/datenpower\/#primaryimage"},"image":{"@id":"https:\/\/ariva.ag\/datenpower\/#primaryimage"},"thumbnailUrl":"https:\/\/ariva.ag\/wp-content\/uploads\/2026\/02\/ARIVA_Logo-orange-1.png","datePublished":"2025-09-15T09:19:14+00:00","dateModified":"2026-02-24T10:22:14+00:00","description":"Erlebe eine reibungslose Integration vom ersten Gespr\u00e4ch bis zur erfolgreichen Live-Schaltung mit unseren exzellenten Finanzdaten.","breadcrumb":{"@id":"https:\/\/ariva.ag\/datenpower\/#breadcrumb"},"inLanguage":"en-GB","potentialAction":[{"@type":"ReadAction","target":["https:\/\/ariva.ag\/datenpower\/"]}]},{"@type":"ImageObject","inLanguage":"en-GB","@id":"https:\/\/ariva.ag\/datenpower\/#primaryimage","url":"https:\/\/ariva.ag\/wp-content\/uploads\/2026\/02\/ARIVA_Logo-orange-1.png","contentUrl":"https:\/\/ariva.ag\/wp-content\/uploads\/2026\/02\/ARIVA_Logo-orange-1.png","width":2500,"height":1313},{"@type":"BreadcrumbList","@id":"https:\/\/ariva.ag\/datenpower\/#breadcrumb","itemListElement":[{"@type":"ListItem","position":1,"name":"Startseite","item":"https:\/\/ariva.ag\/"},{"@type":"ListItem","position":2,"name":"Datenpower"}]},{"@type":"WebSite","@id":"https:\/\/ariva.ag\/#website","url":"https:\/\/ariva.ag\/","name":"ARIVA.AG","description":"","publisher":{"@id":"https:\/\/ariva.ag\/#organization"},"potentialAction":[{"@type":"SearchAction","target":{"@type":"EntryPoint","urlTemplate":"https:\/\/ariva.ag\/?s={search_term_string}"},"query-input":{"@type":"PropertyValueSpecification","valueRequired":true,"valueName":"search_term_string"}}],"inLanguage":"en-GB"},{"@type":"Organization","@id":"https:\/\/ariva.ag\/#organization","name":"ARIVA: Finanzdaten sind unser Business","url":"https:\/\/ariva.ag\/","logo":{"@type":"ImageObject","inLanguage":"en-GB","@id":"https:\/\/ariva.ag\/#\/schema\/logo\/image\/","url":"https:\/\/ariva.ag\/wp-content\/uploads\/2024\/08\/Ariva-AG-Logo.png","contentUrl":"https:\/\/ariva.ag\/wp-content\/uploads\/2024\/08\/Ariva-AG-Logo.png","width":295,"height":88,"caption":"ARIVA: Finanzdaten sind unser Business"},"image":{"@id":"https:\/\/ariva.ag\/#\/schema\/logo\/image\/"},"sameAs":["https:\/\/de.linkedin.com\/company\/ariva-de-ag"]}]}},"_links":{"self":[{"href":"https:\/\/ariva.ag\/en\/wp-json\/wp\/v2\/pages\/10076","targetHints":{"allow":["GET"]}}],"collection":[{"href":"https:\/\/ariva.ag\/en\/wp-json\/wp\/v2\/pages"}],"about":[{"href":"https:\/\/ariva.ag\/en\/wp-json\/wp\/v2\/types\/page"}],"author":[{"embeddable":true,"href":"https:\/\/ariva.ag\/en\/wp-json\/wp\/v2\/users\/7"}],"replies":[{"embeddable":true,"href":"https:\/\/ariva.ag\/en\/wp-json\/wp\/v2\/comments?post=10076"}],"version-history":[{"count":71,"href":"https:\/\/ariva.ag\/en\/wp-json\/wp\/v2\/pages\/10076\/revisions"}],"predecessor-version":[{"id":11719,"href":"https:\/\/ariva.ag\/en\/wp-json\/wp\/v2\/pages\/10076\/revisions\/11719"}],"wp:featuredmedia":[{"embeddable":true,"href":"https:\/\/ariva.ag\/en\/wp-json\/wp\/v2\/media\/13319"}],"wp:attachment":[{"href":"https:\/\/ariva.ag\/en\/wp-json\/wp\/v2\/media?parent=10076"}],"curies":[{"name":"wp","href":"https:\/\/api.w.org\/{rel}","templated":true}]}}