{"id":6,"date":"2024-08-26T13:34:04","date_gmt":"2024-08-26T11:34:04","guid":{"rendered":"http:\/\/ariva-test.io.w01f41b5.kasserver.com\/?page_id=6"},"modified":"2025-12-22T12:21:03","modified_gmt":"2025-12-22T11:21:03","slug":"data-alt","status":"publish","type":"page","link":"https:\/\/ariva.ag\/da\/data-alt\/","title":{"rendered":"DATA"},"content":{"rendered":"\n<div class=\"wp-block-media-text has-media-on-the-right is-stacked-on-mobile\" style=\"margin-bottom:75px\"><div class=\"wp-block-media-text__content\">\n<h1 class=\"wp-block-heading has-text-align-left site-headline has-h-1-font-size\" id=\"h-vi-lever-finansielle-data\" style=\"padding-left:0px;line-height:1\">Vi lever finansielle data<\/h1>\n\n\n\n<h2 class=\"wp-block-heading has-text-align-left site-input has-h-2-font-size\" id=\"h-som-forende-leverandor-til-levering-af-finansielle-data-tilbyder-vi-tjenester-der-er-skraeddersyet-til-behovene-hos-finansielle-institutioner-medievirksomheder-professionelle-investorer-inside-og-private-investorer-det-kaldes-ekstra-levering-af-data\" style=\"padding-left:0px\">Som f\u00f8rende leverand\u00f8r til levering af finansielle data tilbyder vi tjenester, der er skr\u00e6ddersyet til behovene hos finansielle institutioner, medievirksomheder, professionelle investorer:inside og private investorer. Det kaldes ekstra levering af data.<\/h2>\n\n\n<div class=\"wp-block-buttons invert is-content-justification-center is-layout-flex wp-container-core-buttons-is-layout-b5e9308e wp-block-buttons-is-layout-flex\" style=\"margin-top:0;margin-bottom:var(--wp--preset--spacing--50)\">\n<div class=\"wp-block-button invert\"><a class=\"wp-block-button__link wp-element-button\" href=\"https:\/\/ariva.ag\/da\/kontakt\/\">KONTAKT OS<\/a><\/div>\n<\/div><\/div><figure class=\"wp-block-media-text__media\"><img loading=\"lazy\" decoding=\"async\" width=\"1024\" height=\"683\" src=\"https:\/\/ariva.ag\/wp-content\/uploads\/2025\/07\/Header_Data_2025-1024x683.png\" alt=\"\" class=\"wp-image-8359 size-full\" srcset=\"https:\/\/ariva.ag\/wp-content\/uploads\/2025\/07\/Header_Data_2025-1024x683.png 1024w, https:\/\/ariva.ag\/wp-content\/uploads\/2025\/07\/Header_Data_2025-300x200.png 300w, https:\/\/ariva.ag\/wp-content\/uploads\/2025\/07\/Header_Data_2025-768x512.png 768w, https:\/\/ariva.ag\/wp-content\/uploads\/2025\/07\/Header_Data_2025-1536x1024.png 1536w, https:\/\/ariva.ag\/wp-content\/uploads\/2025\/07\/Header_Data_2025-2048x1366.png 2048w\" sizes=\"auto, (max-width: 1024px) 100vw, 1024px\" \/><\/figure><\/div>\n\n\n\n<h3 class=\"wp-block-heading has-text-align-center text-left-mobile has-h-3-font-size\" id=\"h-ekstraklasse-dataforbindelser\">Ekstraklasse dataforbindelser<\/h3>\n\n\n\n<p class=\"has-text-align-center\">Fordi h\u00f8j kvalitet og pr\u00e6cise finansielle oplysninger er afg\u00f8rende for <strong>Lydafg\u00f8relse<\/strong>. Vores kunder s\u00e6tter pris p\u00e5 de ekstra data, vi leverer. <br>Med vores omfattende ekspertise inden for at levere finansielle data garanterer vi, at alle oplysninger <strong>p\u00e5lidelig og hurtig<\/strong> tilg\u00e6ngelig. <br><br>Vores data er ikke kun pr\u00e6cise, men ogs\u00e5 om <strong>brugervenlige gr\u00e6nseflader\/API&#8217;er til r\u00e5dighed<\/strong>, der giver nem integration i dine systemer. Dette giver dig mulighed for at f\u00e5 adgang til de oplysninger, du giver til din handel eller til den <strong>Pr\u00e6sentation p\u00e5 din finansielle hjemmeside eller finansielle portal <\/strong>n\u00f8dvendig. Disse er:<\/p>\n\n\n\n<p class=\"has-text-align-center\"><br><\/p>\n\n\n\n<div class=\"wp-block-columns is-layout-flex wp-container-core-columns-is-layout-28f84493 wp-block-columns-is-layout-flex\">\n<div class=\"wp-block-column is-vertically-aligned-top fade-in-element is-layout-flow wp-block-column-is-layout-flow\">\n<figure class=\"wp-block-image aligncenter size-full ariva-icons\"><img loading=\"lazy\" decoding=\"async\" width=\"66\" height=\"65\" src=\"https:\/\/ariva.ag\/wp-content\/uploads\/2024\/12\/Gruppe-67.png\" alt=\"\" class=\"wp-image-1621\" style=\"object-fit:cover\"\/><\/figure>\n\n\n\n<h4 class=\"wp-block-heading has-text-align-center text-left-mobile has-h-2-font-size\" id=\"h-kursusdata\"><strong>Kursusdata<\/strong><\/h4>\n\n\n\n<p class=\"has-text-align-center\">Ekstraklasse data levering: real-time kurser, forsinket lager valutakurser, EOD data og fremragende markedsdata i form af handelsm\u00e6ngder, ordrebog data og markedsdybde.<\/p>\n<\/div>\n\n\n\n<div class=\"wp-block-column is-vertically-aligned-top fade-in-element is-layout-flow wp-block-column-is-layout-flow\">\n<figure class=\"wp-block-image aligncenter size-full ariva-icons\"><img loading=\"lazy\" decoding=\"async\" width=\"89\" height=\"89\" src=\"https:\/\/ariva.ag\/wp-content\/uploads\/2024\/12\/Gruppe-71.png\" alt=\"\" class=\"wp-image-1623\" style=\"object-fit:cover\"\/><\/figure>\n\n\n\n<h4 class=\"wp-block-heading has-text-align-center text-left-mobile has-h-2-font-size\" id=\"h-master-filer\"><strong>Master filer<\/strong><\/h4>\n\n\n\n<p class=\"has-text-align-center\">Vi forbereder detaljerede masterdata for alle <a href=\"https:\/\/de.wikipedia.org\/wiki\/Anlageklasse\">Asset klasser<\/a> op. Vores v\u00e6rdipapirafdeling sikrer h\u00f8jeste kvalitetsstandarder. <\/p>\n<\/div>\n\n\n\n<div class=\"wp-block-column is-vertically-aligned-top fade-in-element is-layout-flow wp-block-column-is-layout-flow\">\n<figure class=\"wp-block-image aligncenter size-full ariva-icons\"><img loading=\"lazy\" decoding=\"async\" width=\"72\" height=\"71\" src=\"https:\/\/ariva.ag\/wp-content\/uploads\/2024\/12\/Gruppe-69.png\" alt=\"\" class=\"wp-image-1622\" style=\"object-fit:cover\"\/><\/figure>\n\n\n\n<h4 class=\"wp-block-heading has-text-align-center text-left-mobile has-h-2-font-size\" id=\"h-grundlaeggende-oplysninger\"><strong>Grundl\u00e6ggende oplysninger<\/strong><\/h4>\n\n\n\n<p class=\"has-text-align-center\">Ud over at st\u00f8tte evalueringen af \u00e5rsrapporter <a href=\"https:\/\/www.boerse.de\/boersenlexikon\/Quartalsbericht#google_vignette\">Retsrapporter<\/a> og grundl\u00e6ggende indikatorer kvaliteten af denne database. Vi kalder det: Ekstraklasse data levering.<\/p>\n<\/div>\n\n\n\n<div class=\"wp-block-column is-vertically-aligned-top fade-in-element is-layout-flow wp-block-column-is-layout-flow\">\n<figure class=\"wp-block-image aligncenter size-full ariva-icons\"><img loading=\"lazy\" decoding=\"async\" width=\"81\" height=\"65\" src=\"https:\/\/ariva.ag\/wp-content\/uploads\/2024\/12\/Gruppe-59.png\" alt=\"\" class=\"wp-image-1620\" style=\"object-fit:cover\"\/><\/figure>\n\n\n\n<h4 class=\"wp-block-heading has-text-align-center text-left-mobile has-h-2-font-size\" id=\"h-antal-tal\"><strong>Antal tal<\/strong><\/h4>\n\n\n\n<p class=\"has-text-align-center\">Vi tilpasser grundl\u00e6ggende data og prisoplysninger med mange n\u00f8glefigurer, herunder vores egne markedsindikatorer som oscillatorer og bev\u00e6gelige gennemsnit, og sikrer dermed vores f\u00f8rsteklasses datalevering.<\/p>\n<\/div>\n<\/div>\n\n\n\t<div class=\"ariva-boxed-teaser ariva-boxed-teaser-extrastandard\">\n\t\t\t\t\t\t\t\t<a href=\"https:\/\/ariva.ag\/da\/aktien-indizes\/\" class=\"ariva-more-inline ariva-box  \">\n\t\t\t\t<h3>Dele og indekser<\/h3>\n\t\t\t\t<span class=\"ariva-excerpt\">Vi laver real-time kurser og historiske data af mere end 200 handelssteder til r&aring;dighed. Uanset om DAX, Dow Jones, Nasdaq eller Nikkei, har vi adgang til en bred vifte af aktier og indekser fra hele verden.<\/span>\n\t\t\t<\/a>\n\t\t\t\t\t\t\t\t<a href=\"https:\/\/ariva.ag\/da\/fonds-etfs\/\" class=\"ariva-more-inline ariva-box  \">\n\t\t\t\t<h3>Fund &#038; ETF&#8217;er<\/h3>\n\t\t\t\t<span class=\"ariva-excerpt\">Med mere end 34.000 midler fra omkring 437 fondsfirmaer d&aelig;kker ARIVA de fleste af de produkter, der kan handles i Tyskland. Ud over aktivt administrerede produkter er data tilg&aelig;ngelige for mere end 2.000 ETF&#8217;er, der handles p&aring; tyske aktieb&oslash;rser. Vores tilbud omfatter masterdata, kursusdata, n&oslash;glefigurer og detaljerede oversigter.<\/span>\n\t\t\t<\/a>\n\t\t\t\t\t\t\t\t<a href=\"https:\/\/ariva.ag\/da\/fundamentaldaten\/\" class=\"ariva-more-inline ariva-box  \">\n\t\t\t\t<h3>Grundl\u00e6ggende oplysninger<\/h3>\n\t\t\t\t<span class=\"ariva-excerpt\">Vores database indeholder grundl&#xE6;ggende data, udbytter og prisberegninger for store virksomheder verden over for at muligg&#xF8;re fair virksomhedsvurdering. Viden er magt! ARIVA giver alle interesserede mulighed for at f&#xE5; adgang til velfunderede data.<\/span>\n\t\t\t<\/a>\n\t\t\t\t\t\t\t\t<a href=\"https:\/\/ariva.ag\/da\/kennzahlen\/\" class=\"ariva-more-inline ariva-box  \">\n\t\t\t\t<h3>Indikationer og n\u00f8glefigurer<\/h3>\n\t\t\t\t<span class=\"ariva-excerpt\">I certifikatomr&#xE5;det tilbyder vi specifikke bed&#xF8;mmelseskoder. Vi underst&#xF8;tter den grundl&#xE6;ggende analyse med klassiske n&#xF8;glefigurer som KGV, KBV og udbytte udbytte. Desuden er der en r&#xE6;kke tekniske indikatorer og oscillatorer, der giver pr&#xE6;cise signaler for optimal indrejse og udgangstid.<\/span>\n\t\t\t<\/a>\n\t\t\t\t\t\t\t\t<a href=\"https:\/\/ariva.ag\/da\/rohstoffedevisenkryptowaehrungen\/\" class=\"ariva-more-inline ariva-box  \">\n\t\t\t\t<h3>R\u00e5varer, udenlandsk udveksling, kryptovalutaer<\/h3>\n\t\t\t\t<span class=\"ariva-excerpt\">ARIVA giver prisinformation om r&aring;materialer og udenlandsk udveksling, konsoliderede data feeds med i &oslash;jeblikket forskellige kryptovalutaer og prisdata af de nuv&aelig;rende handelssteder. Vi skaber vores egne indikationer p&aring; aktieindekser, valutapar og r&aring;materialer uanset aktiekurs handelstider uden forsinkelse.<\/span>\n\t\t\t<\/a>\n\t\t\t\t\t\t\t\t<a href=\"https:\/\/ariva.ag\/da\/zertifikate-anleihen\/\" class=\"ariva-more-inline ariva-box  \">\n\t\t\t\t<h3>Certifikater og Bonds<\/h3>\n\t\t\t\t<span class=\"ariva-excerpt\">ARIVA giver adgang til den st&oslash;rste derivat database i Tyskland. Alle vigtige oplysninger om strukturerede produkter, der handles p&aring; tyske aktieb&oslash;rer, er tilg&aelig;ngelige. Dataene er ideelle til websteder, finansielle applikationer eller back office l&oslash;sninger.<\/span>\n\t\t\t<\/a>\n\t\t\t<\/div>\n\n\n\n<p class=\"has-text-align-center mobile-hidden\" style=\"margin-top:var(--wp--preset--spacing--60)\">Mange kunder: I \u00e5revis har de v\u00e6ret afh\u00e6ngige af pr\u00e6cis og p\u00e5lidelig <strong>Oplysninger om ARIVA<\/strong>. Vores data bruges i en r\u00e6kke omr\u00e5der, fra banker og aktieb\u00f8rser til fintechs og private personer. Ekstra-klasse data levering g\u00f8r dette muligt. Her kan du finde et udvalg af succes implementeret <strong>Cases<\/strong> fra vores <strong>Dataomr\u00e5de<\/strong>at give dig en omfattende indsigt i den <strong>Alsidig og kvalitet<\/strong> af vores tjenester. For mere information og regelm\u00e6ssigt opdaterede eksempler, skal du blot bes\u00f8ge menupunktet <strong>CASES<\/strong>hvor du f\u00e5r overblik. Der er konstant nye udviklinger i vores <strong>Nyheder sektion<\/strong>at du ikke b\u00f8r g\u00e5 glip af. Hold p\u00e5! <\/p>\n\n\n\n<div class=\"wp-block-group breiter has-global-padding is-layout-constrained wp-block-group-is-layout-constrained\">    <div class=\"cases-preview\">\n\t\t<div class=\"container\">\n\t\t\t<div class=\"arheadgl\">\n                <h2 class=\"ariva-cases-bubble\">ARIVA CASES<\/h2>\n            <\/div>\n\t\t\t<div class=\"cases-preview-list\">\n\t\t\t\t\t\t\t\t\t\t\t\t\t\t<a class=\"case featured cat_allgemein cat_cases cat_cases_data\" href=\"https:\/\/ariva.ag\/da\/case-finaplus\/\">\n\t\t\t\t\t\t\t\t\t\t\t    \t\t<img decoding=\"async\" class=\"thumbnail\" src=\"https:\/\/ariva.ag\/wp-content\/uploads\/2026\/04\/logo_finaplus_transparent.png\" alt=\"Cases Finaplus\">\n\t\t\t\t\t\t                \t\t<span class=\"case-intro\"><p>Mit ihrer Wealth-as-a-Service-Plattform deckt Finaplus die gesamte Wertsch&#xF6;pfungskette im Wealth Management und Private Banking ab. Von <span class=\"\" data-mobile-support=\"0\" data-gt-translate-attributes='[{\"attribute\":\"data-cmtooltip\", \"format\":\"html\"}]' tabindex=\"0\" role=\"link\"><span class=\"\" data-mobile-support=\"0\" data-gt-translate-attributes='[{\"attribute\":\"data-cmtooltip\", \"format\":\"html\"}]' tabindex=\"0\" role=\"link\">Portfolio<\/span>management<\/span>, Reporting und Controlling &uuml;ber Back- und Middle-Office-Funktionen bis hin zu Onboarding, CRM, Compliance und Buchungsservices. Zu den Kunden z&auml;hlen Banken, Verm&ouml;gensverwalter, Family Offices und Stiftungen. <span class=\"\"  data-mobile-support=\"0\"  data-gt-translate-attributes='[{\"attribute\":\"data-cmtooltip\", \"format\":\"html\"}]' tabindex='0' role='link'>Brief<\/span>ing \/\/ Im anspruchsvollen Umfeld des Wealth Managements sind pr&auml;zise <span class=\"\"  data-mobile-support=\"0\"  data-gt-translate-attributes='[{\"attribute\":\"data-cmtooltip\", \"format\":\"html\"}]' tabindex='0' role='link'>Markt<\/span>&#8211; und Produktinformationen [&hellip;]<\/p><\/span>\n\t\t\t\t\t<\/a>\n\t\t\t\t\t\t\t\t\t\t\t\t\t\t<a class=\"case featured cat_allgemein cat_cases cat_cases_data\" href=\"https:\/\/ariva.ag\/da\/cases-nuways\/\">\n\t\t\t\t\t\t\t\t\t\t\t    \t\t<img decoding=\"async\" class=\"thumbnail\" src=\"https:\/\/ariva.ag\/wp-content\/uploads\/2025\/10\/NuWays_Logos_farbe_klein.png\" alt=\"Cases Nuways\">\n\t\t\t\t\t\t                \t\t<span class=\"case-intro\"><p>NuWays tilbyder investorer: lige adgang til<span class=\"\"  data-mobile-support=\"0\"  data-gt-translate-attributes='[{\"attribute\":\"data-cmtooltip\", \"format\":\"html\"}]' tabindex='0' role='link'>Aktie<\/span>forskningog og ogTransaktionstransaktionerSamtidig giver virksomhederne en platform til at l&oslash;se nye investorer og &oslash;ge v&aelig;kstk<span class=\"\"  data-mobile-support=\"0\"  data-gt-translate-attributes='[{\"attribute\":\"data-cmtooltip\", \"format\":\"html\"}]' tabindex='0' role='link'>api<\/span>talen. Udvalget af tjenester sp&aelig;nder fra<span class=\"\"  data-mobile-support=\"0\"  data-gt-translate-attributes='[{\"attribute\":\"data-cmtooltip\", \"format\":\"html\"}]' tabindex='0' role='link'>Aktie<\/span>forskning&ndash; i form af et forskningsfoder, lagerrapporter og analyser &ndash; tilK<span class=\"\"  data-mobile-support=\"0\"  data-gt-translate-attributes='[{\"attribute\":\"data-cmtooltip\", \"format\":\"html\"}]' tabindex='0' role='link'>api<\/span>talmarkeder, hvor virksomheder st&oslash;ttes i forhold til finansiering og kommunikation med investorer. Derudover driver NuWaysAlpha List&rdquo;-Segment med et udvalg af s&aelig;rligt [&hellip;]<\/p><\/span>\n\t\t\t\t\t<\/a>\n\t\t\t\t\t\t\t\t\t\t\t\t\t\t<a class=\"case featured cat_cases cat_cases_data\" href=\"https:\/\/ariva.ag\/da\/helaba\/\">\n\t\t\t\t\t\t\t\t\t\t\t    \t\t<img decoding=\"async\" class=\"thumbnail\" src=\"https:\/\/ariva.ag\/wp-content\/uploads\/2025\/06\/helaba-logo-transparent.png\" alt=\"CASE\">\n\t\t\t\t\t\t                \t\t<span class=\"case-intro\"><p>Helaba (Landesbank Hessen-Th&uuml;ringen) baseret p&aring; Frankfurt am Main er en f&oslash;rende Handels- og Landesbank. Som en central bank for besparelser banker Hessen, Thuringia, Nordrhein-Westfalen og Brandenburg tilbyder klassiske banktjenester samt lydekspertise inden for ejendoms- og projektfinansiering, k<span class=\"\"  data-mobile-support=\"0\"  data-gt-translate-attributes='[{\"attribute\":\"data-cmtooltip\", \"format\":\"html\"}]' tabindex='0' role='link'>api<\/span>talmarkedsforretning og asset management. Kundeservice \/\/ Helaba (Landesbank Hessen-Th&uuml;ringen) <span class=\"\"  data-mobile-support=\"0\"  data-gt-translate-attributes='[{\"attribute\":\"data-cmtooltip\", \"format\":\"html\"}]' tabindex='0' role='link'>Brief<\/span>ing \/\/ Til den s&aring;kaldte <span class=\"\"  data-mobile-support=\"0\"  data-gt-translate-attributes='[{\"attribute\":\"data-cmtooltip\", \"format\":\"html\"}]' tabindex='0' role='link'>DEPOT<\/span>MASTER &ndash; en drevet af [&hellip;]<\/p><\/span>\n\t\t\t\t\t<\/a>\n\t\t\t\t\t\t\t<\/div>\n\t\t<\/div>\n    <\/div>\n<\/div>\n\n\n\n<div style=\"height:100px\" aria-hidden=\"true\" class=\"wp-block-spacer\"><\/div>\n\n\n<div class=\"wp-block-buttons call-to-action has-accent-background-color has-background is-content-justification-center is-layout-flex wp-container-core-buttons-is-layout-44da0941 wp-block-buttons-is-layout-flex\" style=\"padding-top:var(--wp--preset--spacing--70);padding-bottom:var(--wp--preset--spacing--70)\">\n<div class=\"wp-block-button has-custom-width wp-block-button__width-25 invert\"><a class=\"wp-block-button__link wp-element-button\" href=\"javascript:history.back()\">\u2190 TILBAGE TIL OVERSIGT<\/a><\/div>\n\n\n\n<div class=\"wp-block-button has-custom-width wp-block-button__width-25 invert\"><a class=\"wp-block-button__link wp-element-button\" href=\"https:\/\/ariva.ag\/da\/kontakt\/\">KONTAKT OS<\/a><\/div>\n\n\n\n<div class=\"wp-block-button has-custom-width wp-block-button__width-25 invert\"><a class=\"wp-block-button__link wp-element-button\" href=\"https:\/\/ariva.ag\/ariva-news\/\">ARIVA NEWS<\/a><\/div>\n<\/div>","protected":false},"excerpt":{"rendered":"<p>Ekstraklasse dataforbindelser Fordi h&#xF8;j kvalitet og pr&#xE6;cise finansielle oplysninger er afg&#xF8;rende for Lydafg&#xF8;relse. Vores kunder s&#xE6;tter pris p&#xE5; de ekstra data, vi leverer. Med vores omfattende ekspertise inden for at levere finansielle data garanterer vi, at alle oplysninger p&#xE5;lidelig og hurtig tilg&#xE6;ngelig. Vores data er ikke kun pr&#xE6;cise, men ogs&#xE5; om brugervenlige gr&#xE6;nseflader\/<span class=\"\" data-mobile-support=\"0\" data-gt-translate-attributes='[{\"attribute\":\"data-cmtooltip\", \"format\":\"html\"}]' tabindex=\"0\" role=\"link\"><span class=\"\"  data-mobile-support=\"0\"  data-gt-translate-attributes='[{\"attribute\":\"data-cmtooltip\", \"format\":\"html\"}]' tabindex='0' role='link'>API<\/span><\/span>&#x2019;er til r&#xE5;dighed, [&#x2026;]<\/p>\n","protected":false},"author":2,"featured_media":8359,"parent":0,"menu_order":0,"comment_status":"closed","ping_status":"closed","template":"","meta":{"content-type":"","footnotes":"[]"},"class_list":["post-6","page","type-page","status-publish","has-post-thumbnail","hentry"],"yoast_head":"<!-- This site is optimized with the Yoast SEO Premium plugin v27.4 (Yoast SEO v27.4) - https:\/\/yoast.com\/product\/yoast-seo-premium-wordpress\/ -->\n<title>Datenlieferung der Extraklasse! ARIVA: Finanzdaten sind unser Business<\/title>\n<meta name=\"description\" content=\"Erfahre alles \u00fcber die Datenlieferung der Extraklasse. Hohe Qualit\u00e4t und pr\u00e4zise Finanzinformationen warten auf dich.\" \/>\n<meta name=\"robots\" content=\"index, follow, max-snippet:-1, max-image-preview:large, max-video-preview:-1\" \/>\n<link rel=\"canonical\" href=\"https:\/\/ariva.ag\/da\/data-alt\/\" \/>\n<meta property=\"og:locale\" content=\"da_DK\" \/>\n<meta property=\"og:locale:alternate\" content=\"de_DE\" \/>\n<meta property=\"og:locale:alternate\" content=\"en_UK\" \/>\n<meta property=\"og:locale:alternate\" content=\"sv_SE\" \/>\n<meta property=\"og:type\" content=\"article\" \/>\n<meta property=\"og:title\" content=\"DATA\" \/>\n<meta property=\"og:description\" content=\"DATA\" \/>\n<meta property=\"og:url\" content=\"https:\/\/ariva.ag\/da\/data-alt\/\" \/>\n<meta property=\"og:site_name\" content=\"ARIVA: Finanzdaten sind unser Business\" \/>\n<meta property=\"article:modified_time\" content=\"2025-12-22T11:21:03+00:00\" \/>\n<meta property=\"og:image\" content=\"https:\/\/ariva.ag\/wp-content\/uploads\/2025\/07\/Header_Data_2025-1024x683.png\" \/>\n\t<meta property=\"og:image:width\" content=\"1024\" \/>\n\t<meta property=\"og:image:height\" content=\"683\" \/>\n\t<meta property=\"og:image:type\" content=\"image\/png\" \/>\n<meta name=\"twitter:card\" content=\"summary_large_image\" \/>\n<meta name=\"twitter:label1\" content=\"Estimeret l\u00e6setid\" \/>\n\t<meta name=\"twitter:data1\" content=\"9 minutter\" \/>\n<script type=\"application\/ld+json\" class=\"yoast-schema-graph\">{\"@context\":\"https:\\\/\\\/schema.org\",\"@graph\":[{\"@type\":\"WebPage\",\"@id\":\"https:\\\/\\\/ariva.ag\\\/data-alt\\\/\",\"url\":\"https:\\\/\\\/ariva.ag\\\/data-alt\\\/\",\"name\":\"Datenlieferung der Extraklasse! ARIVA: Finanzdaten sind unser Business\",\"isPartOf\":{\"@id\":\"https:\\\/\\\/ariva.ag\\\/#website\"},\"primaryImageOfPage\":{\"@id\":\"https:\\\/\\\/ariva.ag\\\/data-alt\\\/#primaryimage\"},\"image\":{\"@id\":\"https:\\\/\\\/ariva.ag\\\/data-alt\\\/#primaryimage\"},\"thumbnailUrl\":\"https:\\\/\\\/ariva.ag\\\/wp-content\\\/uploads\\\/2025\\\/07\\\/Header_Data_2025.png\",\"datePublished\":\"2024-08-26T11:34:04+00:00\",\"dateModified\":\"2025-12-22T11:21:03+00:00\",\"description\":\"Erfahre alles \u00fcber die Datenlieferung der Extraklasse. Hohe Qualit\u00e4t und pr\u00e4zise Finanzinformationen warten auf dich.\",\"breadcrumb\":{\"@id\":\"https:\\\/\\\/ariva.ag\\\/data-alt\\\/#breadcrumb\"},\"inLanguage\":\"da-DK\",\"potentialAction\":[{\"@type\":\"ReadAction\",\"target\":[\"https:\\\/\\\/ariva.ag\\\/data-alt\\\/\"]}]},{\"@type\":\"ImageObject\",\"inLanguage\":\"da-DK\",\"@id\":\"https:\\\/\\\/ariva.ag\\\/data-alt\\\/#primaryimage\",\"url\":\"https:\\\/\\\/ariva.ag\\\/wp-content\\\/uploads\\\/2025\\\/07\\\/Header_Data_2025.png\",\"contentUrl\":\"https:\\\/\\\/ariva.ag\\\/wp-content\\\/uploads\\\/2025\\\/07\\\/Header_Data_2025.png\",\"width\":2500,\"height\":1667},{\"@type\":\"BreadcrumbList\",\"@id\":\"https:\\\/\\\/ariva.ag\\\/data-alt\\\/#breadcrumb\",\"itemListElement\":[{\"@type\":\"ListItem\",\"position\":1,\"name\":\"Startseite\",\"item\":\"https:\\\/\\\/ariva.ag\\\/\"},{\"@type\":\"ListItem\",\"position\":2,\"name\":\"DATA (ALT)\"}]},{\"@type\":\"WebSite\",\"@id\":\"https:\\\/\\\/ariva.ag\\\/#website\",\"url\":\"https:\\\/\\\/ariva.ag\\\/\",\"name\":\"ARIVA.AG\",\"description\":\"\",\"publisher\":{\"@id\":\"https:\\\/\\\/ariva.ag\\\/#organization\"},\"potentialAction\":[{\"@type\":\"SearchAction\",\"target\":{\"@type\":\"EntryPoint\",\"urlTemplate\":\"https:\\\/\\\/ariva.ag\\\/?s={search_term_string}\"},\"query-input\":{\"@type\":\"PropertyValueSpecification\",\"valueRequired\":true,\"valueName\":\"search_term_string\"}}],\"inLanguage\":\"da-DK\"},{\"@type\":\"Organization\",\"@id\":\"https:\\\/\\\/ariva.ag\\\/#organization\",\"name\":\"ARIVA: Finanzdaten sind unser Business\",\"url\":\"https:\\\/\\\/ariva.ag\\\/\",\"logo\":{\"@type\":\"ImageObject\",\"inLanguage\":\"da-DK\",\"@id\":\"https:\\\/\\\/ariva.ag\\\/#\\\/schema\\\/logo\\\/image\\\/\",\"url\":\"https:\\\/\\\/ariva.ag\\\/wp-content\\\/uploads\\\/2024\\\/08\\\/Ariva-AG-Logo.png\",\"contentUrl\":\"https:\\\/\\\/ariva.ag\\\/wp-content\\\/uploads\\\/2024\\\/08\\\/Ariva-AG-Logo.png\",\"width\":295,\"height\":88,\"caption\":\"ARIVA: Finanzdaten sind unser Business\"},\"image\":{\"@id\":\"https:\\\/\\\/ariva.ag\\\/#\\\/schema\\\/logo\\\/image\\\/\"},\"sameAs\":[\"https:\\\/\\\/de.linkedin.com\\\/company\\\/ariva-de-ag\"]}]}<\/script>\n<!-- \/ Yoast SEO Premium plugin. -->","yoast_head_json":{"title":"Datenlieferung der Extraklasse! ARIVA: Finanzdaten sind unser Business","description":"Erfahre alles \u00fcber die Datenlieferung der Extraklasse. Hohe Qualit\u00e4t und pr\u00e4zise Finanzinformationen warten auf dich.","robots":{"index":"index","follow":"follow","max-snippet":"max-snippet:-1","max-image-preview":"max-image-preview:large","max-video-preview":"max-video-preview:-1"},"canonical":"https:\/\/ariva.ag\/da\/data-alt\/","og_locale":"da_DK","og_type":"article","og_title":"ARIVA: Finanzdaten sind unser Business | [:de]DATA (ALT)[:en]DATA[:da]DATA[:sv]DATA[:]","og_description":"[:de]DATA (ALT)[:en]DATA[:da]DATA[:sv]DATA[:]","og_url":"https:\/\/ariva.ag\/da\/data-alt\/","og_site_name":"ARIVA: Finanzdaten sind unser Business","article_modified_time":"2025-12-22T11:21:03+00:00","og_image":[{"width":1024,"height":683,"url":"https:\/\/ariva.ag\/wp-content\/uploads\/2025\/07\/Header_Data_2025-1024x683.png","type":"image\/png"}],"twitter_card":"summary_large_image","twitter_misc":{"Estimeret l\u00e6setid":"9 minutter"},"schema":{"@context":"https:\/\/schema.org","@graph":[{"@type":"WebPage","@id":"https:\/\/ariva.ag\/data-alt\/","url":"https:\/\/ariva.ag\/data-alt\/","name":"Datenlieferung der Extraklasse! ARIVA: Finanzdaten sind unser Business","isPartOf":{"@id":"https:\/\/ariva.ag\/#website"},"primaryImageOfPage":{"@id":"https:\/\/ariva.ag\/data-alt\/#primaryimage"},"image":{"@id":"https:\/\/ariva.ag\/data-alt\/#primaryimage"},"thumbnailUrl":"https:\/\/ariva.ag\/wp-content\/uploads\/2025\/07\/Header_Data_2025.png","datePublished":"2024-08-26T11:34:04+00:00","dateModified":"2025-12-22T11:21:03+00:00","description":"Erfahre alles \u00fcber die Datenlieferung der Extraklasse. Hohe Qualit\u00e4t und pr\u00e4zise Finanzinformationen warten auf dich.","breadcrumb":{"@id":"https:\/\/ariva.ag\/data-alt\/#breadcrumb"},"inLanguage":"da-DK","potentialAction":[{"@type":"ReadAction","target":["https:\/\/ariva.ag\/data-alt\/"]}]},{"@type":"ImageObject","inLanguage":"da-DK","@id":"https:\/\/ariva.ag\/data-alt\/#primaryimage","url":"https:\/\/ariva.ag\/wp-content\/uploads\/2025\/07\/Header_Data_2025.png","contentUrl":"https:\/\/ariva.ag\/wp-content\/uploads\/2025\/07\/Header_Data_2025.png","width":2500,"height":1667},{"@type":"BreadcrumbList","@id":"https:\/\/ariva.ag\/data-alt\/#breadcrumb","itemListElement":[{"@type":"ListItem","position":1,"name":"Startseite","item":"https:\/\/ariva.ag\/"},{"@type":"ListItem","position":2,"name":"DATA (ALT)"}]},{"@type":"WebSite","@id":"https:\/\/ariva.ag\/#website","url":"https:\/\/ariva.ag\/","name":"ARIVA.AG","description":"","publisher":{"@id":"https:\/\/ariva.ag\/#organization"},"potentialAction":[{"@type":"SearchAction","target":{"@type":"EntryPoint","urlTemplate":"https:\/\/ariva.ag\/?s={search_term_string}"},"query-input":{"@type":"PropertyValueSpecification","valueRequired":true,"valueName":"search_term_string"}}],"inLanguage":"da-DK"},{"@type":"Organization","@id":"https:\/\/ariva.ag\/#organization","name":"ARIVA: Finanzdaten sind unser Business","url":"https:\/\/ariva.ag\/","logo":{"@type":"ImageObject","inLanguage":"da-DK","@id":"https:\/\/ariva.ag\/#\/schema\/logo\/image\/","url":"https:\/\/ariva.ag\/wp-content\/uploads\/2024\/08\/Ariva-AG-Logo.png","contentUrl":"https:\/\/ariva.ag\/wp-content\/uploads\/2024\/08\/Ariva-AG-Logo.png","width":295,"height":88,"caption":"ARIVA: Finanzdaten sind unser Business"},"image":{"@id":"https:\/\/ariva.ag\/#\/schema\/logo\/image\/"},"sameAs":["https:\/\/de.linkedin.com\/company\/ariva-de-ag"]}]}},"_links":{"self":[{"href":"https:\/\/ariva.ag\/da\/wp-json\/wp\/v2\/pages\/6","targetHints":{"allow":["GET"]}}],"collection":[{"href":"https:\/\/ariva.ag\/da\/wp-json\/wp\/v2\/pages"}],"about":[{"href":"https:\/\/ariva.ag\/da\/wp-json\/wp\/v2\/types\/page"}],"author":[{"embeddable":true,"href":"https:\/\/ariva.ag\/da\/wp-json\/wp\/v2\/users\/2"}],"replies":[{"embeddable":true,"href":"https:\/\/ariva.ag\/da\/wp-json\/wp\/v2\/comments?post=6"}],"version-history":[{"count":196,"href":"https:\/\/ariva.ag\/da\/wp-json\/wp\/v2\/pages\/6\/revisions"}],"predecessor-version":[{"id":12949,"href":"https:\/\/ariva.ag\/da\/wp-json\/wp\/v2\/pages\/6\/revisions\/12949"}],"wp:featuredmedia":[{"embeddable":true,"href":"https:\/\/ariva.ag\/da\/wp-json\/wp\/v2\/media\/8359"}],"wp:attachment":[{"href":"https:\/\/ariva.ag\/da\/wp-json\/wp\/v2\/media?parent=6"}],"curies":[{"name":"wp","href":"https:\/\/api.w.org\/{rel}","templated":true}]}}