{"id":4857,"date":"2025-02-06T14:04:16","date_gmt":"2025-02-06T13:04:16","guid":{"rendered":"https:\/\/ariva.ag\/?page_id=4857"},"modified":"2026-02-24T11:21:32","modified_gmt":"2026-02-24T10:21:32","slug":"cases","status":"publish","type":"page","link":"https:\/\/ariva.ag\/da\/cases\/","title":{"rendered":"CASES"},"content":{"rendered":"\n<div class=\"wp-block-media-text has-media-on-the-right is-stacked-on-mobile\" style=\"margin-top:0;margin-bottom:0\"><div class=\"wp-block-media-text__content\">\n<h1 class=\"wp-block-heading has-h-1-font-size\" id=\"h-det-er-hvad-der-foregar\">Det er, hvad der foreg\u00e5r<\/h1>\n\n\n\n<h2 class=\"wp-block-heading has-h-2-font-size\" id=\"h-vi-har-i-arevis-tilbudt-fuld-servicelosninger-til-praesentation-af-finansielle-data-og-giver-et-indblik-her-fordi-data-lever-og-skal-hele-tiden-tilpasses-til-nye-krav-tak-til-alle-de-kunder-vi-kan-traene\">Vi har i \u00e5revis tilbudt fuld servicel\u00f8sninger til pr\u00e6sentation af finansielle data og giver et indblik her. Fordi data lever og skal hele tiden tilpasses til nye krav. Tak til alle de kunder, vi kan tr\u00e6ne.<\/h2>\n\n\n<div class=\"wp-block-buttons invert is-content-justification-center is-layout-flex wp-container-core-buttons-is-layout-b5e9308e wp-block-buttons-is-layout-flex\" style=\"margin-top:0;margin-bottom:var(--wp--preset--spacing--50)\">\n<div class=\"wp-block-button invert\"><a class=\"wp-block-button__link wp-element-button\" href=\"https:\/\/ariva.ag\/da\/kontakt\/\">KONTAKT OS<\/a><\/div>\n<\/div><\/div><figure class=\"wp-block-media-text__media\"><img loading=\"lazy\" decoding=\"async\" width=\"1024\" height=\"677\" src=\"https:\/\/ariva.ag\/wp-content\/uploads\/2025\/02\/Header_cases_2025-1024x677.png\" alt=\"\" class=\"wp-image-5039 size-full\" srcset=\"https:\/\/ariva.ag\/wp-content\/uploads\/2025\/02\/Header_cases_2025-1024x677.png 1024w, https:\/\/ariva.ag\/wp-content\/uploads\/2025\/02\/Header_cases_2025-300x198.png 300w, https:\/\/ariva.ag\/wp-content\/uploads\/2025\/02\/Header_cases_2025-768x508.png 768w, https:\/\/ariva.ag\/wp-content\/uploads\/2025\/02\/Header_cases_2025-1536x1015.png 1536w, https:\/\/ariva.ag\/wp-content\/uploads\/2025\/02\/Header_cases_2025.png 1540w\" sizes=\"auto, (max-width: 1024px) 100vw, 1024px\" \/><\/figure><\/div>\n\n\n\n<div class=\"wp-block-cover is-light full-width cases\" style=\"margin-top:0;margin-bottom:0;min-height:800px;aspect-ratio:unset;\"><img loading=\"lazy\" decoding=\"async\" width=\"1252\" height=\"768\" class=\"wp-block-cover__image-background wp-image-4881\" alt=\"\" src=\"https:\/\/ariva.ag\/wp-content\/uploads\/2025\/02\/ARIVA.jpg\" data-object-fit=\"cover\" srcset=\"https:\/\/ariva.ag\/wp-content\/uploads\/2025\/02\/ARIVA.jpg 1252w, https:\/\/ariva.ag\/wp-content\/uploads\/2025\/02\/ARIVA-300x184.jpg 300w, https:\/\/ariva.ag\/wp-content\/uploads\/2025\/02\/ARIVA-1024x628.jpg 1024w, https:\/\/ariva.ag\/wp-content\/uploads\/2025\/02\/ARIVA-768x471.jpg 768w\" sizes=\"auto, (max-width: 1252px) 100vw, 1252px\" \/><span aria-hidden=\"true\" class=\"wp-block-cover__background has-background-dim\" style=\"background-color:#909597\"><\/span><div class=\"wp-block-cover__inner-container is-layout-flow wp-block-cover-is-layout-flow\">    <div class=\"cases-main-selection\">\n                                <a class=\"case featured cat_cases cat_cases_web_services\" href=\"https:\/\/ariva.ag\/da\/relaunch-deutsche-boerse\/\">\n                                    <img decoding=\"async\" class=\"thumbnail\" src=\"https:\/\/ariva.ag\/wp-content\/uploads\/2025\/12\/logoDeutsche_boerse.png\" alt=\"Relaunch Deutsche B\u00f6rse &#8211; das Ergebnis \u00fcberzeugt!\">\n                            <\/a>\n                                <a class=\"case featured cat_allgemein cat_cases cat_cases_data\" href=\"https:\/\/ariva.ag\/da\/cases-nuways\/\">\n                                    <img decoding=\"async\" class=\"thumbnail\" src=\"https:\/\/ariva.ag\/wp-content\/uploads\/2025\/10\/NuWays_Logos_farbe_klein.png\" alt=\"Cases Nuways\">\n                            <\/a>\n                                <a class=\"case featured cat_cases cat_cases_data\" href=\"https:\/\/ariva.ag\/da\/helaba\/\">\n                                    <img decoding=\"async\" class=\"thumbnail\" src=\"https:\/\/ariva.ag\/wp-content\/uploads\/2025\/06\/helaba-logo-transparent.png\" alt=\"CASE\">\n                            <\/a>\n                                <a class=\"case featured cat_cases cat_cases_data cat_e-paper-fintech\" href=\"https:\/\/ariva.ag\/da\/cases-norkon\/\">\n                                    <img decoding=\"async\" class=\"thumbnail\" src=\"https:\/\/ariva.ag\/wp-content\/uploads\/2025\/04\/norkon_logo.png\" alt=\"Cases Norkon\">\n                            <\/a>\n                                <a class=\"case featured cat_allgemein cat_cases cat_cases_data\" href=\"https:\/\/ariva.ag\/da\/wealthapi\/\">\n                                    <img decoding=\"async\" class=\"thumbnail\" src=\"https:\/\/ariva.ag\/wp-content\/uploads\/2025\/03\/wealthAPI-1000x1000-1.jpg\" alt=\"CASE rigdomAPI\">\n                            <\/a>\n                                <a class=\"case featured cat_allgemein cat_cases cat_cases_data cat_e-paper-fintech\" href=\"https:\/\/ariva.ag\/da\/casestudy-boerse-de\/\">\n                                    <img decoding=\"async\" class=\"thumbnail\" src=\"https:\/\/ariva.ag\/wp-content\/uploads\/2025\/03\/boersede_logo.png\" alt=\"Billeder af CAESES\">\n                            <\/a>\n                                <a class=\"case featured cat_cases cat_cases_data cat_cases_web_services cat_e-paper-fintech\" href=\"https:\/\/ariva.ag\/da\/case-smartbroker\/\">\n                                    <img decoding=\"async\" class=\"thumbnail\" src=\"https:\/\/ariva.ag\/wp-content\/uploads\/2025\/02\/Unknown.png\" alt=\"Case Smartbroker\">\n                            <\/a>\n                                <a class=\"case featured cat_cases cat_cases_web_services\" href=\"https:\/\/ariva.ag\/da\/case-adisfaction\/\">\n                                    <img decoding=\"async\" class=\"thumbnail\" src=\"https:\/\/ariva.ag\/wp-content\/uploads\/2025\/02\/adisfaction-annex.png\" alt=\"CASE Adisfaction\">\n                            <\/a>\n                                <a class=\"case featured cat_cases cat_cases_web_services\" href=\"https:\/\/ariva.ag\/da\/case-ing\/\">\n                                    <img decoding=\"async\" class=\"thumbnail\" src=\"https:\/\/ariva.ag\/wp-content\/uploads\/2025\/02\/ing_logo.png\" alt=\"Case ING\">\n                            <\/a>\n                                <a class=\"case featured cat_cases cat_cases_web_services\" href=\"https:\/\/ariva.ag\/da\/case-vontobel\/\">\n                                    <img decoding=\"async\" class=\"thumbnail\" src=\"https:\/\/ariva.ag\/wp-content\/uploads\/2025\/02\/vontobel.png\" alt=\"I n\u00e6rheden af CASE vontobel\">\n                            <\/a>\n                                <a class=\"case featured cat_cases cat_cases_web_services\" href=\"https:\/\/ariva.ag\/da\/case-finanzen100\/\">\n                                    <img decoding=\"async\" class=\"thumbnail\" src=\"https:\/\/ariva.ag\/wp-content\/uploads\/2025\/02\/finanzen100.png\" alt=\"CASE Finance100\">\n                            <\/a>\n                                <a class=\"case featured cat_cases cat_cases_data cat_cases_regulatorik cat_cases_web_services\" href=\"https:\/\/ariva.ag\/da\/case-six\/\">\n                                    <img decoding=\"async\" class=\"thumbnail\" src=\"https:\/\/ariva.ag\/wp-content\/uploads\/2025\/02\/Logo_six.png\" alt=\"CASE\">\n                            <\/a>\n                                <a class=\"case featured cat_cases cat_cases_web_services\" href=\"https:\/\/ariva.ag\/da\/case-finanzen-net\/\">\n                                    <img decoding=\"async\" class=\"thumbnail\" src=\"https:\/\/ariva.ag\/wp-content\/uploads\/2025\/02\/finanzennet_.png\" alt=\"CASE finansieringsnet\">\n                            <\/a>\n                                <a class=\"case featured cat_cases cat_cases_web_services\" href=\"https:\/\/ariva.ag\/da\/case-boerse-frankfurt\/\">\n                                    <img decoding=\"async\" class=\"thumbnail\" src=\"https:\/\/ariva.ag\/wp-content\/uploads\/2025\/02\/Boerse_Frankfurt.svg_.png\" alt=\"Stock Frankfurt\">\n                            <\/a>\n            <\/div>\n<\/div><\/div>\n\n\n<div class=\"wp-block-buttons call-to-action has-accent-background-color has-background is-content-justification-center is-layout-flex wp-container-core-buttons-is-layout-44da0941 wp-block-buttons-is-layout-flex\" style=\"padding-top:var(--wp--preset--spacing--70);padding-bottom:var(--wp--preset--spacing--70)\">\n<div class=\"wp-block-button has-custom-width wp-block-button__width-25 invert\"><a class=\"wp-block-button__link wp-element-button\" href=\"javascript:history.back()\">\u2190 TILBAGE TIL OVERSIGT<\/a><\/div>\n\n\n\n<div class=\"wp-block-button has-custom-width wp-block-button__width-25 invert\"><a class=\"wp-block-button__link wp-element-button\" href=\"https:\/\/ariva.ag\/da\/kontakt\/\">KONTAKT OS<\/a><\/div>\n\n\n\n<div class=\"wp-block-button has-custom-width wp-block-button__width-25 invert\"><a class=\"wp-block-button__link wp-element-button\" href=\"https:\/\/ariva.ag\/ariva-news\/\">ARIVA NEWS<\/a><\/div>\n<\/div>","protected":false},"excerpt":{"rendered":"","protected":false},"author":7,"featured_media":13319,"parent":0,"menu_order":0,"comment_status":"closed","ping_status":"closed","template":"singleplain","meta":{"content-type":"","footnotes":""},"class_list":["post-4857","page","type-page","status-publish","has-post-thumbnail","hentry"],"yoast_head":"<!-- This site is optimized with the Yoast SEO Premium plugin v27.2 (Yoast SEO v27.2) - https:\/\/yoast.com\/product\/yoast-seo-premium-wordpress\/ -->\n<title>CASES<\/title>\n<meta name=\"description\" content=\"Entdecke unsere spannenden Cases und erhalte Einblicke in unsere Projekte zur Darstellung von Finanzdaten.\" \/>\n<meta name=\"robots\" content=\"index, follow, max-snippet:-1, max-image-preview:large, max-video-preview:-1\" \/>\n<link rel=\"canonical\" href=\"https:\/\/ariva.ag\/da\/cases\/\" \/>\n<meta property=\"og:locale\" content=\"da_DK\" \/>\n<meta property=\"og:locale:alternate\" content=\"de_DE\" \/>\n<meta property=\"og:locale:alternate\" content=\"en_UK\" \/>\n<meta property=\"og:locale:alternate\" content=\"sv_SE\" \/>\n<meta property=\"og:type\" content=\"article\" \/>\n<meta property=\"og:title\" content=\"CASES\" \/>\n<meta property=\"og:description\" content=\"CASES\" \/>\n<meta property=\"og:url\" content=\"https:\/\/ariva.ag\/da\/cases\/\" \/>\n<meta property=\"og:site_name\" content=\"ARIVA: Finanzdaten sind unser Business\" \/>\n<meta property=\"article:modified_time\" content=\"2026-02-24T10:21:32+00:00\" \/>\n<meta property=\"og:image\" content=\"https:\/\/ariva.ag\/wp-content\/uploads\/2026\/02\/ARIVA_Logo-orange-1.png\" \/>\n\t<meta property=\"og:image:width\" content=\"2500\" \/>\n\t<meta property=\"og:image:height\" content=\"1313\" \/>\n\t<meta property=\"og:image:type\" content=\"image\/png\" \/>\n<meta name=\"twitter:card\" content=\"summary_large_image\" \/>\n<meta name=\"twitter:label1\" content=\"Estimeret l\u00e6setid\" \/>\n\t<meta name=\"twitter:data1\" content=\"3 minutter\" \/>\n<script type=\"application\/ld+json\" class=\"yoast-schema-graph\">{\"@context\":\"https:\/\/schema.org\",\"@graph\":[{\"@type\":\"WebPage\",\"@id\":\"https:\/\/ariva.ag\/cases\/\",\"url\":\"https:\/\/ariva.ag\/cases\/\",\"name\":\"CASES\",\"isPartOf\":{\"@id\":\"https:\/\/ariva.ag\/#website\"},\"primaryImageOfPage\":{\"@id\":\"https:\/\/ariva.ag\/cases\/#primaryimage\"},\"image\":{\"@id\":\"https:\/\/ariva.ag\/cases\/#primaryimage\"},\"thumbnailUrl\":\"https:\/\/ariva.ag\/wp-content\/uploads\/2026\/02\/ARIVA_Logo-orange-1.png\",\"datePublished\":\"2025-02-06T13:04:16+00:00\",\"dateModified\":\"2026-02-24T10:21:32+00:00\",\"description\":\"Entdecke unsere spannenden Cases und erhalte Einblicke in unsere Projekte zur Darstellung von Finanzdaten.\",\"breadcrumb\":{\"@id\":\"https:\/\/ariva.ag\/cases\/#breadcrumb\"},\"inLanguage\":\"da-DK\",\"potentialAction\":[{\"@type\":\"ReadAction\",\"target\":[\"https:\/\/ariva.ag\/cases\/\"]}]},{\"@type\":\"ImageObject\",\"inLanguage\":\"da-DK\",\"@id\":\"https:\/\/ariva.ag\/cases\/#primaryimage\",\"url\":\"https:\/\/ariva.ag\/wp-content\/uploads\/2026\/02\/ARIVA_Logo-orange-1.png\",\"contentUrl\":\"https:\/\/ariva.ag\/wp-content\/uploads\/2026\/02\/ARIVA_Logo-orange-1.png\",\"width\":2500,\"height\":1313},{\"@type\":\"BreadcrumbList\",\"@id\":\"https:\/\/ariva.ag\/cases\/#breadcrumb\",\"itemListElement\":[{\"@type\":\"ListItem\",\"position\":1,\"name\":\"Startseite\",\"item\":\"https:\/\/ariva.ag\/\"},{\"@type\":\"ListItem\",\"position\":2,\"name\":\"CASES\"}]},{\"@type\":\"WebSite\",\"@id\":\"https:\/\/ariva.ag\/#website\",\"url\":\"https:\/\/ariva.ag\/\",\"name\":\"ARIVA.AG\",\"description\":\"\",\"publisher\":{\"@id\":\"https:\/\/ariva.ag\/#organization\"},\"potentialAction\":[{\"@type\":\"SearchAction\",\"target\":{\"@type\":\"EntryPoint\",\"urlTemplate\":\"https:\/\/ariva.ag\/?s={search_term_string}\"},\"query-input\":{\"@type\":\"PropertyValueSpecification\",\"valueRequired\":true,\"valueName\":\"search_term_string\"}}],\"inLanguage\":\"da-DK\"},{\"@type\":\"Organization\",\"@id\":\"https:\/\/ariva.ag\/#organization\",\"name\":\"ARIVA: Finanzdaten sind unser Business\",\"url\":\"https:\/\/ariva.ag\/\",\"logo\":{\"@type\":\"ImageObject\",\"inLanguage\":\"da-DK\",\"@id\":\"https:\/\/ariva.ag\/#\/schema\/logo\/image\/\",\"url\":\"https:\/\/ariva.ag\/wp-content\/uploads\/2024\/08\/Ariva-AG-Logo.png\",\"contentUrl\":\"https:\/\/ariva.ag\/wp-content\/uploads\/2024\/08\/Ariva-AG-Logo.png\",\"width\":295,\"height\":88,\"caption\":\"ARIVA: Finanzdaten sind unser Business\"},\"image\":{\"@id\":\"https:\/\/ariva.ag\/#\/schema\/logo\/image\/\"},\"sameAs\":[\"https:\/\/de.linkedin.com\/company\/ariva-de-ag\"]}]}<\/script>\n<!-- \/ Yoast SEO Premium plugin. -->","yoast_head_json":{"title":"CASES","description":"Entdecke unsere spannenden Cases und erhalte Einblicke in unsere Projekte zur Darstellung von Finanzdaten.","robots":{"index":"index","follow":"follow","max-snippet":"max-snippet:-1","max-image-preview":"max-image-preview:large","max-video-preview":"max-video-preview:-1"},"canonical":"https:\/\/ariva.ag\/da\/cases\/","og_locale":"da_DK","og_type":"article","og_title":"ARIVA: Finanzdaten sind unser Business | [:de]CASES[:en]CASES[:da]CASES[:sv]CASES[:]","og_description":"[:de]CASES[:en]CASES[:da]CASES[:sv]CASES[:]","og_url":"https:\/\/ariva.ag\/da\/cases\/","og_site_name":"ARIVA: Finanzdaten sind unser Business","article_modified_time":"2026-02-24T10:21:32+00:00","og_image":[{"width":2500,"height":1313,"url":"https:\/\/ariva.ag\/wp-content\/uploads\/2026\/02\/ARIVA_Logo-orange-1.png","type":"image\/png"}],"twitter_card":"summary_large_image","twitter_misc":{"Estimeret l\u00e6setid":"3 minutter"},"schema":{"@context":"https:\/\/schema.org","@graph":[{"@type":"WebPage","@id":"https:\/\/ariva.ag\/cases\/","url":"https:\/\/ariva.ag\/cases\/","name":"CASES","isPartOf":{"@id":"https:\/\/ariva.ag\/#website"},"primaryImageOfPage":{"@id":"https:\/\/ariva.ag\/cases\/#primaryimage"},"image":{"@id":"https:\/\/ariva.ag\/cases\/#primaryimage"},"thumbnailUrl":"https:\/\/ariva.ag\/wp-content\/uploads\/2026\/02\/ARIVA_Logo-orange-1.png","datePublished":"2025-02-06T13:04:16+00:00","dateModified":"2026-02-24T10:21:32+00:00","description":"Entdecke unsere spannenden Cases und erhalte Einblicke in unsere Projekte zur Darstellung von Finanzdaten.","breadcrumb":{"@id":"https:\/\/ariva.ag\/cases\/#breadcrumb"},"inLanguage":"da-DK","potentialAction":[{"@type":"ReadAction","target":["https:\/\/ariva.ag\/cases\/"]}]},{"@type":"ImageObject","inLanguage":"da-DK","@id":"https:\/\/ariva.ag\/cases\/#primaryimage","url":"https:\/\/ariva.ag\/wp-content\/uploads\/2026\/02\/ARIVA_Logo-orange-1.png","contentUrl":"https:\/\/ariva.ag\/wp-content\/uploads\/2026\/02\/ARIVA_Logo-orange-1.png","width":2500,"height":1313},{"@type":"BreadcrumbList","@id":"https:\/\/ariva.ag\/cases\/#breadcrumb","itemListElement":[{"@type":"ListItem","position":1,"name":"Startseite","item":"https:\/\/ariva.ag\/"},{"@type":"ListItem","position":2,"name":"CASES"}]},{"@type":"WebSite","@id":"https:\/\/ariva.ag\/#website","url":"https:\/\/ariva.ag\/","name":"ARIVA.AG","description":"","publisher":{"@id":"https:\/\/ariva.ag\/#organization"},"potentialAction":[{"@type":"SearchAction","target":{"@type":"EntryPoint","urlTemplate":"https:\/\/ariva.ag\/?s={search_term_string}"},"query-input":{"@type":"PropertyValueSpecification","valueRequired":true,"valueName":"search_term_string"}}],"inLanguage":"da-DK"},{"@type":"Organization","@id":"https:\/\/ariva.ag\/#organization","name":"ARIVA: Finanzdaten sind unser Business","url":"https:\/\/ariva.ag\/","logo":{"@type":"ImageObject","inLanguage":"da-DK","@id":"https:\/\/ariva.ag\/#\/schema\/logo\/image\/","url":"https:\/\/ariva.ag\/wp-content\/uploads\/2024\/08\/Ariva-AG-Logo.png","contentUrl":"https:\/\/ariva.ag\/wp-content\/uploads\/2024\/08\/Ariva-AG-Logo.png","width":295,"height":88,"caption":"ARIVA: Finanzdaten sind unser Business"},"image":{"@id":"https:\/\/ariva.ag\/#\/schema\/logo\/image\/"},"sameAs":["https:\/\/de.linkedin.com\/company\/ariva-de-ag"]}]}},"_links":{"self":[{"href":"https:\/\/ariva.ag\/da\/wp-json\/wp\/v2\/pages\/4857","targetHints":{"allow":["GET"]}}],"collection":[{"href":"https:\/\/ariva.ag\/da\/wp-json\/wp\/v2\/pages"}],"about":[{"href":"https:\/\/ariva.ag\/da\/wp-json\/wp\/v2\/types\/page"}],"author":[{"embeddable":true,"href":"https:\/\/ariva.ag\/da\/wp-json\/wp\/v2\/users\/7"}],"replies":[{"embeddable":true,"href":"https:\/\/ariva.ag\/da\/wp-json\/wp\/v2\/comments?post=4857"}],"version-history":[{"count":67,"href":"https:\/\/ariva.ag\/da\/wp-json\/wp\/v2\/pages\/4857\/revisions"}],"predecessor-version":[{"id":11508,"href":"https:\/\/ariva.ag\/da\/wp-json\/wp\/v2\/pages\/4857\/revisions\/11508"}],"wp:featuredmedia":[{"embeddable":true,"href":"https:\/\/ariva.ag\/da\/wp-json\/wp\/v2\/media\/13319"}],"wp:attachment":[{"href":"https:\/\/ariva.ag\/da\/wp-json\/wp\/v2\/media?parent=4857"}],"curies":[{"name":"wp","href":"https:\/\/api.w.org\/{rel}","templated":true}]}}