{"id":11,"date":"2024-08-26T13:34:44","date_gmt":"2024-08-26T11:34:44","guid":{"rendered":"http:\/\/ariva-test.io.w01f41b5.kasserver.com\/?page_id=11"},"modified":"2026-01-27T13:15:14","modified_gmt":"2026-01-27T12:15:14","slug":"webservices","status":"publish","type":"page","link":"https:\/\/ariva.ag\/da\/webservices\/","title":{"rendered":"Webtjenester"},"content":{"rendered":"\n<div class=\"wp-block-media-text has-media-on-the-right is-stacked-on-mobile\" style=\"margin-bottom:75px\"><div class=\"wp-block-media-text__content\">\n<h1 class=\"wp-block-heading has-text-align-left site-headline has-h-1-font-size\" id=\"h-fuld-service\" style=\"padding-left:0px\">Fuld service<\/h1>\n\n\n\n<h2 class=\"wp-block-heading site-input has-h-2-font-size\" id=\"h-for-virksomheder-der-onsker-at-integrere-finansielle-data-i-deres-egne-hjemmesider-eller-applikationer-tilbyder-vi-fuld-service-i-webtjenesten-ved-hjaelp-af-vaerktojer-og-softwarelosninger-giver-vi-den-bedste-praesentation-og-analyse-af-finansielle-oplysninger\" style=\"padding-left:0px\">For virksomheder, der \u00f8nsker at integrere finansielle data i deres egne hjemmesider eller applikationer, tilbyder vi fuld service i webtjenesten. Ved hj\u00e6lp af v\u00e6rkt\u00f8jer og softwarel\u00f8sninger giver vi den bedste pr\u00e6sentation og analyse af finansielle oplysninger.<\/h2>\n\n\n<div class=\"wp-block-buttons invert is-content-justification-center is-layout-flex wp-container-core-buttons-is-layout-b5e9308e wp-block-buttons-is-layout-flex\" style=\"margin-top:0;margin-bottom:var(--wp--preset--spacing--50)\">\n<div class=\"wp-block-button invert\"><a class=\"wp-block-button__link wp-element-button\" href=\"https:\/\/ariva.ag\/da\/kontakt\/\">KONTAKT OS<\/a><\/div>\n<\/div><\/div><figure class=\"wp-block-media-text__media\"><img loading=\"lazy\" decoding=\"async\" width=\"1024\" height=\"683\" src=\"https:\/\/ariva.ag\/wp-content\/uploads\/2025\/07\/header_webservices_2025-1024x683.png\" alt=\"\" class=\"wp-image-8365 size-full\" srcset=\"https:\/\/ariva.ag\/wp-content\/uploads\/2025\/07\/header_webservices_2025-1024x683.png 1024w, https:\/\/ariva.ag\/wp-content\/uploads\/2025\/07\/header_webservices_2025-300x200.png 300w, https:\/\/ariva.ag\/wp-content\/uploads\/2025\/07\/header_webservices_2025-768x512.png 768w, https:\/\/ariva.ag\/wp-content\/uploads\/2025\/07\/header_webservices_2025-1536x1024.png 1536w, https:\/\/ariva.ag\/wp-content\/uploads\/2025\/07\/header_webservices_2025-2048x1366.png 2048w\" sizes=\"auto, (max-width: 1024px) 100vw, 1024px\" \/><\/figure><\/div>\n\n\n\n<h3 class=\"wp-block-heading has-text-align-center text-left-mobile has-foreground-color has-text-color has-link-color has-h-3-font-size wp-elements-70b5db5b66a699ae6dd9845ab6ac82cf\" id=\"h-klar-til-web-og-app\">Klar til Web og App<\/h3>\n\n\n\n<p class=\"has-text-align-center\">Vores l\u00f8sninger er s\u00e6rligt v\u00e6rdifulde for aktieb\u00f8rser, finansielle serviceudbydere, medievirksomheder, fintech startups og andre organisationer, der tilbyder deres kunder: indeni <strong>Realtime finansielle data<\/strong> uden at skulle opbygge en kompleks og kostbar datainfrastruktur. Takket v\u00e6re vores knowhow kan vi realisere komplette hjemmesidehosts og en fuld service p\u00e5 webtjenesten.<\/p>\n\n\n\n<div style=\"height:50px\" aria-hidden=\"true\" class=\"wp-block-spacer\"><\/div>\n\n\n\n<div class=\"wp-block-columns breiter is-layout-flex wp-container-core-columns-is-layout-28f84493 wp-block-columns-is-layout-flex\">\n<div class=\"wp-block-column is-layout-flow wp-block-column-is-layout-flow\">\n<a href=\"https:\/\/ariva.ag\/da\/webservices\/widgets\" class=\"orange-hover\" style=\"display: inline-block; height: 100%\">\n<img decoding=\"async\" src=\"\/wp-content\/uploads\/2025\/04\/icon_webservice_widgets.png\" alt=\"widgets-icon\" style=\"margin: 0 auto; display: block;\">\n\n<h3 class=\"text-left-mobile\" id=\"h-widgets\" style=\"color: #3C4F64; font-weight: bold; text-align: center;\">Widgets<\/h3>\n\n<p style=\"color: #3C4F64; text-align: center\">f.eks. varmekort, top\/flop lister, grafen, ticker og sm&aring; s&oslash;gninger. Med eller uden KPI&#8217;er.<\/p>\n<\/a>\n<\/div>\n\n\n\n<div class=\"wp-block-column is-layout-flow wp-block-column-is-layout-flow\">\n<a href=\"https:\/\/ariva.ag\/da\/webservices\/tools\" class=\"orange-hover\" style=\"display: inline-block; height: 100%\">\n<img decoding=\"async\" src=\"\/wp-content\/uploads\/2025\/04\/icon_webservice_tools.png\" alt=\"tools-icon\" style=\"margin: 0 auto; display: block;\">\n\n<h3 class=\"text-left-mobile\" id=\"h-widgets\" style=\"color: #3C4F64; font-weight: bold; text-align: center;\">V&aelig;rkt&oslash;jsv&aelig;rkt&oslash;jer<\/h3>\n\n<p style=\"color: #3C4F64; text-align: center\">f.eks. pr&aelig;stationsberegner, diagramanalyse, produktfinder og simuleringsv&aelig;rkt&oslash;jer.<\/p>\n<\/a>\n<\/div>\n\n\n\n<div class=\"wp-block-column is-layout-flow wp-block-column-is-layout-flow\">\n<a href=\"https:\/\/ariva.ag\/da\/webservices\/webhosting\" class=\"orange-hover\" style=\"display: inline-block; height: 100%\">\n<img decoding=\"async\" src=\"\/wp-content\/uploads\/2025\/04\/icon_webservice_websites.png\" alt=\"webhosting-icon\" style=\"margin: 0 auto; display: block;\">\n\n<h3 class=\"text-left-mobile\" id=\"h-widgets\" style=\"color: #3C4F64; font-weight: bold; text-align: center;\">Webbrowsere<\/h3>\n\n<p style=\"color: #3C4F64; text-align: center\">Vi leverer softwarel&oslash;sninger og komplette hostingtilbud til den finansielle sektor.<\/p>\n<\/a>\n<\/div>\n\n\n\n<div class=\"wp-block-column is-layout-flow wp-block-column-is-layout-flow\">\n<a href=\"https:\/\/ariva.ag\/da\/webservices\/prodo\" class=\"orange-hover\" style=\"display: inline-block; height: 100%\">\n<img decoding=\"async\" src=\"\/wp-content\/uploads\/2025\/04\/icon_webservice_prodo.png\" alt=\"prodo-icon\" style=\"margin: 0 auto; display: block;\">\n\n<h3 class=\"text-left-mobile\" id=\"h-widgets\" style=\"color: #3C4F64; font-weight: bold; text-align: center;\">prodo<\/h3>\n\n<p style=\"color: #3C4F64; text-align: center\">Vores SaaS v&aelig;rkt&oslash;j viser: brugere: egnede v&aelig;rdipapirer i det finansielle milj&oslash; og tilpasse dem i realtid.<\/p>\n<\/a>\n<\/div>\n<\/div>\n\n\n\n<div class=\"wp-block-cover alignfull has-parallax full-width mobile-hidden\"><div class=\"wp-block-cover__image-background wp-image-3617 has-parallax\" style=\"background-position:50% 50%;background-image:url(https:\/\/ariva.ag\/wp-content\/uploads\/2025\/01\/Regulatorik_still-edited-1024x675.png)\"><\/div><span aria-hidden=\"true\" class=\"wp-block-cover__background has-background-dim\"><\/span><div class=\"wp-block-cover__inner-container is-layout-flow wp-block-cover-is-layout-flow\">\n<div class=\"wp-block-columns are-vertically-aligned-center zitat is-layout-flex wp-container-core-columns-is-layout-28f84493 wp-block-columns-is-layout-flex\">\n<div class=\"wp-block-column is-vertically-aligned-center left-text is-layout-flow wp-block-column-is-layout-flow\" style=\"flex-basis:66.66%\">\n<p>Det personlige engagement og kompetence i vores kontakter p\u00e5 ARIVA skyldes den h\u00f8je tilg\u00e6ngelighed og p\u00e5lidelighed af vores hjemmeside samt dens l\u00f8bende tilpasning til skiftende brugerbehov.<\/p>\n<\/div>\n\n\n\n<div class=\"wp-block-column is-vertically-aligned-center right-text is-layout-flow wp-block-column-is-layout-flow\" style=\"flex-basis:33.33%\">\n<h3 class=\"wp-block-heading has-text-align-left has-h-2-font-size\" id=\"h-christoph-schuler\" style=\"padding-bottom:var(--wp--preset--spacing--50)\">Christoph Schuler<\/h3>\n\n\n\n<p class=\"has-text-align-left\">SIX Group AG<br>Byggechef<\/p>\n<\/div>\n<\/div>\n<\/div><\/div>\n\n\n\n<div style=\"height:50px\" aria-hidden=\"true\" class=\"wp-block-spacer\"><\/div>\n\n\n\n<div class=\"wp-block-group alignfull breiter has-global-padding is-layout-constrained wp-block-group-is-layout-constrained\">\n<div class=\"wp-block-columns is-layout-flex wp-container-core-columns-is-layout-28f84493 wp-block-columns-is-layout-flex\">\n<div class=\"wp-block-column is-layout-flow wp-block-column-is-layout-flow\">\n<h3 class=\"wp-block-heading headline-neben-bild has-h-3-font-size\" id=\"h-teknologi-moder-teamand\"><strong>Teknologi m\u00f8der team\u00e5nd<\/strong><\/h3>\n\n\n\n<p class=\"text-left\">Uanset om v\u00e6rkt\u00f8jer, widgets, hurtige eller omfattende softwarel\u00f8sninger \u2013 teamet sikrer, at <strong>Finansielle data overbevisende<\/strong>. Med masser af erfaring, ekspertise og en stor del af ambition <strong>vi har<\/strong> Banker, aktieb\u00f8rser, fintechs og mediehuse. Vi ledsager projekter <strong>fleksibel, effektiv og altid p\u00e5 \u00f8jenh\u00f8jde<\/strong> \u2013 fordi hver virksomhed, hver ans\u00f8gning og hvert m\u00e5l er anderledes. <\/p>\n<\/div>\n\n\n\n<div class=\"wp-block-column is-layout-flow wp-block-column-is-layout-flow\">\n<figure class=\"wp-block-image alignright size-full\"><img loading=\"lazy\" decoding=\"async\" width=\"2500\" height=\"1667\" src=\"https:\/\/ariva.ag\/wp-content\/uploads\/2025\/07\/Webservice_terrasse.jpg\" alt=\"\" class=\"wp-image-8407\" style=\"object-fit:cover\" srcset=\"https:\/\/ariva.ag\/wp-content\/uploads\/2025\/07\/Webservice_terrasse.jpg 2500w, https:\/\/ariva.ag\/wp-content\/uploads\/2025\/07\/Webservice_terrasse-300x200.jpg 300w, https:\/\/ariva.ag\/wp-content\/uploads\/2025\/07\/Webservice_terrasse-1024x683.jpg 1024w, https:\/\/ariva.ag\/wp-content\/uploads\/2025\/07\/Webservice_terrasse-768x512.jpg 768w, https:\/\/ariva.ag\/wp-content\/uploads\/2025\/07\/Webservice_terrasse-1536x1024.jpg 1536w, https:\/\/ariva.ag\/wp-content\/uploads\/2025\/07\/Webservice_terrasse-2048x1366.jpg 2048w\" sizes=\"auto, (max-width: 2500px) 100vw, 2500px\" \/><\/figure>\n<\/div>\n<\/div>\n\n\n\n<p class=\"text-left\">Arbejde i vores team <strong>Udvikler:inside for front eller backend og produktledere<\/strong> H\u00e5nd i h\u00e5nd \u2013 teknisk verd, t\u00e6t p\u00e5 markedet og altid kigge p\u00e5, hvad der t\u00e6ller for vores kunder: <strong>stabile systemer, rene data og en glat<\/strong> Brugere:intern erfaring. <\/p>\n\n\n\n<p class=\"text-left\">Samarbejdet med os er <strong>personlig, l\u00f8sningsorienteret, ukompliceret<\/strong>. Vi er \u00e5bne, engagerede og klar til nye projekter. M\u00e5ske snart med dig? <a href=\"https:\/\/ariva.ag\/kontakt\/\">Her her<\/a> G\u00e5 til vores kontaktformular.<\/p>\n<\/div>\n\n\n\n<div class=\"wp-block-group breiter has-global-padding is-layout-constrained wp-block-group-is-layout-constrained\" style=\"margin-bottom:var(--wp--preset--spacing--60)\">    <div class=\"cases-preview\">\n\t\t<div class=\"container\">\n\t\t\t<div class=\"arheadgl\">\n                <h2 class=\"ariva-cases-bubble\">ARIVA CASES<\/h2>\n            <\/div>\n\t\t\t<div class=\"cases-preview-list\">\n\t\t\t\t\t\t\t\t\t\t\t\t\t\t<a class=\"case featured cat_cases cat_cases_web_services\" href=\"https:\/\/ariva.ag\/da\/relaunch-deutsche-boerse\/\">\n\t\t\t\t\t\t\t\t\t\t\t    \t\t<img decoding=\"async\" class=\"thumbnail\" src=\"https:\/\/ariva.ag\/wp-content\/uploads\/2025\/12\/logoDeutsche_boerse.png\" alt=\"Relaunch Deutsche B\u00f6rse &#8211; das Ergebnis \u00fcberzeugt!\">\n\t\t\t\t\t\t                \t\t<span class=\"case-intro\"><p>Die Deutsche <span class=\"\" data-mobile-support=\"0\" data-gt-translate-attributes='[{\"attribute\":\"data-cmtooltip\", \"format\":\"html\"}]' tabindex=\"0\" role=\"link\">B&#xF6;rse<\/span> Group z&#xE4;hlt zu den bedeutendsten <span class=\"\" data-mobile-support=\"0\" data-gt-translate-attributes='[{\"attribute\":\"data-cmtooltip\", \"format\":\"html\"}]' tabindex=\"0\" role=\"link\">B&#xF6;rse<\/span>norganisationen weltweit und betreibt die Handelspl&#xE4;tze Deutsche <span class=\"\" data-mobile-support=\"0\" data-gt-translate-attributes='[{\"attribute\":\"data-cmtooltip\", \"format\":\"html\"}]' tabindex=\"0\" role=\"link\">B&#xF6;rse<\/span> Frankfurt und Deutsche <span class=\"\" data-mobile-support=\"0\" data-gt-translate-attributes='[{\"attribute\":\"data-cmtooltip\", \"format\":\"html\"}]' tabindex=\"0\" role=\"link\">B&#xF6;rse<\/span> Xetra f&uuml;r private und institutionelle Anleger:innen. Als zentrale <span class=\"\"  data-mobile-support=\"0\"  data-gt-translate-attributes='[{\"attribute\":\"data-cmtooltip\", \"format\":\"html\"}]' tabindex='0' role='link'>Markt<\/span>pl&auml;tze f&uuml;r <span class=\"\"  data-mobile-support=\"0\"  data-gt-translate-attributes='[{\"attribute\":\"data-cmtooltip\", \"format\":\"html\"}]' tabindex='0' role='link'>Aktie<\/span>n, Anleihen, <span class=\"\"  data-mobile-support=\"0\"  data-gt-translate-attributes='[{\"attribute\":\"data-cmtooltip\", \"format\":\"html\"}]' tabindex='0' role='link'>Fonds<\/span> und weitere Wertp<span class=\"\"  data-mobile-support=\"0\"  data-gt-translate-attributes='[{\"attribute\":\"data-cmtooltip\", \"format\":\"html\"}]' tabindex='0' role='link'>api<\/span>ere stellen die beiden verl&auml;ssliche Informationen, transparente <span class=\"\"  data-mobile-support=\"0\"  data-gt-translate-attributes='[{\"attribute\":\"data-cmtooltip\", \"format\":\"html\"}]' tabindex='0' role='link'>Markt<\/span>strukturen und modernste Technologie f&uuml;r Millionen von Nutzer:innen bereit. Kunde \/\/ Deutsche <span class=\"\" data-mobile-support=\"0\" data-gt-translate-attributes='[{\"attribute\":\"data-cmtooltip\", \"format\":\"html\"}]' tabindex=\"0\" role=\"link\">B&#xF6;rse<\/span> [&#x2026;]<\/p><\/span>\n\t\t\t\t\t<\/a>\n\t\t\t\t\t\t\t\t\t\t\t\t\t\t<a class=\"case featured cat_cases cat_cases_data cat_cases_web_services cat_e-paper-fintech\" href=\"https:\/\/ariva.ag\/da\/case-smartbroker\/\">\n\t\t\t\t\t\t\t\t\t\t\t    \t\t<img decoding=\"async\" class=\"thumbnail\" src=\"https:\/\/ariva.ag\/wp-content\/uploads\/2025\/02\/Unknown.png\" alt=\"Case Smartbroker\">\n\t\t\t\t\t\t                \t\t<span class=\"case-intro\"><p>ARIVA = Data leverand&#xF8;r De anvendte data findes i Implementering af implementering. ARIVA = konsulent Siden 1998 har vi besk&#xE6;ftiget os med finansielle data. Vores knowhow hj&#xE6;lper med at g&#xF8;re SMART<span class=\"\" data-mobile-support=\"0\" data-gt-translate-attributes='[{\"attribute\":\"data-cmtooltip\", \"format\":\"html\"}]' tabindex=\"0\" role=\"link\">BROKER<\/span>+ endnu bedre. ARIVA = familiemedlem I 2019 overtog murgaden:online AG (nu Smart<span class=\"\" data-mobile-support=\"0\" data-gt-translate-attributes='[{\"attribute\":\"data-cmtooltip\", \"format\":\"html\"}]' tabindex=\"0\" role=\"link\">broker<\/span> Holding AG) ARIVA. DE AG. Kundeservice \/\/ SMART<span class=\"\" data-mobile-support=\"0\" data-gt-translate-attributes='[{\"attribute\":\"data-cmtooltip\", \"format\":\"html\"}]' tabindex=\"0\" role=\"link\">BROKER<\/span> <span class=\"\"  data-mobile-support=\"0\"  data-gt-translate-attributes='[{\"attribute\":\"data-cmtooltip\", \"format\":\"html\"}]' tabindex='0' role='link'>Brief<\/span>ing \/\/ Finansielle data [&hellip;]<\/p><\/span>\n\t\t\t\t\t<\/a>\n\t\t\t\t\t\t\t\t\t\t\t\t\t\t<a class=\"case featured cat_cases cat_cases_web_services\" href=\"https:\/\/ariva.ag\/da\/case-adisfaction\/\">\n\t\t\t\t\t\t\t\t\t\t\t    \t\t<img decoding=\"async\" class=\"thumbnail\" src=\"https:\/\/ariva.ag\/wp-content\/uploads\/2025\/02\/adisfaction-annex.png\" alt=\"CASE Adisfaction\">\n\t\t\t\t\t\t                \t\t<span class=\"case-intro\"><p>Med prodo pr&#xE6;senteres brugerne med en bred vifte af h&#xE5;ndprodukter &#x2013; perfekt matchet til den respektive risikoprofil.<\/p><\/span>\n\t\t\t\t\t<\/a>\n\t\t\t\t\t\t\t<\/div>\n\t\t<\/div>\n    <\/div>\n<\/div>\n\n\n<div class=\"wp-block-buttons call-to-action has-accent-background-color has-background is-content-justification-center is-layout-flex wp-container-core-buttons-is-layout-44da0941 wp-block-buttons-is-layout-flex\" style=\"padding-top:var(--wp--preset--spacing--70);padding-bottom:var(--wp--preset--spacing--70)\">\n<div class=\"wp-block-button has-custom-width wp-block-button__width-25 invert\"><a class=\"wp-block-button__link wp-element-button\" href=\"javascript:history.back()\">\u2190 TILBAGE TIL OVERSIGT<\/a><\/div>\n\n\n\n<div class=\"wp-block-button has-custom-width wp-block-button__width-25 invert\"><a class=\"wp-block-button__link wp-element-button\" href=\"https:\/\/ariva.ag\/da\/kontakt\/\">KONTAKT OS<\/a><\/div>\n\n\n\n<div class=\"wp-block-button has-custom-width wp-block-button__width-25 invert\"><a class=\"wp-block-button__link wp-element-button\" href=\"https:\/\/ariva.ag\/ariva-news\/\">ARIVA NEWS<\/a><\/div>\n<\/div>","protected":false},"excerpt":{"rendered":"<p>Klar til Web og App Vores l&#xF8;sninger er s&#xE6;rligt v&#xE6;rdifulde for <span class=\"\" data-mobile-support=\"0\" data-gt-translate-attributes='[{\"attribute\":\"data-cmtooltip\", \"format\":\"html\"}]' tabindex=\"0\" role=\"link\"><span class=\"\"  data-mobile-support=\"0\"  data-gt-translate-attributes='[{\"attribute\":\"data-cmtooltip\", \"format\":\"html\"}]' tabindex='0' role='link'>aktie<\/span><\/span>b&#xF8;rser, finansielle serviceudbydere, medievirksomheder, fintech startups og andre organisationer, der tilbyder deres kunder: indeni Realtime finansielle data uden at skulle opbygge en kompleks og kostbar datainfrastruktur. Takket v&#xE6;re vores knowhow kan vi realisere komplette hjemmesidehosts og en fuld service p&#xE5; webtjenesten. Widgets f.eks. varmekort, [&#x2026;]<\/p>\n","protected":false},"author":2,"featured_media":13198,"parent":0,"menu_order":0,"comment_status":"closed","ping_status":"closed","template":"","meta":{"content-type":"","footnotes":""},"class_list":["post-11","page","type-page","status-publish","has-post-thumbnail","hentry"],"yoast_head":"<!-- This site is optimized with the Yoast SEO Premium plugin v27.2 (Yoast SEO v27.2) - https:\/\/yoast.com\/product\/yoast-seo-premium-wordpress\/ -->\n<title>Full Service im Web Service - ARIVA: Finanzdaten sind unser Business<\/title>\n<meta name=\"description\" content=\"Full Service im Web Service: \u00dcber die nahtlose Integration von APIs und wie ARIVA Deine Website mit Tools und L\u00f6sungen nach vorne bringt.\" \/>\n<meta name=\"robots\" content=\"index, follow, max-snippet:-1, max-image-preview:large, max-video-preview:-1\" \/>\n<link rel=\"canonical\" href=\"https:\/\/ariva.ag\/da\/webservices\/\" \/>\n<meta property=\"og:locale\" content=\"da_DK\" \/>\n<meta property=\"og:locale:alternate\" content=\"de_DE\" \/>\n<meta property=\"og:locale:alternate\" content=\"en_UK\" \/>\n<meta property=\"og:locale:alternate\" content=\"sv_SE\" \/>\n<meta property=\"og:type\" content=\"article\" \/>\n<meta property=\"og:title\" content=\"Webtjenester\" \/>\n<meta property=\"og:description\" content=\"Webtjenester\" \/>\n<meta property=\"og:url\" content=\"https:\/\/ariva.ag\/da\/webservices\/\" \/>\n<meta property=\"og:site_name\" content=\"ARIVA: Finanzdaten sind unser Business\" \/>\n<meta property=\"article:modified_time\" content=\"2026-01-27T12:15:14+00:00\" \/>\n<meta property=\"og:image\" content=\"https:\/\/ariva.ag\/wp-content\/uploads\/2026\/01\/ARIVA_Webservices_Beitrag.png\" \/>\n\t<meta property=\"og:image:width\" content=\"1200\" \/>\n\t<meta property=\"og:image:height\" content=\"630\" \/>\n\t<meta property=\"og:image:type\" content=\"image\/png\" \/>\n<meta name=\"twitter:card\" content=\"summary_large_image\" \/>\n<meta name=\"twitter:label1\" content=\"Estimeret l\u00e6setid\" \/>\n\t<meta name=\"twitter:data1\" content=\"9 minutter\" \/>\n<script type=\"application\/ld+json\" class=\"yoast-schema-graph\">{\"@context\":\"https:\/\/schema.org\",\"@graph\":[{\"@type\":\"WebPage\",\"@id\":\"https:\/\/ariva.ag\/webservices\/\",\"url\":\"https:\/\/ariva.ag\/webservices\/\",\"name\":\"Full Service im Web Service - ARIVA: Finanzdaten sind unser Business\",\"isPartOf\":{\"@id\":\"https:\/\/ariva.ag\/#website\"},\"primaryImageOfPage\":{\"@id\":\"https:\/\/ariva.ag\/webservices\/#primaryimage\"},\"image\":{\"@id\":\"https:\/\/ariva.ag\/webservices\/#primaryimage\"},\"thumbnailUrl\":\"https:\/\/ariva.ag\/wp-content\/uploads\/2026\/01\/ARIVA_Webservices_Beitrag.png\",\"datePublished\":\"2024-08-26T11:34:44+00:00\",\"dateModified\":\"2026-01-27T12:15:14+00:00\",\"description\":\"Full Service im Web Service: \u00dcber die nahtlose Integration von APIs und wie ARIVA Deine Website mit Tools und L\u00f6sungen nach vorne bringt.\",\"breadcrumb\":{\"@id\":\"https:\/\/ariva.ag\/webservices\/#breadcrumb\"},\"inLanguage\":\"da-DK\",\"potentialAction\":[{\"@type\":\"ReadAction\",\"target\":[\"https:\/\/ariva.ag\/webservices\/\"]}]},{\"@type\":\"ImageObject\",\"inLanguage\":\"da-DK\",\"@id\":\"https:\/\/ariva.ag\/webservices\/#primaryimage\",\"url\":\"https:\/\/ariva.ag\/wp-content\/uploads\/2026\/01\/ARIVA_Webservices_Beitrag.png\",\"contentUrl\":\"https:\/\/ariva.ag\/wp-content\/uploads\/2026\/01\/ARIVA_Webservices_Beitrag.png\",\"width\":1200,\"height\":630},{\"@type\":\"BreadcrumbList\",\"@id\":\"https:\/\/ariva.ag\/webservices\/#breadcrumb\",\"itemListElement\":[{\"@type\":\"ListItem\",\"position\":1,\"name\":\"Startseite\",\"item\":\"https:\/\/ariva.ag\/\"},{\"@type\":\"ListItem\",\"position\":2,\"name\":\"WEB SERVICES\"}]},{\"@type\":\"WebSite\",\"@id\":\"https:\/\/ariva.ag\/#website\",\"url\":\"https:\/\/ariva.ag\/\",\"name\":\"ARIVA.AG\",\"description\":\"\",\"publisher\":{\"@id\":\"https:\/\/ariva.ag\/#organization\"},\"potentialAction\":[{\"@type\":\"SearchAction\",\"target\":{\"@type\":\"EntryPoint\",\"urlTemplate\":\"https:\/\/ariva.ag\/?s={search_term_string}\"},\"query-input\":{\"@type\":\"PropertyValueSpecification\",\"valueRequired\":true,\"valueName\":\"search_term_string\"}}],\"inLanguage\":\"da-DK\"},{\"@type\":\"Organization\",\"@id\":\"https:\/\/ariva.ag\/#organization\",\"name\":\"ARIVA: Finanzdaten sind unser Business\",\"url\":\"https:\/\/ariva.ag\/\",\"logo\":{\"@type\":\"ImageObject\",\"inLanguage\":\"da-DK\",\"@id\":\"https:\/\/ariva.ag\/#\/schema\/logo\/image\/\",\"url\":\"https:\/\/ariva.ag\/wp-content\/uploads\/2024\/08\/Ariva-AG-Logo.png\",\"contentUrl\":\"https:\/\/ariva.ag\/wp-content\/uploads\/2024\/08\/Ariva-AG-Logo.png\",\"width\":295,\"height\":88,\"caption\":\"ARIVA: Finanzdaten sind unser Business\"},\"image\":{\"@id\":\"https:\/\/ariva.ag\/#\/schema\/logo\/image\/\"},\"sameAs\":[\"https:\/\/de.linkedin.com\/company\/ariva-de-ag\"]}]}<\/script>\n<!-- \/ Yoast SEO Premium plugin. -->","yoast_head_json":{"title":"Full Service im Web Service - ARIVA: Finanzdaten sind unser Business","description":"Full Service im Web Service: \u00dcber die nahtlose Integration von APIs und wie ARIVA Deine Website mit Tools und L\u00f6sungen nach vorne bringt.","robots":{"index":"index","follow":"follow","max-snippet":"max-snippet:-1","max-image-preview":"max-image-preview:large","max-video-preview":"max-video-preview:-1"},"canonical":"https:\/\/ariva.ag\/da\/webservices\/","og_locale":"da_DK","og_type":"article","og_title":"ARIVA: Finanzdaten sind unser Business | [:de]WEB SERVICES[:en]WEB SERVICES[:da]Webtjenester[:sv]WEB SERVICES[:]","og_description":"[:de]WEB SERVICES[:en]WEB SERVICES[:da]Webtjenester[:sv]WEB SERVICES[:]","og_url":"https:\/\/ariva.ag\/da\/webservices\/","og_site_name":"ARIVA: Finanzdaten sind unser Business","article_modified_time":"2026-01-27T12:15:14+00:00","og_image":[{"width":1200,"height":630,"url":"https:\/\/ariva.ag\/wp-content\/uploads\/2026\/01\/ARIVA_Webservices_Beitrag.png","type":"image\/png"}],"twitter_card":"summary_large_image","twitter_misc":{"Estimeret l\u00e6setid":"9 minutter"},"schema":{"@context":"https:\/\/schema.org","@graph":[{"@type":"WebPage","@id":"https:\/\/ariva.ag\/webservices\/","url":"https:\/\/ariva.ag\/webservices\/","name":"Full Service im Web Service - ARIVA: Finanzdaten sind unser Business","isPartOf":{"@id":"https:\/\/ariva.ag\/#website"},"primaryImageOfPage":{"@id":"https:\/\/ariva.ag\/webservices\/#primaryimage"},"image":{"@id":"https:\/\/ariva.ag\/webservices\/#primaryimage"},"thumbnailUrl":"https:\/\/ariva.ag\/wp-content\/uploads\/2026\/01\/ARIVA_Webservices_Beitrag.png","datePublished":"2024-08-26T11:34:44+00:00","dateModified":"2026-01-27T12:15:14+00:00","description":"Full Service im Web Service: \u00dcber die nahtlose Integration von APIs und wie ARIVA Deine Website mit Tools und L\u00f6sungen nach vorne bringt.","breadcrumb":{"@id":"https:\/\/ariva.ag\/webservices\/#breadcrumb"},"inLanguage":"da-DK","potentialAction":[{"@type":"ReadAction","target":["https:\/\/ariva.ag\/webservices\/"]}]},{"@type":"ImageObject","inLanguage":"da-DK","@id":"https:\/\/ariva.ag\/webservices\/#primaryimage","url":"https:\/\/ariva.ag\/wp-content\/uploads\/2026\/01\/ARIVA_Webservices_Beitrag.png","contentUrl":"https:\/\/ariva.ag\/wp-content\/uploads\/2026\/01\/ARIVA_Webservices_Beitrag.png","width":1200,"height":630},{"@type":"BreadcrumbList","@id":"https:\/\/ariva.ag\/webservices\/#breadcrumb","itemListElement":[{"@type":"ListItem","position":1,"name":"Startseite","item":"https:\/\/ariva.ag\/"},{"@type":"ListItem","position":2,"name":"WEB SERVICES"}]},{"@type":"WebSite","@id":"https:\/\/ariva.ag\/#website","url":"https:\/\/ariva.ag\/","name":"ARIVA.AG","description":"","publisher":{"@id":"https:\/\/ariva.ag\/#organization"},"potentialAction":[{"@type":"SearchAction","target":{"@type":"EntryPoint","urlTemplate":"https:\/\/ariva.ag\/?s={search_term_string}"},"query-input":{"@type":"PropertyValueSpecification","valueRequired":true,"valueName":"search_term_string"}}],"inLanguage":"da-DK"},{"@type":"Organization","@id":"https:\/\/ariva.ag\/#organization","name":"ARIVA: Finanzdaten sind unser Business","url":"https:\/\/ariva.ag\/","logo":{"@type":"ImageObject","inLanguage":"da-DK","@id":"https:\/\/ariva.ag\/#\/schema\/logo\/image\/","url":"https:\/\/ariva.ag\/wp-content\/uploads\/2024\/08\/Ariva-AG-Logo.png","contentUrl":"https:\/\/ariva.ag\/wp-content\/uploads\/2024\/08\/Ariva-AG-Logo.png","width":295,"height":88,"caption":"ARIVA: Finanzdaten sind unser Business"},"image":{"@id":"https:\/\/ariva.ag\/#\/schema\/logo\/image\/"},"sameAs":["https:\/\/de.linkedin.com\/company\/ariva-de-ag"]}]}},"_links":{"self":[{"href":"https:\/\/ariva.ag\/da\/wp-json\/wp\/v2\/pages\/11","targetHints":{"allow":["GET"]}}],"collection":[{"href":"https:\/\/ariva.ag\/da\/wp-json\/wp\/v2\/pages"}],"about":[{"href":"https:\/\/ariva.ag\/da\/wp-json\/wp\/v2\/types\/page"}],"author":[{"embeddable":true,"href":"https:\/\/ariva.ag\/da\/wp-json\/wp\/v2\/users\/2"}],"replies":[{"embeddable":true,"href":"https:\/\/ariva.ag\/da\/wp-json\/wp\/v2\/comments?post=11"}],"version-history":[{"count":318,"href":"https:\/\/ariva.ag\/da\/wp-json\/wp\/v2\/pages\/11\/revisions"}],"predecessor-version":[{"id":11531,"href":"https:\/\/ariva.ag\/da\/wp-json\/wp\/v2\/pages\/11\/revisions\/11531"}],"wp:featuredmedia":[{"embeddable":true,"href":"https:\/\/ariva.ag\/da\/wp-json\/wp\/v2\/media\/13198"}],"wp:attachment":[{"href":"https:\/\/ariva.ag\/da\/wp-json\/wp\/v2\/media?parent=11"}],"curies":[{"name":"wp","href":"https:\/\/api.w.org\/{rel}","templated":true}]}}